{"id":106,"date":"2011-08-21T22:52:44","date_gmt":"2011-08-21T20:52:44","guid":{"rendered":"http:\/\/cpsanguesa.educacion.navarra.es\/blogs\/?page_id=106"},"modified":"2025-11-03T12:11:49","modified_gmt":"2025-11-03T11:11:49","slug":"contacto","status":"publish","type":"page","link":"https:\/\/cpsanguesa.educacion.navarra.es\/blogs\/nuestro-centro\/contacto\/","title":{"rendered":"D\u00f3nde estamos"},"content":{"rendered":"\n<p><span style=\"color: #000000\">Colegio P\u00fablico de Educaci\u00f3n Infantil y Primaria <strong>Luis Gil<\/strong><\/span><br><span style=\"color: #000000\">Plaza San Salvador, s\/n.<\/span><br><span style=\"color: #000000\">31400 Sang\u00fcesa-Zangoza<\/span><br><span style=\"color: #000000\">Navarra<\/span><\/p>\n\n\n\n<p><span style=\"color: #000000\">Tel\u00e9fono: 948 87 14 18<\/span><\/p>\n\n\n\n<p>Centro y Direcci\u00f3n: <a href=\"mailto:cpsangue@educacion.navarra.es\">cpsangue@educacion.navarra.es<\/a><\/p>\n\n\n\n<p>Jefatura de Estudios: <a href=\"mailto:cpsangue-jefatestudios@educacion.navarra.es\">cpsangue-jefatestudios@educacion.navarra.es<\/a><\/p>\n\n\n\n<p>Secretar\u00eda: <a href=\"mailto:cpsangue-secretaria@educacion.navarra.es\">cpsangue-secretaria@educacion.navarra.es<\/a><\/p>\n\n\n\n<p>Administraci\u00f3n: <a href=\"mailto:cpsangue-administrativo@educacion.navarra.es\">cpsangue-administrativo@educacion.navarra.es<\/a><\/p>\n\n\n\n<p>Orientadora escolar: <a href=\"mailto:cpsangue-orientacion@educacion.navarra.es\">cpsangue-orientacion@educacion.navarra.es<\/a><\/p>\n\n\n\n<iframe src=\"https:\/\/www.google.com\/maps\/embed?pb=!1m14!1m8!1m3!1d5876.215443876793!2d-1.284998!3d42.574236!3m2!1i1024!2i768!4f13.1!3m3!1m2!1s0xd5a09c9a521675d%3A0xe93b9937bbd9548!2sCPEIP%20Sang%C3%BCesa%20Luis%20Gil%20HLHIP!5e0!3m2!1ses!2ses!4v1692878030647!5m2!1ses!2ses\" width=\"600\" height=\"450\" style=\"border:0;\" allowfullscreen=\"\" loading=\"lazy\" referrerpolicy=\"no-referrer-when-downgrade\"><\/iframe>\n","protected":false},"excerpt":{"rendered":"<p>Colegio P\u00fablico de Educaci\u00f3n Infantil y Primaria Luis GilPlaza San Salvador, s\/n.31400 Sang\u00fcesa-ZangozaNavarra Tel\u00e9fono: 948 87 14 18 Centro y Direcci\u00f3n: cpsangue@educacion.navarra.es Jefatura de Estudios: cpsangue-jefatestudios@educacion.navarra.es Secretar\u00eda: cpsangue-secretaria@educacion.navarra.es Administraci\u00f3n: cpsangue-administrativo@educacion.navarra.es Orientadora escolar: cpsangue-orientacion@educacion.navarra.es<\/p>\n","protected":false},"author":1,"featured_media":0,"parent":9,"menu_order":2,"comment_status":"closed","ping_status":"closed","template":"","meta":{"_editorskit_title_hidden":false,"_editorskit_reading_time":1,"_editorskit_is_block_options_detached":false,"_editorskit_block_options_position":"{}","_genesis_hide_title":false,"_genesis_hide_breadcrumbs":false,"_genesis_hide_singular_image":false,"_genesis_hide_footer_widgets":false,"_genesis_custom_body_class":"","_genesis_custom_post_class":"","_genesis_layout":"","ngg_post_thumbnail":0},"_links":{"self":[{"href":"https:\/\/cpsanguesa.educacion.navarra.es\/blogs\/wp-json\/wp\/v2\/pages\/106"}],"collection":[{"href":"https:\/\/cpsanguesa.educacion.navarra.es\/blogs\/wp-json\/wp\/v2\/pages"}],"about":[{"href":"https:\/\/cpsanguesa.educacion.navarra.es\/blogs\/wp-json\/wp\/v2\/types\/page"}],"author":[{"embeddable":true,"href":"https:\/\/cpsanguesa.educacion.navarra.es\/blogs\/wp-json\/wp\/v2\/users\/1"}],"replies":[{"embeddable":true,"href":"https:\/\/cpsanguesa.educacion.navarra.es\/blogs\/wp-json\/wp\/v2\/comments?post=106"}],"version-history":[{"count":0,"href":"https:\/\/cpsanguesa.educacion.navarra.es\/blogs\/wp-json\/wp\/v2\/pages\/106\/revisions"}],"up":[{"embeddable":true,"href":"https:\/\/cpsanguesa.educacion.navarra.es\/blogs\/wp-json\/wp\/v2\/pages\/9"}],"wp:attachment":[{"href":"https:\/\/cpsanguesa.educacion.navarra.es\/blogs\/wp-json\/wp\/v2\/media?parent=106"}],"curies":[{"name":"wp","href":"https:\/\/api.w.org\/{rel}","templated":true}]}}