{"id":1098,"date":"2014-10-15T21:47:20","date_gmt":"2014-10-15T19:47:20","guid":{"rendered":"http:\/\/cpsanguesa.educacion.navarra.es\/blogs\/?page_id=1098"},"modified":"2015-02-09T19:20:48","modified_gmt":"2015-02-09T18:20:48","slug":"desarrollo-personal","status":"publish","type":"page","link":"https:\/\/cpsanguesa.educacion.navarra.es\/blogs\/familias\/desarrollo-personal\/","title":{"rendered":"Desarrollo Personal"},"content":{"rendered":"<h5><span style=\"color: #ab2668;\">\u00a0Desarrollo Psicol\u00f3gico. 3-6 a\u00f1os. Gobierno de Navarra.<\/span><\/h5>\n<p><center><\/p>\n<div data-configid=\"1764218\/11348031\" style=\"width:525px; height:271px;\" class=\"issuuembed\"><\/div>\n<p><script type=\"text\/javascript\" src=\"\/\/e.issuu.com\/embed.js\" async=\"true\"><\/script><\/center><br \/>\n&nbsp;<\/p>\n<h5><span style=\"color: #ab2668;\">Desarrollo de conductas responsables. 3-12 a\u00f1os. Gobierno de Navarra.<\/span><\/h5>\n<p><center><iframe loading=\"lazy\" src=\"\/\/e.issuu.com\/embed.html#1764269\/9738982\" width=\"525\" height=\"271\" frameborder=\"0\" allowfullscreen=\"allowfullscreen\"><\/iframe><\/center><\/p>\n","protected":false},"excerpt":{"rendered":"<p>\u00a0Desarrollo Psicol\u00f3gico. 3-6 a\u00f1os. Gobierno de Navarra. &nbsp; Desarrollo de conductas responsables. 3-12 a\u00f1os. Gobierno de Navarra.<\/p>\n","protected":false},"author":1,"featured_media":0,"parent":54,"menu_order":4,"comment_status":"closed","ping_status":"open","template":"","meta":{"_editorskit_title_hidden":false,"_editorskit_reading_time":0,"_editorskit_is_block_options_detached":false,"_editorskit_block_options_position":"{}","_genesis_hide_title":false,"_genesis_hide_breadcrumbs":false,"_genesis_hide_singular_image":false,"_genesis_hide_footer_widgets":false,"_genesis_custom_body_class":"","_genesis_custom_post_class":"","_genesis_layout":"","ngg_post_thumbnail":0},"_links":{"self":[{"href":"https:\/\/cpsanguesa.educacion.navarra.es\/blogs\/wp-json\/wp\/v2\/pages\/1098"}],"collection":[{"href":"https:\/\/cpsanguesa.educacion.navarra.es\/blogs\/wp-json\/wp\/v2\/pages"}],"about":[{"href":"https:\/\/cpsanguesa.educacion.navarra.es\/blogs\/wp-json\/wp\/v2\/types\/page"}],"author":[{"embeddable":true,"href":"https:\/\/cpsanguesa.educacion.navarra.es\/blogs\/wp-json\/wp\/v2\/users\/1"}],"replies":[{"embeddable":true,"href":"https:\/\/cpsanguesa.educacion.navarra.es\/blogs\/wp-json\/wp\/v2\/comments?post=1098"}],"version-history":[{"count":0,"href":"https:\/\/cpsanguesa.educacion.navarra.es\/blogs\/wp-json\/wp\/v2\/pages\/1098\/revisions"}],"up":[{"embeddable":true,"href":"https:\/\/cpsanguesa.educacion.navarra.es\/blogs\/wp-json\/wp\/v2\/pages\/54"}],"wp:attachment":[{"href":"https:\/\/cpsanguesa.educacion.navarra.es\/blogs\/wp-json\/wp\/v2\/media?parent=1098"}],"curies":[{"name":"wp","href":"https:\/\/api.w.org\/{rel}","templated":true}]}}