{"id":114,"date":"2011-08-25T00:27:59","date_gmt":"2011-08-24T22:27:59","guid":{"rendered":"http:\/\/cpsanguesa.educacion.navarra.es\/blogs\/?page_id=114"},"modified":"2025-08-08T10:40:03","modified_gmt":"2025-08-08T08:40:03","slug":"oferta-educativa","status":"publish","type":"page","link":"https:\/\/cpsanguesa.educacion.navarra.es\/blogs\/nuestro-centro\/oferta-educativa\/","title":{"rendered":"Oferta Educativa"},"content":{"rendered":"\n<div class=\"wp-block-image\"><figure class=\"aligncenter size-full\"><img loading=\"lazy\" width=\"937\" height=\"214\" src=\"https:\/\/cpsanguesa.educacion.navarra.es\/blogs\/wp-content\/uploads\/2019\/04\/Oferta-Educativa-01-mod.jpg\" alt=\"\" class=\"wp-image-2395\" srcset=\"https:\/\/cpsanguesa.educacion.navarra.es\/blogs\/wp-content\/uploads\/2019\/04\/Oferta-Educativa-01-mod.jpg 937w, https:\/\/cpsanguesa.educacion.navarra.es\/blogs\/wp-content\/uploads\/2019\/04\/Oferta-Educativa-01-mod-300x69.jpg 300w, https:\/\/cpsanguesa.educacion.navarra.es\/blogs\/wp-content\/uploads\/2019\/04\/Oferta-Educativa-01-mod-768x175.jpg 768w\" sizes=\"(max-width: 937px) 100vw, 937px\" \/><\/figure><\/div>\n\n\n<p><span style=\"color: #000000;\">El Colegio P\u00fablico<strong> Luis Gil<\/strong>&nbsp;es un centro comarcal, al que acude el alumnado de Sang\u00fcesa y de las localidades de su demarcaci\u00f3n que no cuentan con colegio p\u00fablico. La oferta educativa, enmarcada en el <strong><a style=\"color: #000000;\" href=\"https:\/\/cpsanguesa.educacion.navarra.es\/blogs\/til\/\">Programa de Aprendizaje en Ingl\u00e9s (PAI)<\/a><\/strong> es la siguiente:<\/span><\/p>\n<ul>\n<li><span style=\"color: #a81c6d;\"><a style=\"color: #a81c6d;\" href=\"https:\/\/cpsanguesa.educacion.navarra.es\/blogs\/educacion-infantil\/\"><strong>Educaci\u00f3n Infantil<\/strong> (segundo ciclo): <strong>de los 3 a los 5 a\u00f1os.<\/strong><\/a> <\/span>\n<ul>\n<li><span style=\"color: #000000;\">Comprende tres cursos: 1\u00ba, 2\u00ba y 3\u00ba de Educaci\u00f3n Infantil.<\/span><\/li>\n<li><span style=\"color: #000000;\">Dos Modelos Ling\u00fc\u00edsticos: G-PAI y A-PAI.<\/span><\/li>\n<\/ul>\n<\/li>\n<li><span style=\"color: #000000;\"><a style=\"color: #000000;\" href=\"https:\/\/cpsanguesa.educacion.navarra.es\/blogs\/educacion-primaria-consolidacion-de-competencias-clave\/\"><span style=\"color: #1b6078;\"><strong>Educaci\u00f3n Primaria: de los 6 a&nbsp; los 12 a\u00f1os<\/strong><\/span>. <\/a><\/span>\n<ul>\n<li><span style=\"color: #000000;\">Comprende seis cursos: 1\u00ba, 2\u00ba, 3\u00ba, 4\u00ba, 5\u00ba y 6\u00ba de Educaci\u00f3n Primaria.<\/span><\/li>\n<li><span style=\"color: #000000;\">Dos Modelos Ling\u00fc\u00edsticos: G-PAI y A-PAI.<\/span><\/li>\n<\/ul>\n<\/li>\n<li><span style=\"color: #5a731b;\"><strong><a style=\"color: #5a731b;\" href=\"https:\/\/cpsanguesa.educacion.navarra.es\/blogs\/aula-alternativa-de-educacion-especial\/\">Estructuras Espec\u00edficas de Educaci\u00f3n Especial.<\/a><\/strong><\/span><\/li>\n<li><span style=\"color: #000000;\">Centro de referencia del Modelo D-PAI en la zona.<\/span><\/li>\n<li><span style=\"color: #000000;\">Atenci\u00f3n a la diversidad del alumnado.<\/span>\n<ul>\n<li><span style=\"color: #000000;\">Orientaci\u00f3n psicopedag\u00f3gica: orientadora escolar.<\/span><\/li>\n<li><span style=\"color: #000000;\">Especialistas de Logopedia.<\/span><\/li>\n<li><span style=\"color: #000000;\">Especialistas de Pedagog\u00eda Terap\u00e9utica.<\/span><\/li>\n<li><span style=\"color: #000000;\">Especialistas de Apoyo Educativo.<\/span><\/li>\n<li><span style=\"color: #000000;\">Fisioterapeuta.<\/span><\/li>\n<\/ul>\n<\/li>\n<li><span style=\"color: #000000;\">Centro Formador de estudiantes del Grado de Magisterio en colaboraci\u00f3n con:<\/span>\n<ul>\n<li><span style=\"color: #000000;\">UNAV. Universidad de Navarra.<\/span><\/li>\n<li><span style=\"color: #000000;\">UPNA. Universidad p\u00fablica de Navarra.<\/span><\/li>\n<li><span style=\"color: #000000;\">UNIR. Universidad de La Rioja.<\/span><\/li>\n<\/ul>\n<\/li>\n<\/ul>","protected":false},"excerpt":{"rendered":"<p>El Colegio P\u00fablico Luis Gil&nbsp;es un centro comarcal, al que acude el alumnado de Sang\u00fcesa y de las localidades de su demarcaci\u00f3n que no cuentan con colegio p\u00fablico. La oferta educativa, enmarcada en el Programa de Aprendizaje en Ingl\u00e9s (PAI) es la siguiente: Educaci\u00f3n Infantil (segundo ciclo): de los 3 a los 5 a\u00f1os. Comprende [&hellip;]<\/p>\n","protected":false},"author":1,"featured_media":0,"parent":9,"menu_order":3,"comment_status":"closed","ping_status":"closed","template":"","meta":{"_editorskit_title_hidden":false,"_editorskit_reading_time":1,"_editorskit_is_block_options_detached":false,"_editorskit_block_options_position":"{}","_genesis_hide_title":false,"_genesis_hide_breadcrumbs":false,"_genesis_hide_singular_image":false,"_genesis_hide_footer_widgets":false,"_genesis_custom_body_class":"","_genesis_custom_post_class":"","_genesis_layout":"","ngg_post_thumbnail":0},"_links":{"self":[{"href":"https:\/\/cpsanguesa.educacion.navarra.es\/blogs\/wp-json\/wp\/v2\/pages\/114"}],"collection":[{"href":"https:\/\/cpsanguesa.educacion.navarra.es\/blogs\/wp-json\/wp\/v2\/pages"}],"about":[{"href":"https:\/\/cpsanguesa.educacion.navarra.es\/blogs\/wp-json\/wp\/v2\/types\/page"}],"author":[{"embeddable":true,"href":"https:\/\/cpsanguesa.educacion.navarra.es\/blogs\/wp-json\/wp\/v2\/users\/1"}],"replies":[{"embeddable":true,"href":"https:\/\/cpsanguesa.educacion.navarra.es\/blogs\/wp-json\/wp\/v2\/comments?post=114"}],"version-history":[{"count":0,"href":"https:\/\/cpsanguesa.educacion.navarra.es\/blogs\/wp-json\/wp\/v2\/pages\/114\/revisions"}],"up":[{"embeddable":true,"href":"https:\/\/cpsanguesa.educacion.navarra.es\/blogs\/wp-json\/wp\/v2\/pages\/9"}],"wp:attachment":[{"href":"https:\/\/cpsanguesa.educacion.navarra.es\/blogs\/wp-json\/wp\/v2\/media?parent=114"}],"curies":[{"name":"wp","href":"https:\/\/api.w.org\/{rel}","templated":true}]}}