{"id":1698,"date":"2017-09-07T20:34:26","date_gmt":"2017-09-07T18:34:26","guid":{"rendered":"http:\/\/cpsanguesa.educacion.navarra.es\/blogs\/?page_id=1698"},"modified":"2025-08-11T12:23:47","modified_gmt":"2025-08-11T10:23:47","slug":"protocolo-de-agresiones-externas","status":"publish","type":"page","link":"https:\/\/cpsanguesa.educacion.navarra.es\/blogs\/protocolo-de-agresiones-externas\/","title":{"rendered":"Protocolo de Agresiones Externas"},"content":{"rendered":"<p>&nbsp;<\/p>\n<p><em><a href=\"https:\/\/www.educacion.navarra.es\/documents\/57308\/57782\/Agresiones_web_Cas.pdf\/b11014a3-f7da-4495-ab22-55f1acd0eb19\"><img loading=\"lazy\" class=\"alignleft wp-image-1701\" src=\"https:\/\/cpsanguesa.educacion.navarra.es\/blogs\/wp-content\/uploads\/2017\/09\/Protocolo_Portada-300x300.jpg\" alt=\"\" width=\"290\" height=\"290\" srcset=\"https:\/\/cpsanguesa.educacion.navarra.es\/blogs\/wp-content\/uploads\/2017\/09\/Protocolo_Portada-300x300.jpg 300w, https:\/\/cpsanguesa.educacion.navarra.es\/blogs\/wp-content\/uploads\/2017\/09\/Protocolo_Portada-150x150.jpg 150w, https:\/\/cpsanguesa.educacion.navarra.es\/blogs\/wp-content\/uploads\/2017\/09\/Protocolo_Portada-96x96.jpg 96w, https:\/\/cpsanguesa.educacion.navarra.es\/blogs\/wp-content\/uploads\/2017\/09\/Protocolo_Portada-24x24.jpg 24w, https:\/\/cpsanguesa.educacion.navarra.es\/blogs\/wp-content\/uploads\/2017\/09\/Protocolo_Portada-36x36.jpg 36w, https:\/\/cpsanguesa.educacion.navarra.es\/blogs\/wp-content\/uploads\/2017\/09\/Protocolo_Portada-48x48.jpg 48w, https:\/\/cpsanguesa.educacion.navarra.es\/blogs\/wp-content\/uploads\/2017\/09\/Protocolo_Portada-64x64.jpg 64w, https:\/\/cpsanguesa.educacion.navarra.es\/blogs\/wp-content\/uploads\/2017\/09\/Protocolo_Portada.jpg 733w\" sizes=\"(max-width: 290px) 100vw, 290px\" \/><\/a><\/em><\/p>\n<p><em>\u201cLas direcciones de los centros educativos notificar\u00e1n y activar\u00e1n de oficio el protocolo de agresi\u00f3n externa cuando ocurra una agresi\u00f3n al personal docente y no docente de los centros educativos de la Comunidad Foral de Navarra.<\/em><br \/>\n<em>Las direcciones de los centros educativos informar\u00e1n en los claustros, de manera obligatoria, de la existencia del protocolo de actuaci\u00f3n frente a las agresiones externas. Tambi\u00e9n se informar\u00e1 de ello, en igual medida, al personal no docente en una reuni\u00f3n espec\u00edfica al comienzo del curso.<\/em><br \/>\n<em>En las p\u00e1ginas Web de todos los centros educativos de la Comunidad Foral de Navarra se colgar\u00e1 dicho protocolo de actuaci\u00f3n frente a agresiones externas, en un lugar prioritario y de f\u00e1cil visibilidad. Igualmente, figurar\u00e1 en la documentaci\u00f3n interna de los centros: Internet, drive, etc.<\/em><br \/>\n<em>En las p\u00e1ginas Web de todos los centros educativos de la Comunidad Foral de Navarra se colgar\u00e1 la informaci\u00f3n relativa a las funciones y datos de contacto de los Delegados de Prevenci\u00f3n del Departamento de Educaci\u00f3n, en un lugar prioritario y de f\u00e1cil visibilidad.<\/em><br \/>\n<em>Las direcciones de los centros educativos dar\u00e1n a conocer, de manera obligatoria, en las reuniones con las familias, dicho protocolo de actuaci\u00f3n frente a agresiones externas.\u201d<\/em><\/p>\n<p>Este protocolo recoge las actuaciones a seguir en caso de que personal adscrito al Departamento de Educaci\u00f3n sea objeto de alguna de las siguientes conductas en el ejercicio de su actividad profesional o como consecuencia directa de la misma, por parte de personas externas a la organizaci\u00f3n (alumnos, ex alumnos, usuarios, padres y madres, etc.).<\/p>\n<ul>\n<li>Violencia f\u00edsica.<\/li>\n<li>Amenazas, insultos o conductas intimidatorias.<\/li>\n<li>Da\u00f1os materiales.<\/li>\n<\/ul>\n<p style=\"text-align: center;\"><span style=\"color: #5a731b;\"><strong><a style=\"color: #5a731b;\" href=\"https:\/\/www.educacion.navarra.es\/documents\/57308\/57782\/Agresiones_web_Cas.pdf\/b11014a3-f7da-4495-ab22-55f1acd0eb19\" target=\"_blank\" rel=\"noopener noreferrer\">Protocolo de actuaci\u00f3n ante agresiones externas al personal del Departamento de Educaci\u00f3n<\/a>.<\/strong><\/span><\/p>\n<p style=\"text-align: center;\"><span style=\"color: #5a731b;\"><strong><a style=\"color: #5a731b;\" href=\"https:\/\/www.educacion.navarra.es\/documents\/57308\/57782\/hoja_registr_agresi__n_Autocumplim.pdf\/4ace2a07-398f-40b0-85b2-9802fab196cf\" target=\"_blank\" rel=\"noopener noreferrer\">Hoja de registro y notificaci\u00f3n de agresiones externas<\/a>.<\/strong><\/span><\/p>\n","protected":false},"excerpt":{"rendered":"<p>&nbsp; \u201cLas direcciones de los centros educativos notificar\u00e1n y activar\u00e1n de oficio el protocolo de agresi\u00f3n externa cuando ocurra una agresi\u00f3n al personal docente y no docente de los centros educativos de la Comunidad Foral de Navarra. Las direcciones de los centros educativos informar\u00e1n en los claustros, de manera obligatoria, de la existencia del protocolo [&hellip;]<\/p>\n","protected":false},"author":1,"featured_media":0,"parent":0,"menu_order":0,"comment_status":"closed","ping_status":"closed","template":"","meta":{"_editorskit_title_hidden":false,"_editorskit_reading_time":0,"_editorskit_is_block_options_detached":false,"_editorskit_block_options_position":"{}","_genesis_hide_title":false,"_genesis_hide_breadcrumbs":false,"_genesis_hide_singular_image":false,"_genesis_hide_footer_widgets":false,"_genesis_custom_body_class":"","_genesis_custom_post_class":"","_genesis_layout":"","ngg_post_thumbnail":0},"_links":{"self":[{"href":"https:\/\/cpsanguesa.educacion.navarra.es\/blogs\/wp-json\/wp\/v2\/pages\/1698"}],"collection":[{"href":"https:\/\/cpsanguesa.educacion.navarra.es\/blogs\/wp-json\/wp\/v2\/pages"}],"about":[{"href":"https:\/\/cpsanguesa.educacion.navarra.es\/blogs\/wp-json\/wp\/v2\/types\/page"}],"author":[{"embeddable":true,"href":"https:\/\/cpsanguesa.educacion.navarra.es\/blogs\/wp-json\/wp\/v2\/users\/1"}],"replies":[{"embeddable":true,"href":"https:\/\/cpsanguesa.educacion.navarra.es\/blogs\/wp-json\/wp\/v2\/comments?post=1698"}],"version-history":[{"count":0,"href":"https:\/\/cpsanguesa.educacion.navarra.es\/blogs\/wp-json\/wp\/v2\/pages\/1698\/revisions"}],"wp:attachment":[{"href":"https:\/\/cpsanguesa.educacion.navarra.es\/blogs\/wp-json\/wp\/v2\/media?parent=1698"}],"curies":[{"name":"wp","href":"https:\/\/api.w.org\/{rel}","templated":true}]}}