{"id":1703,"date":"2025-09-19T13:00:00","date_gmt":"2025-09-19T11:00:00","guid":{"rendered":"http:\/\/cpsanguesa.educacion.navarra.es\/blogs\/?page_id=1703"},"modified":"2025-09-18T16:04:31","modified_gmt":"2025-09-18T14:04:31","slug":"actividades-extraescolares-del-profesorado","status":"publish","type":"page","link":"https:\/\/cpsanguesa.educacion.navarra.es\/blogs\/actividades-extraescolares-del-profesorado\/","title":{"rendered":"Actividades de atenci\u00f3n al alumnado en horario de tarde impartidas por el Profesorado 2025-2026"},"content":{"rendered":"\n<p>De octubre a mayo en horario<strong> de 15:40 h a 16:25 h.<\/strong><\/p>\n\n\n\n<p><a href=\"https:\/\/docs.google.com\/forms\/d\/e\/1FAIpQLSdMgHxbFqsvH_XxUiHzagJKqpHZqjWnukUlawSimToYEbg7og\/viewform\" class=\"ek-link\">Acceso al FORMULARIO de Inscripci\u00f3n<\/a><\/p>\n\n\n\n<p>PLAZO PARA LA INSCRIPCI\u00d3N HASTA EL <strong>MI\u00c9RCOLES 24 DE SEPTIEMBRE<\/strong>.<\/p>\n\n\n\n<figure class=\"wp-block-image size-large is-style-editorskit-shadow\"><img loading=\"lazy\" width=\"1024\" height=\"699\" src=\"https:\/\/cpsanguesa.educacion.navarra.es\/blogs\/wp-content\/uploads\/2025\/09\/AAAHT-25-26-1024x699.jpg\" alt=\"\" class=\"wp-image-5517\" srcset=\"https:\/\/cpsanguesa.educacion.navarra.es\/blogs\/wp-content\/uploads\/2025\/09\/AAAHT-25-26-1024x699.jpg 1024w, https:\/\/cpsanguesa.educacion.navarra.es\/blogs\/wp-content\/uploads\/2025\/09\/AAAHT-25-26-300x205.jpg 300w, https:\/\/cpsanguesa.educacion.navarra.es\/blogs\/wp-content\/uploads\/2025\/09\/AAAHT-25-26-768x525.jpg 768w, https:\/\/cpsanguesa.educacion.navarra.es\/blogs\/wp-content\/uploads\/2025\/09\/AAAHT-25-26.jpg 1227w\" sizes=\"(max-width: 1024px) 100vw, 1024px\" \/><\/figure>\n\n\n\n<p><\/p>\n","protected":false},"excerpt":{"rendered":"<p>De octubre a mayo en horario de 15:40 h a 16:25 h. Acceso al FORMULARIO de Inscripci\u00f3n PLAZO PARA LA INSCRIPCI\u00d3N HASTA EL MI\u00c9RCOLES 24 DE SEPTIEMBRE.<\/p>\n","protected":false},"author":1,"featured_media":0,"parent":0,"menu_order":0,"comment_status":"closed","ping_status":"closed","template":"","meta":{"_editorskit_title_hidden":false,"_editorskit_reading_time":1,"_editorskit_is_block_options_detached":false,"_editorskit_block_options_position":"{}","_genesis_hide_title":false,"_genesis_hide_breadcrumbs":false,"_genesis_hide_singular_image":false,"_genesis_hide_footer_widgets":false,"_genesis_custom_body_class":"","_genesis_custom_post_class":"","_genesis_layout":"","ngg_post_thumbnail":0},"_links":{"self":[{"href":"https:\/\/cpsanguesa.educacion.navarra.es\/blogs\/wp-json\/wp\/v2\/pages\/1703"}],"collection":[{"href":"https:\/\/cpsanguesa.educacion.navarra.es\/blogs\/wp-json\/wp\/v2\/pages"}],"about":[{"href":"https:\/\/cpsanguesa.educacion.navarra.es\/blogs\/wp-json\/wp\/v2\/types\/page"}],"author":[{"embeddable":true,"href":"https:\/\/cpsanguesa.educacion.navarra.es\/blogs\/wp-json\/wp\/v2\/users\/1"}],"replies":[{"embeddable":true,"href":"https:\/\/cpsanguesa.educacion.navarra.es\/blogs\/wp-json\/wp\/v2\/comments?post=1703"}],"version-history":[{"count":0,"href":"https:\/\/cpsanguesa.educacion.navarra.es\/blogs\/wp-json\/wp\/v2\/pages\/1703\/revisions"}],"wp:attachment":[{"href":"https:\/\/cpsanguesa.educacion.navarra.es\/blogs\/wp-json\/wp\/v2\/media?parent=1703"}],"curies":[{"name":"wp","href":"https:\/\/api.w.org\/{rel}","templated":true}]}}