{"id":1725,"date":"2017-10-08T22:39:05","date_gmt":"2017-10-08T20:39:05","guid":{"rendered":"http:\/\/cpsanguesa.educacion.navarra.es\/blogs\/?page_id=1725"},"modified":"2021-04-05T16:03:04","modified_gmt":"2021-04-05T14:03:04","slug":"reglamento-de-convivencia-2","status":"publish","type":"page","link":"https:\/\/cpsanguesa.educacion.navarra.es\/blogs\/reglamento-de-convivencia-2\/","title":{"rendered":"Reglamento de Convivencia"},"content":{"rendered":"\n<p>Esta norma est\u00e1 inspirada en un <strong>modelo integrado de gesti\u00f3n de la convivencia<\/strong>, que potencia la participaci\u00f3n de todos los agentes de la comunidad educativa, construye y mantiene un clima positivo de convivencia, promueve la comunicaci\u00f3n entre las partes en conflicto y prev\u00e9 la aplicaci\u00f3n de medidas educativas y de reparaci\u00f3n del da\u00f1o causado, como consecuencia necesaria de los comportamientos producidos.<\/p>\n\n\n\n<div style=\"height:20px\" aria-hidden=\"true\" class=\"wp-block-spacer\"><\/div>\n\n\n\n<iframe style=\"width:900px;height:500px\" src=\"https:\/\/online.fliphtml5.com\/xzghg\/cbet\/\"  seamless=\"seamless\" scrolling=\"no\" frameborder=\"0\" allowtransparency=\"true\" allowfullscreen=\"true\" ><\/iframe>\n","protected":false},"excerpt":{"rendered":"<p>Esta norma est\u00e1 inspirada en un modelo integrado de gesti\u00f3n de la convivencia, que potencia la participaci\u00f3n de todos los agentes de la comunidad educativa, construye y mantiene un clima positivo de convivencia, promueve la comunicaci\u00f3n entre las partes en conflicto y prev\u00e9 la aplicaci\u00f3n de medidas educativas y de reparaci\u00f3n del da\u00f1o causado, como [&hellip;]<\/p>\n","protected":false},"author":1,"featured_media":0,"parent":0,"menu_order":0,"comment_status":"closed","ping_status":"closed","template":"","meta":{"_editorskit_title_hidden":false,"_editorskit_reading_time":1,"_editorskit_is_block_options_detached":false,"_editorskit_block_options_position":"{}","_genesis_hide_title":false,"_genesis_hide_breadcrumbs":false,"_genesis_hide_singular_image":false,"_genesis_hide_footer_widgets":false,"_genesis_custom_body_class":"","_genesis_custom_post_class":"","_genesis_layout":"","ngg_post_thumbnail":0},"_links":{"self":[{"href":"https:\/\/cpsanguesa.educacion.navarra.es\/blogs\/wp-json\/wp\/v2\/pages\/1725"}],"collection":[{"href":"https:\/\/cpsanguesa.educacion.navarra.es\/blogs\/wp-json\/wp\/v2\/pages"}],"about":[{"href":"https:\/\/cpsanguesa.educacion.navarra.es\/blogs\/wp-json\/wp\/v2\/types\/page"}],"author":[{"embeddable":true,"href":"https:\/\/cpsanguesa.educacion.navarra.es\/blogs\/wp-json\/wp\/v2\/users\/1"}],"replies":[{"embeddable":true,"href":"https:\/\/cpsanguesa.educacion.navarra.es\/blogs\/wp-json\/wp\/v2\/comments?post=1725"}],"version-history":[{"count":0,"href":"https:\/\/cpsanguesa.educacion.navarra.es\/blogs\/wp-json\/wp\/v2\/pages\/1725\/revisions"}],"wp:attachment":[{"href":"https:\/\/cpsanguesa.educacion.navarra.es\/blogs\/wp-json\/wp\/v2\/media?parent=1725"}],"curies":[{"name":"wp","href":"https:\/\/api.w.org\/{rel}","templated":true}]}}