{"id":206,"date":"2011-11-06T13:46:19","date_gmt":"2011-11-06T12:46:19","guid":{"rendered":"http:\/\/cpsanguesa.educacion.navarra.es\/blogs\/?page_id=206"},"modified":"2025-08-07T12:19:15","modified_gmt":"2025-08-07T10:19:15","slug":"consejo-escolar","status":"publish","type":"page","link":"https:\/\/cpsanguesa.educacion.navarra.es\/blogs\/guia-del-curso\/consejo-escolar\/","title":{"rendered":"Consejo Escolar"},"content":{"rendered":"\n<figure class=\"wp-block-image size-full\"><a href=\"https:\/\/cpsanguesa.educacion.navarra.es\/blogs\/wp-content\/uploads\/2022\/10\/consejo-1.png\"><img loading=\"lazy\" width=\"715\" height=\"204\" src=\"https:\/\/cpsanguesa.educacion.navarra.es\/blogs\/wp-content\/uploads\/2022\/10\/consejo-1.png\" alt=\"\" class=\"wp-image-4322\" srcset=\"https:\/\/cpsanguesa.educacion.navarra.es\/blogs\/wp-content\/uploads\/2022\/10\/consejo-1.png 715w, https:\/\/cpsanguesa.educacion.navarra.es\/blogs\/wp-content\/uploads\/2022\/10\/consejo-1-300x86.png 300w\" sizes=\"(max-width: 715px) 100vw, 715px\" \/><\/a><\/figure>\n\n\n\n<p><span style=\"color: #000000;\">El <strong>Consejo Escolar<\/strong> es el \u00f3rgano de participaci\u00f3n en el control y gesti\u00f3n del centro de los distintos sectores que constituyen la comunidad educativa.<\/span><\/p>\n\n\n\n<h5 class=\"has-text-color\" style=\"color:#1b6078\"><strong>Composici\u00f3n<\/strong> <strong>del Consejo Escolar<\/strong><\/h5>\n\n\n\n<figure class=\"wp-block-image size-large\"><a href=\"https:\/\/cpsanguesa.educacion.navarra.es\/blogs\/wp-content\/uploads\/2024\/11\/Consejo-Escolar-Web.jpg\"><img loading=\"lazy\" width=\"1024\" height=\"640\" src=\"https:\/\/cpsanguesa.educacion.navarra.es\/blogs\/wp-content\/uploads\/2024\/11\/Consejo-Escolar-Web-1024x640.jpg\" alt=\"\" class=\"wp-image-5239\" srcset=\"https:\/\/cpsanguesa.educacion.navarra.es\/blogs\/wp-content\/uploads\/2024\/11\/Consejo-Escolar-Web-1024x640.jpg 1024w, https:\/\/cpsanguesa.educacion.navarra.es\/blogs\/wp-content\/uploads\/2024\/11\/Consejo-Escolar-Web-300x187.jpg 300w, https:\/\/cpsanguesa.educacion.navarra.es\/blogs\/wp-content\/uploads\/2024\/11\/Consejo-Escolar-Web-768x480.jpg 768w, https:\/\/cpsanguesa.educacion.navarra.es\/blogs\/wp-content\/uploads\/2024\/11\/Consejo-Escolar-Web.jpg 1210w\" sizes=\"(max-width: 1024px) 100vw, 1024px\" \/><\/a><\/figure>\n\n\n\n<h5 class=\"has-text-color\" style=\"color:#1b6078\"><strong>Funciones del Consejo Escolar<\/strong><\/h5>\n\n\n\n<ul><li><span style=\"color: #000000;\">Formular propuestas al equipo directivo sobre la programaci\u00f3n anual del centro y aprobar el proyecto educativo.<\/span><\/li><li><span style=\"color: #000000;\">Elaborar informes, a petici\u00f3n de la Administraci\u00f3n competente, sobre el funcionamiento del centro y sobre aquellos otros aspectos relacionados con la actividad del mismo.<\/span><\/li><li><span style=\"color: #000000;\">Participar en el proceso de admisi\u00f3n de alumnos y velar para que se realice con sujeci\u00f3n a lo establecido en esta Ley y disposiciones que la desarrollen.<\/span><\/li><li><span style=\"color: #000000;\">Aprobar el reglamento de r\u00e9gimen interior del centro.<\/span><\/li><li><span style=\"color: #000000;\">Conocer la resoluci\u00f3n de conflictos disciplinarios y la imposici\u00f3n de sanciones y velar por que \u00e9stas se atengan a la normativa vigente.<\/span><\/li><li><span style=\"color: #000000;\">Aprobar el proyecto de presupuesto del centro y su liquidaci\u00f3n.<\/span><\/li><li><span style=\"color: #000000;\">Promover la conservaci\u00f3n y renovaci\u00f3n de las instalaciones y equipo escolar.<\/span><\/li><li><span style=\"color: #000000;\">Proponer las directrices para la colaboraci\u00f3n, con fines educativos y culturales, con otros centros, entidades y organismos.<\/span><\/li><li><span style=\"color: #000000;\">Analizar y valorar el funcionamiento general del centro, la evoluci\u00f3n del rendimiento escolar y los resultados de la evaluaci\u00f3n que del centro realice la Administraci\u00f3n educativa.<\/span><\/li><li><span style=\"color: #000000;\">Ser informado de la propuesta a la Administraci\u00f3n educativa del nombramiento y cese de los miembros del equipo directivo.<\/span><\/li><li><span style=\"color: #000000;\">Proponer medidas e iniciativas que favorezcan la convivencia en el centro.<\/span><\/li><li><span style=\"color: #000000;\">Cualesquiera otras que le sean atribuidas por la Administraci\u00f3n educativa.<\/span><\/li><\/ul>\n\n\n\n<h5 class=\"has-text-color\" style=\"color:#1b6078\"><strong>Elecci\u00f3n y renovaci\u00f3n del Consejo Escolar<\/strong><\/h5>\n\n\n\n<p>El Consejo Escolar se renovar\u00e1 por mitades cada dos a\u00f1os de forma alternativa. El periodo de mandato y el n\u00famero de representantes a elegir, seg\u00fan la mitad que corresponda renovar en la presente convocatoria, se basar\u00e1 en lo dispuesto en el <strong><em>art\u00edculo 9.\u00ba del Decreto Foral 25\/1997, de 10 de febrero<\/em><\/strong>. <\/p>\n","protected":false},"excerpt":{"rendered":"<p>El Consejo Escolar es el \u00f3rgano de participaci\u00f3n en el control y gesti\u00f3n del centro de los distintos sectores que constituyen la comunidad educativa. Composici\u00f3n del Consejo Escolar Funciones del Consejo Escolar Formular propuestas al equipo directivo sobre la programaci\u00f3n anual del centro y aprobar el proyecto educativo. Elaborar informes, a petici\u00f3n de la Administraci\u00f3n [&hellip;]<\/p>\n","protected":false},"author":1,"featured_media":0,"parent":10,"menu_order":1,"comment_status":"closed","ping_status":"open","template":"","meta":{"_editorskit_title_hidden":false,"_editorskit_reading_time":2,"_editorskit_is_block_options_detached":false,"_editorskit_block_options_position":"{}","_genesis_hide_title":false,"_genesis_hide_breadcrumbs":false,"_genesis_hide_singular_image":false,"_genesis_hide_footer_widgets":false,"_genesis_custom_body_class":"","_genesis_custom_post_class":"","_genesis_layout":"","ngg_post_thumbnail":0},"_links":{"self":[{"href":"https:\/\/cpsanguesa.educacion.navarra.es\/blogs\/wp-json\/wp\/v2\/pages\/206"}],"collection":[{"href":"https:\/\/cpsanguesa.educacion.navarra.es\/blogs\/wp-json\/wp\/v2\/pages"}],"about":[{"href":"https:\/\/cpsanguesa.educacion.navarra.es\/blogs\/wp-json\/wp\/v2\/types\/page"}],"author":[{"embeddable":true,"href":"https:\/\/cpsanguesa.educacion.navarra.es\/blogs\/wp-json\/wp\/v2\/users\/1"}],"replies":[{"embeddable":true,"href":"https:\/\/cpsanguesa.educacion.navarra.es\/blogs\/wp-json\/wp\/v2\/comments?post=206"}],"version-history":[{"count":0,"href":"https:\/\/cpsanguesa.educacion.navarra.es\/blogs\/wp-json\/wp\/v2\/pages\/206\/revisions"}],"up":[{"embeddable":true,"href":"https:\/\/cpsanguesa.educacion.navarra.es\/blogs\/wp-json\/wp\/v2\/pages\/10"}],"wp:attachment":[{"href":"https:\/\/cpsanguesa.educacion.navarra.es\/blogs\/wp-json\/wp\/v2\/media?parent=206"}],"curies":[{"name":"wp","href":"https:\/\/api.w.org\/{rel}","templated":true}]}}