{"id":21,"date":"2011-06-23T23:19:39","date_gmt":"2011-06-23T21:19:39","guid":{"rendered":"http:\/\/cpsanguesa.educacion.navarra.es\/blogs\/?page_id=21"},"modified":"2023-10-21T09:21:32","modified_gmt":"2023-10-21T07:21:32","slug":"tic","status":"publish","type":"page","link":"https:\/\/cpsanguesa.educacion.navarra.es\/blogs\/tic\/","title":{"rendered":"Tecnolog\u00eda Educativa"},"content":{"rendered":"<p><span style=\"color: #ab2668;\">El Colegio P\u00fablico<strong> Luis Gil <\/strong>de Sang\u00fcesa<\/span> es uno de los diez centros educativos p\u00fablicos que llev\u00f3 a cabo la implantaci\u00f3n en Navarra de la Primera Fase del Proyecto Integratic. La selecci\u00f3n de centros se realiz\u00f3 a trav\u00e9s de los proyectos que presentaron 41 colegios p\u00fablicos de Navarra. El Departamento de Educaci\u00f3n del Gobierno de Navarra planifica y desarrolla diversas actuaciones destinadas a la integraci\u00f3n curricular y desarrollo de competencias en <span style=\"color: #ab2668;\"><strong>Tecnolog\u00edas de la Informaci\u00f3n y la Comunicaci\u00f3n (TIC)<\/strong><\/span> en el \u00e1mbito docente. A partir del curso 2009\/2010 se propone poner en pr\u00e1ctica este proyecto experimental con el que se pretend\u00eda impulsar el desarrollo de la competencia digital del alumnado.<\/p>\n<p>El proyecto iba dirigido a los grupos de alumnado del <span style=\"color: #ab2668;\"><strong>Tercer Bloque de Educaci\u00f3n Primaria (5\u00ba y 6\u00ba)<\/strong><\/span> y en \u00e9l participan los alumnos y alumnas con el profesorado correspondiente. Con este proyecto se pretend\u00eda la integraci\u00f3n del uso de las Tecnolog\u00edas de la Informaci\u00f3n y de la Comunicaci\u00f3n en el aula y el uso individualizado de los tablets PC por el alumnado en un porcentaje superior al 25% del tiempo lectivo en, al menos, 3 de las siguientes \u00e1reas curriculares: Lengua Castellana y Literatura y, en su caso, Lengua Vasca y Literatura, Matem\u00e1ticas, Ciencias Naturales, Ciencias Sociales, Educaci\u00f3n Art\u00edstica y Lengua Extranjera, permitiendo un uso individual de estos recursos por parte del alumnado y profesorado.<\/p>\n<p>Desde hace varios cursos se sustituyeron los tablets-PC por Chromebooks y se ampli\u00f3 la dotaci\u00f3n de pizarras digitales con la instalaci\u00f3n de monitores interactivos en las aulas. Por otra parte, durante el curso 2018-2019 se realiz\u00f3 la <strong><span style=\"color: #ab2668;\">conexi\u00f3n de fibra \u00f3ptica<\/span><\/strong> y se instal\u00f3 un <strong><span style=\"color: #ab2668;\">sistema wifi en todo el colegio<\/span><\/strong>.<\/p>\n<p>En la siguiente presentaci\u00f3n de im\u00e1genes se pueden ver algunas actividades de aula en el desarrollo del Proyecto.<\/p>\n\n\n<figure class=\"wp-block-gallery has-nested-images columns-2\">\n<figure class=\"wp-block-image size-full\"><a href=\"https:\/\/cpsanguesa.educacion.navarra.es\/blogs\/wp-content\/uploads\/2020\/11\/01-Integratic_Aplicaciones-2.0_Wikis-01-rec.jpeg\"><img loading=\"lazy\" width=\"1614\" height=\"1080\" data-id=\"3425\"  src=\"https:\/\/cpsanguesa.educacion.navarra.es\/blogs\/wp-content\/uploads\/2020\/11\/01-Integratic_Aplicaciones-2.0_Wikis-01-rec.jpeg\" alt=\"\" class=\"wp-image-3425\" srcset=\"https:\/\/cpsanguesa.educacion.navarra.es\/blogs\/wp-content\/uploads\/2020\/11\/01-Integratic_Aplicaciones-2.0_Wikis-01-rec.jpeg 1614w, https:\/\/cpsanguesa.educacion.navarra.es\/blogs\/wp-content\/uploads\/2020\/11\/01-Integratic_Aplicaciones-2.0_Wikis-01-rec-300x201.jpeg 300w, https:\/\/cpsanguesa.educacion.navarra.es\/blogs\/wp-content\/uploads\/2020\/11\/01-Integratic_Aplicaciones-2.0_Wikis-01-rec-1024x685.jpeg 1024w, https:\/\/cpsanguesa.educacion.navarra.es\/blogs\/wp-content\/uploads\/2020\/11\/01-Integratic_Aplicaciones-2.0_Wikis-01-rec-768x514.jpeg 768w, https:\/\/cpsanguesa.educacion.navarra.es\/blogs\/wp-content\/uploads\/2020\/11\/01-Integratic_Aplicaciones-2.0_Wikis-01-rec-1536x1028.jpeg 1536w\" sizes=\"(max-width: 1614px) 100vw, 1614px\" \/><\/a><\/figure>\n\n\n\n<figure class=\"wp-block-image size-full\"><a href=\"https:\/\/cpsanguesa.educacion.navarra.es\/blogs\/wp-content\/uploads\/2020\/11\/02-Integratic_Trabajo-en-grupo-01-rec.jpg\"><img loading=\"lazy\" width=\"1614\" height=\"1080\" data-id=\"3426\"  src=\"https:\/\/cpsanguesa.educacion.navarra.es\/blogs\/wp-content\/uploads\/2020\/11\/02-Integratic_Trabajo-en-grupo-01-rec.jpg\" alt=\"\" class=\"wp-image-3426\" srcset=\"https:\/\/cpsanguesa.educacion.navarra.es\/blogs\/wp-content\/uploads\/2020\/11\/02-Integratic_Trabajo-en-grupo-01-rec.jpg 1614w, https:\/\/cpsanguesa.educacion.navarra.es\/blogs\/wp-content\/uploads\/2020\/11\/02-Integratic_Trabajo-en-grupo-01-rec-300x201.jpg 300w, https:\/\/cpsanguesa.educacion.navarra.es\/blogs\/wp-content\/uploads\/2020\/11\/02-Integratic_Trabajo-en-grupo-01-rec-1024x685.jpg 1024w, https:\/\/cpsanguesa.educacion.navarra.es\/blogs\/wp-content\/uploads\/2020\/11\/02-Integratic_Trabajo-en-grupo-01-rec-768x514.jpg 768w, https:\/\/cpsanguesa.educacion.navarra.es\/blogs\/wp-content\/uploads\/2020\/11\/02-Integratic_Trabajo-en-grupo-01-rec-1536x1028.jpg 1536w\" sizes=\"(max-width: 1614px) 100vw, 1614px\" \/><\/a><\/figure>\n\n\n\n<figure class=\"wp-block-image size-full\"><a href=\"https:\/\/cpsanguesa.educacion.navarra.es\/blogs\/wp-content\/uploads\/2020\/11\/03-Integratic_Trabajo-Individual-01-rec.jpg\"><img loading=\"lazy\" width=\"1613\" height=\"1080\" data-id=\"3427\"  src=\"https:\/\/cpsanguesa.educacion.navarra.es\/blogs\/wp-content\/uploads\/2020\/11\/03-Integratic_Trabajo-Individual-01-rec.jpg\" alt=\"\" class=\"wp-image-3427\" srcset=\"https:\/\/cpsanguesa.educacion.navarra.es\/blogs\/wp-content\/uploads\/2020\/11\/03-Integratic_Trabajo-Individual-01-rec.jpg 1613w, https:\/\/cpsanguesa.educacion.navarra.es\/blogs\/wp-content\/uploads\/2020\/11\/03-Integratic_Trabajo-Individual-01-rec-300x201.jpg 300w, https:\/\/cpsanguesa.educacion.navarra.es\/blogs\/wp-content\/uploads\/2020\/11\/03-Integratic_Trabajo-Individual-01-rec-1024x686.jpg 1024w, https:\/\/cpsanguesa.educacion.navarra.es\/blogs\/wp-content\/uploads\/2020\/11\/03-Integratic_Trabajo-Individual-01-rec-768x514.jpg 768w, https:\/\/cpsanguesa.educacion.navarra.es\/blogs\/wp-content\/uploads\/2020\/11\/03-Integratic_Trabajo-Individual-01-rec-1536x1028.jpg 1536w\" sizes=\"(max-width: 1613px) 100vw, 1613px\" \/><\/a><\/figure>\n\n\n\n<figure class=\"wp-block-image size-full\"><a href=\"https:\/\/cpsanguesa.educacion.navarra.es\/blogs\/wp-content\/uploads\/2020\/11\/04-Integratic_Grabacion-Aula-01-rec.jpg\"><img loading=\"lazy\" width=\"1620\" height=\"1080\" data-id=\"3428\"  src=\"https:\/\/cpsanguesa.educacion.navarra.es\/blogs\/wp-content\/uploads\/2020\/11\/04-Integratic_Grabacion-Aula-01-rec.jpg\" alt=\"\" class=\"wp-image-3428\" srcset=\"https:\/\/cpsanguesa.educacion.navarra.es\/blogs\/wp-content\/uploads\/2020\/11\/04-Integratic_Grabacion-Aula-01-rec.jpg 1620w, https:\/\/cpsanguesa.educacion.navarra.es\/blogs\/wp-content\/uploads\/2020\/11\/04-Integratic_Grabacion-Aula-01-rec-300x200.jpg 300w, https:\/\/cpsanguesa.educacion.navarra.es\/blogs\/wp-content\/uploads\/2020\/11\/04-Integratic_Grabacion-Aula-01-rec-1024x683.jpg 1024w, https:\/\/cpsanguesa.educacion.navarra.es\/blogs\/wp-content\/uploads\/2020\/11\/04-Integratic_Grabacion-Aula-01-rec-768x512.jpg 768w, https:\/\/cpsanguesa.educacion.navarra.es\/blogs\/wp-content\/uploads\/2020\/11\/04-Integratic_Grabacion-Aula-01-rec-1536x1024.jpg 1536w\" sizes=\"(max-width: 1620px) 100vw, 1620px\" \/><\/a><\/figure>\n\n\n\n<figure class=\"wp-block-image size-full\"><a href=\"https:\/\/cpsanguesa.educacion.navarra.es\/blogs\/wp-content\/uploads\/2020\/11\/05-Integratic_Grabacion-Aula-02-rec.jpg\"><img loading=\"lazy\" width=\"1613\" height=\"1080\" data-id=\"3429\"  src=\"https:\/\/cpsanguesa.educacion.navarra.es\/blogs\/wp-content\/uploads\/2020\/11\/05-Integratic_Grabacion-Aula-02-rec.jpg\" alt=\"\" class=\"wp-image-3429\" srcset=\"https:\/\/cpsanguesa.educacion.navarra.es\/blogs\/wp-content\/uploads\/2020\/11\/05-Integratic_Grabacion-Aula-02-rec.jpg 1613w, https:\/\/cpsanguesa.educacion.navarra.es\/blogs\/wp-content\/uploads\/2020\/11\/05-Integratic_Grabacion-Aula-02-rec-300x201.jpg 300w, https:\/\/cpsanguesa.educacion.navarra.es\/blogs\/wp-content\/uploads\/2020\/11\/05-Integratic_Grabacion-Aula-02-rec-1024x686.jpg 1024w, https:\/\/cpsanguesa.educacion.navarra.es\/blogs\/wp-content\/uploads\/2020\/11\/05-Integratic_Grabacion-Aula-02-rec-768x514.jpg 768w, https:\/\/cpsanguesa.educacion.navarra.es\/blogs\/wp-content\/uploads\/2020\/11\/05-Integratic_Grabacion-Aula-02-rec-1536x1028.jpg 1536w\" sizes=\"(max-width: 1613px) 100vw, 1613px\" \/><\/a><\/figure>\n\n\n\n<figure class=\"wp-block-image size-full\"><a href=\"https:\/\/cpsanguesa.educacion.navarra.es\/blogs\/wp-content\/uploads\/2020\/11\/06-Integratic_Dibujo-Digital-01-rec.jpg\"><img loading=\"lazy\" width=\"1613\" height=\"1080\" data-id=\"3430\"  src=\"https:\/\/cpsanguesa.educacion.navarra.es\/blogs\/wp-content\/uploads\/2020\/11\/06-Integratic_Dibujo-Digital-01-rec.jpg\" alt=\"\" class=\"wp-image-3430\" srcset=\"https:\/\/cpsanguesa.educacion.navarra.es\/blogs\/wp-content\/uploads\/2020\/11\/06-Integratic_Dibujo-Digital-01-rec.jpg 1613w, https:\/\/cpsanguesa.educacion.navarra.es\/blogs\/wp-content\/uploads\/2020\/11\/06-Integratic_Dibujo-Digital-01-rec-300x201.jpg 300w, https:\/\/cpsanguesa.educacion.navarra.es\/blogs\/wp-content\/uploads\/2020\/11\/06-Integratic_Dibujo-Digital-01-rec-1024x686.jpg 1024w, https:\/\/cpsanguesa.educacion.navarra.es\/blogs\/wp-content\/uploads\/2020\/11\/06-Integratic_Dibujo-Digital-01-rec-768x514.jpg 768w, https:\/\/cpsanguesa.educacion.navarra.es\/blogs\/wp-content\/uploads\/2020\/11\/06-Integratic_Dibujo-Digital-01-rec-1536x1028.jpg 1536w\" sizes=\"(max-width: 1613px) 100vw, 1613px\" \/><\/a><\/figure>\n\n\n\n<figure class=\"wp-block-image size-full\"><a href=\"https:\/\/cpsanguesa.educacion.navarra.es\/blogs\/wp-content\/uploads\/2020\/11\/07-Integratic_Ventana-al-mundo_tablets-y-PDI-02-rec.jpg\"><img loading=\"lazy\" width=\"734\" height=\"1080\" data-id=\"3431\"  src=\"https:\/\/cpsanguesa.educacion.navarra.es\/blogs\/wp-content\/uploads\/2020\/11\/07-Integratic_Ventana-al-mundo_tablets-y-PDI-02-rec.jpg\" alt=\"\" class=\"wp-image-3431\" srcset=\"https:\/\/cpsanguesa.educacion.navarra.es\/blogs\/wp-content\/uploads\/2020\/11\/07-Integratic_Ventana-al-mundo_tablets-y-PDI-02-rec.jpg 734w, https:\/\/cpsanguesa.educacion.navarra.es\/blogs\/wp-content\/uploads\/2020\/11\/07-Integratic_Ventana-al-mundo_tablets-y-PDI-02-rec-204x300.jpg 204w, https:\/\/cpsanguesa.educacion.navarra.es\/blogs\/wp-content\/uploads\/2020\/11\/07-Integratic_Ventana-al-mundo_tablets-y-PDI-02-rec-696x1024.jpg 696w\" sizes=\"(max-width: 734px) 100vw, 734px\" \/><\/a><\/figure>\n<\/figure>\n","protected":false},"excerpt":{"rendered":"<p>El Colegio P\u00fablico Luis Gil de Sang\u00fcesa es uno de los diez centros educativos p\u00fablicos que llev\u00f3 a cabo la implantaci\u00f3n en Navarra de la Primera Fase del Proyecto Integratic. La selecci\u00f3n de centros se realiz\u00f3 a trav\u00e9s de los proyectos que presentaron 41 colegios p\u00fablicos de Navarra. El Departamento de Educaci\u00f3n del Gobierno de [&hellip;]<\/p>\n","protected":false},"author":1,"featured_media":0,"parent":0,"menu_order":0,"comment_status":"closed","ping_status":"closed","template":"","meta":{"_editorskit_title_hidden":false,"_editorskit_reading_time":1,"_editorskit_is_block_options_detached":false,"_editorskit_block_options_position":"{}","_genesis_hide_title":false,"_genesis_hide_breadcrumbs":false,"_genesis_hide_singular_image":false,"_genesis_hide_footer_widgets":false,"_genesis_custom_body_class":"","_genesis_custom_post_class":"","_genesis_layout":"","ngg_post_thumbnail":0},"_links":{"self":[{"href":"https:\/\/cpsanguesa.educacion.navarra.es\/blogs\/wp-json\/wp\/v2\/pages\/21"}],"collection":[{"href":"https:\/\/cpsanguesa.educacion.navarra.es\/blogs\/wp-json\/wp\/v2\/pages"}],"about":[{"href":"https:\/\/cpsanguesa.educacion.navarra.es\/blogs\/wp-json\/wp\/v2\/types\/page"}],"author":[{"embeddable":true,"href":"https:\/\/cpsanguesa.educacion.navarra.es\/blogs\/wp-json\/wp\/v2\/users\/1"}],"replies":[{"embeddable":true,"href":"https:\/\/cpsanguesa.educacion.navarra.es\/blogs\/wp-json\/wp\/v2\/comments?post=21"}],"version-history":[{"count":0,"href":"https:\/\/cpsanguesa.educacion.navarra.es\/blogs\/wp-json\/wp\/v2\/pages\/21\/revisions"}],"wp:attachment":[{"href":"https:\/\/cpsanguesa.educacion.navarra.es\/blogs\/wp-json\/wp\/v2\/media?parent=21"}],"curies":[{"name":"wp","href":"https:\/\/api.w.org\/{rel}","templated":true}]}}