{"id":2101,"date":"2018-10-21T11:15:03","date_gmt":"2018-10-21T09:15:03","guid":{"rendered":"http:\/\/cpsanguesa.educacion.navarra.es\/blogs\/?page_id=2101"},"modified":"2025-12-21T15:47:52","modified_gmt":"2025-12-21T14:47:52","slug":"escuela-de-padres-madres","status":"publish","type":"page","link":"https:\/\/cpsanguesa.educacion.navarra.es\/blogs\/escuela-de-padres-madres\/","title":{"rendered":"Escuela de Padres-Madres"},"content":{"rendered":"<h4><strong><span style=\"color: #ab2668;\">ORIENTACI\u00d3N ESCOLAR Y FAMILIAR.<\/span> <\/strong><\/h4>\n<p><a href=\"http:\/\/www.ambezar.com\/familias.html\" target=\"_blank\" rel=\"noopener noreferrer\"><strong>Grupo Ambezar<\/strong><\/a>. Grupo formado por profesionales del entorno educativo que se ocupa de generar herramientas o recursos para la intervenci\u00f3n educativa desde la perspectiva de la orientaci\u00f3n, fundamentalmente en el \u00e1mbito de atenci\u00f3n a la diversidad.<\/p>\n<p><a href=\"https:\/\/www.guiaaiju.com\/\" target=\"_blank\" rel=\"noopener noreferrer\"><strong>Gu\u00eda del Juguete<\/strong><\/a>. El Departamento Pedag\u00f3gico de AIJU, edita esta Gu\u00eda con el fin de ofrecer a los consumidores informaci\u00f3n detallada y \u00fatil sobre juguetes y juegos de calidad, que resulten adecuados a las necesidades l\u00fadicas y pedag\u00f3gicas de sus destinatarios.<\/p>\n","protected":false},"excerpt":{"rendered":"<p>ORIENTACI\u00d3N ESCOLAR Y FAMILIAR. Grupo Ambezar. Grupo formado por profesionales del entorno educativo que se ocupa de generar herramientas o recursos para la intervenci\u00f3n educativa desde la perspectiva de la orientaci\u00f3n, fundamentalmente en el \u00e1mbito de atenci\u00f3n a la diversidad. Gu\u00eda del Juguete. El Departamento Pedag\u00f3gico de AIJU, edita esta Gu\u00eda con el fin de [&hellip;]<\/p>\n","protected":false},"author":1,"featured_media":0,"parent":0,"menu_order":0,"comment_status":"closed","ping_status":"closed","template":"","meta":{"_editorskit_title_hidden":false,"_editorskit_reading_time":1,"_editorskit_is_block_options_detached":false,"_editorskit_block_options_position":"{}","_genesis_hide_title":false,"_genesis_hide_breadcrumbs":false,"_genesis_hide_singular_image":false,"_genesis_hide_footer_widgets":false,"_genesis_custom_body_class":"","_genesis_custom_post_class":"","_genesis_layout":"","ngg_post_thumbnail":0},"_links":{"self":[{"href":"https:\/\/cpsanguesa.educacion.navarra.es\/blogs\/wp-json\/wp\/v2\/pages\/2101"}],"collection":[{"href":"https:\/\/cpsanguesa.educacion.navarra.es\/blogs\/wp-json\/wp\/v2\/pages"}],"about":[{"href":"https:\/\/cpsanguesa.educacion.navarra.es\/blogs\/wp-json\/wp\/v2\/types\/page"}],"author":[{"embeddable":true,"href":"https:\/\/cpsanguesa.educacion.navarra.es\/blogs\/wp-json\/wp\/v2\/users\/1"}],"replies":[{"embeddable":true,"href":"https:\/\/cpsanguesa.educacion.navarra.es\/blogs\/wp-json\/wp\/v2\/comments?post=2101"}],"version-history":[{"count":0,"href":"https:\/\/cpsanguesa.educacion.navarra.es\/blogs\/wp-json\/wp\/v2\/pages\/2101\/revisions"}],"wp:attachment":[{"href":"https:\/\/cpsanguesa.educacion.navarra.es\/blogs\/wp-json\/wp\/v2\/media?parent=2101"}],"curies":[{"name":"wp","href":"https:\/\/api.w.org\/{rel}","templated":true}]}}