{"id":22,"date":"2011-06-23T23:19:51","date_gmt":"2011-06-23T21:19:51","guid":{"rendered":"http:\/\/cpsanguesa.educacion.navarra.es\/blogs\/?page_id=22"},"modified":"2022-11-08T18:07:41","modified_gmt":"2022-11-08T17:07:41","slug":"til","status":"publish","type":"page","link":"https:\/\/cpsanguesa.educacion.navarra.es\/blogs\/til\/","title":{"rendered":"PAI: Programa de Aprendizaje en Ingl\u00e9s"},"content":{"rendered":"\n<figure class=\"wp-block-image size-full\"><img loading=\"lazy\" width=\"555\" height=\"240\" src=\"https:\/\/cpsanguesa.educacion.navarra.es\/blogs\/wp-content\/uploads\/2022\/11\/image-2.png\" alt=\"\" class=\"wp-image-4420\" srcset=\"https:\/\/cpsanguesa.educacion.navarra.es\/blogs\/wp-content\/uploads\/2022\/11\/image-2.png 555w, https:\/\/cpsanguesa.educacion.navarra.es\/blogs\/wp-content\/uploads\/2022\/11\/image-2-300x130.png 300w\" sizes=\"(max-width: 555px) 100vw, 555px\" \/><\/figure>\n\n\n<p><strong>El curso 2011-2012 es el primer a\u00f1o de implantaci\u00f3n del Programa PAI en el Colegio P\u00fablico \u201cLuis Gil\u201d de Sang\u00fcesa.<\/strong> Actualmente, este Programa est\u00e1 implantado en todos los niveles alcanzando ya a todo el alumnado del centro.<\/p>\n<p><a href=\"https:\/\/cpsanguesa.educacion.navarra.es\/blogs\/wp-content\/uploads\/2019\/02\/CPEIP-Luis-Gil_Implantaci\u00f3n-PAI.jpg\"><img loading=\"lazy\" class=\"aligncenter size-full wp-image-2261\" src=\"https:\/\/cpsanguesa.educacion.navarra.es\/blogs\/wp-content\/uploads\/2019\/02\/CPEIP-Luis-Gil_Implantaci\u00f3n-PAI.jpg\" alt=\"\" width=\"2208\" height=\"984\" srcset=\"https:\/\/cpsanguesa.educacion.navarra.es\/blogs\/wp-content\/uploads\/2019\/02\/CPEIP-Luis-Gil_Implantaci\u00f3n-PAI.jpg 2208w, https:\/\/cpsanguesa.educacion.navarra.es\/blogs\/wp-content\/uploads\/2019\/02\/CPEIP-Luis-Gil_Implantaci\u00f3n-PAI-300x134.jpg 300w, https:\/\/cpsanguesa.educacion.navarra.es\/blogs\/wp-content\/uploads\/2019\/02\/CPEIP-Luis-Gil_Implantaci\u00f3n-PAI-768x342.jpg 768w, https:\/\/cpsanguesa.educacion.navarra.es\/blogs\/wp-content\/uploads\/2019\/02\/CPEIP-Luis-Gil_Implantaci\u00f3n-PAI-1024x456.jpg 1024w\" sizes=\"(max-width: 2208px) 100vw, 2208px\" \/><\/a>Es un programa que se aplica a todo el alumnado cuya adscripci\u00f3n no puede elegirse, a diferencia de los Modelos Ling\u00fc\u00edsticos (Modelos A, G y D) cuya adscripci\u00f3n s\u00ed puede elegirse.<\/p>\n<p><img loading=\"lazy\" class=\"alignright wp-image-341\" src=\"https:\/\/cpsanguesa.educacion.navarra.es\/blogs\/wp-content\/uploads\/2011\/06\/Modelos-Ling\u00fc\u00edsticos-01-300x300.jpg\" alt=\"\" width=\"250\" height=\"249\" srcset=\"https:\/\/cpsanguesa.educacion.navarra.es\/blogs\/wp-content\/uploads\/2011\/06\/Modelos-Ling\u00fc\u00edsticos-01-300x300.jpg 300w, https:\/\/cpsanguesa.educacion.navarra.es\/blogs\/wp-content\/uploads\/2011\/06\/Modelos-Ling\u00fc\u00edsticos-01-150x150.jpg 150w, https:\/\/cpsanguesa.educacion.navarra.es\/blogs\/wp-content\/uploads\/2011\/06\/Modelos-Ling\u00fc\u00edsticos-01.jpg 347w\" sizes=\"(max-width: 250px) 100vw, 250px\" \/>El <span style=\"color: #ab2668;\"><strong>Programa PAI<\/strong> <\/span>implica la impartici\u00f3n de algunas \u00e1reas en ingl\u00e9s, utilizando este idioma como lengua vehicular (de ense\u00f1anza y aprendizaje).<\/p>\n<p>Los <span style=\"color: #ab2668;\"><strong>Modelos Ling\u00fc\u00edsticos<\/strong> <\/span>implican la impartici\u00f3n del Euskera como asignatura (<strong>Modelo A<\/strong>) o como lengua vehicular para la impartici\u00f3n de asignaturas en esta lengua (<strong>Modelo D<\/strong>). La ausencia del Euskera en el curr\u00edculum se denomina <strong>Modelo G<\/strong>.<\/p>\n<p>En s\u00edntesis<strong>, <\/strong>el desarrollo de <strong>cada Modelo Ling\u00fc\u00edstico (opcional) <\/strong>conjuntamente con el<strong> Programa PAI (obligatorio) <\/strong>se concreta de la siguiente manera:<\/p>\n<ul>\n<li>Modelo G-PAI. Ense\u00f1anza en castellano e ingl\u00e9s.<\/li>\n<li>Modelo A-PAI. Ense\u00f1anza en castellano e ingl\u00e9s; euskera como asignatura.<\/li>\n<li>Modelo D-PAI. Ense\u00f1anza en euskera e ingl\u00e9s; castellano como asignatura.<\/li>\n<\/ul>\n<p>La <strong>Orden Foral 147\/2016, de 30 de diciembre<\/strong>, del Consejero de Educaci\u00f3n, por la que se regulan los aspectos b\u00e1sicos de los programas de aprendizaje en Lenguas Extranjeras en los centros de Educaci\u00f3n Infantil y Primaria situados en el \u00e1mbito territorial de la Comunidad Foral de Navarra concreta la siguiente distribuci\u00f3n horaria:<\/p>\n\n\n<div class=\"wp-block-image\"><figure class=\"alignleft size-full\"><a href=\"https:\/\/cpsanguesa.educacion.navarra.es\/blogs\/wp-content\/uploads\/2022\/11\/image.png\"><img loading=\"lazy\" width=\"893\" height=\"251\" src=\"https:\/\/cpsanguesa.educacion.navarra.es\/blogs\/wp-content\/uploads\/2022\/11\/image.png\" alt=\"\" class=\"wp-image-4417\" srcset=\"https:\/\/cpsanguesa.educacion.navarra.es\/blogs\/wp-content\/uploads\/2022\/11\/image.png 893w, https:\/\/cpsanguesa.educacion.navarra.es\/blogs\/wp-content\/uploads\/2022\/11\/image-300x84.png 300w, https:\/\/cpsanguesa.educacion.navarra.es\/blogs\/wp-content\/uploads\/2022\/11\/image-768x216.png 768w\" sizes=\"(max-width: 893px) 100vw, 893px\" \/><\/a><\/figure><\/div>\n\n\n\n<p><strong>En nuestro centro se ofertan los Modelos Ling\u00fc\u00edsticos G, A y D conjuntamente con el Programa PAI<\/strong>, aunque s\u00f3lo se desarrollan el Modelo G y el Modelo A.<\/p>\n\n\n\n<p><strong>El Modelo D se oferta cada a\u00f1o en nuestro centro, pero no se cubren las solicitudes suficientes para la implantaci\u00f3n del mismo.<\/strong><\/p>\n\n\n\n<p> Actualmente en nuestro centro, el alumnado tiene la siguiente distribuci\u00f3n horaria: <\/p>\n\n\n\n<figure class=\"wp-block-image size-large\"><a href=\"https:\/\/cpsanguesa.educacion.navarra.es\/blogs\/wp-content\/uploads\/2022\/11\/image-1.png\"><img loading=\"lazy\" width=\"1024\" height=\"215\" src=\"https:\/\/cpsanguesa.educacion.navarra.es\/blogs\/wp-content\/uploads\/2022\/11\/image-1-1024x215.png\" alt=\"\" class=\"wp-image-4429\" srcset=\"https:\/\/cpsanguesa.educacion.navarra.es\/blogs\/wp-content\/uploads\/2022\/11\/image-1-1024x215.png 1024w, https:\/\/cpsanguesa.educacion.navarra.es\/blogs\/wp-content\/uploads\/2022\/11\/image-1-300x63.png 300w, https:\/\/cpsanguesa.educacion.navarra.es\/blogs\/wp-content\/uploads\/2022\/11\/image-1-768x161.png 768w, https:\/\/cpsanguesa.educacion.navarra.es\/blogs\/wp-content\/uploads\/2022\/11\/image-1.png 1310w\" sizes=\"(max-width: 1024px) 100vw, 1024px\" \/><\/a><\/figure>\n","protected":false},"excerpt":{"rendered":"<p>El curso 2011-2012 es el primer a\u00f1o de implantaci\u00f3n del Programa PAI en el Colegio P\u00fablico \u201cLuis Gil\u201d de Sang\u00fcesa. Actualmente, este Programa est\u00e1 implantado en todos los niveles alcanzando ya a todo el alumnado del centro. Es un programa que se aplica a todo el alumnado cuya adscripci\u00f3n no puede elegirse, a diferencia de [&hellip;]<\/p>\n","protected":false},"author":1,"featured_media":0,"parent":0,"menu_order":0,"comment_status":"closed","ping_status":"closed","template":"","meta":{"_editorskit_title_hidden":false,"_editorskit_reading_time":2,"_editorskit_is_block_options_detached":false,"_editorskit_block_options_position":"{}","_genesis_hide_title":false,"_genesis_hide_breadcrumbs":false,"_genesis_hide_singular_image":false,"_genesis_hide_footer_widgets":false,"_genesis_custom_body_class":"","_genesis_custom_post_class":"","_genesis_layout":"","ngg_post_thumbnail":0},"_links":{"self":[{"href":"https:\/\/cpsanguesa.educacion.navarra.es\/blogs\/wp-json\/wp\/v2\/pages\/22"}],"collection":[{"href":"https:\/\/cpsanguesa.educacion.navarra.es\/blogs\/wp-json\/wp\/v2\/pages"}],"about":[{"href":"https:\/\/cpsanguesa.educacion.navarra.es\/blogs\/wp-json\/wp\/v2\/types\/page"}],"author":[{"embeddable":true,"href":"https:\/\/cpsanguesa.educacion.navarra.es\/blogs\/wp-json\/wp\/v2\/users\/1"}],"replies":[{"embeddable":true,"href":"https:\/\/cpsanguesa.educacion.navarra.es\/blogs\/wp-json\/wp\/v2\/comments?post=22"}],"version-history":[{"count":0,"href":"https:\/\/cpsanguesa.educacion.navarra.es\/blogs\/wp-json\/wp\/v2\/pages\/22\/revisions"}],"wp:attachment":[{"href":"https:\/\/cpsanguesa.educacion.navarra.es\/blogs\/wp-json\/wp\/v2\/media?parent=22"}],"curies":[{"name":"wp","href":"https:\/\/api.w.org\/{rel}","templated":true}]}}