{"id":2225,"date":"2019-01-19T17:29:15","date_gmt":"2019-01-19T16:29:15","guid":{"rendered":"http:\/\/cpsanguesa.educacion.navarra.es\/blogs\/?page_id=2225"},"modified":"2026-03-30T00:08:47","modified_gmt":"2026-03-29T22:08:47","slug":"seccion-esta-semana","status":"publish","type":"page","link":"https:\/\/cpsanguesa.educacion.navarra.es\/blogs\/seccion-esta-semana\/","title":{"rendered":"Secci\u00f3n &#8216;Esta semana&#8230;&#8217;"},"content":{"rendered":"<div class=\"content-box-blue\">Esta secci\u00f3n recoge los art\u00edculos que se seleccionan cada semana con objeto de ofrecer a los padres y madres contenidos \u00fatiles para la educaci\u00f3n de sus hijos e hijas.<\/div>\n<p><span style=\"color: #ab2668;\"><strong>Semana 25: <a href=\"https:\/\/elpais.com\/mamas-papas\/familia\/2026-03-16\/luis-efrain-pedagogo-educar-no-consiste-solo-en-transmitir-conocimientos-sino-en-formar-personas-capaces-de-gestionar-sus-emociones.html\" target=\"_blank\" rel=\"noopener\">Luis Efra\u00edn, pedagogo:&nbsp;<em>\u201cEducar no consiste solo en transmitir conocimientos, sino en formar personas capaces de gestionar sus emociones\u201d<\/em><\/a><\/strong><\/span><\/p>\n<p><span style=\"color: #ab2668;\"><strong>Semana 24: <a class=\"customize-unpreviewable\" href=\"https:\/\/elpais.com\/mamas-papas\/familia\/2026-03-22\/hasta-que-punto-tienen-que-socializar-los-padres-por-el-bien-de-sus-hijos.html\" target=\"_blank\" rel=\"noopener\">\u00bfHasta qu\u00e9 punto tienen que socializar los padres por el bien de sus hijos?<\/a><\/strong><\/span><\/p>\n<p><span style=\"color: #ab2668;\"><strong>Semana 23: <a href=\"https:\/\/elpais.com\/mamas-papas\/familia\/2026-03-13\/que-puedes-aprender-observando-a-tu-hijo-jugar-con-munecas.html\" target=\"_blank\" rel=\"noopener\">Qu\u00e9 puedes aprender observando a tu hijo\/a jugar con mu\u00f1ecas.<\/a><\/strong><\/span><\/p>\n<p><span style=\"color: #ab2668;\"><strong>Semana 22: <a href=\"https:\/\/elpais.com\/mamas-papas\/familia\/2026-02-26\/preguntas-que-acercan-a-padres-e-hijos-como-hablar-con-ellos-sin-que-se-sientan-interrogados.html\" target=\"_blank\" rel=\"noopener\">Preguntas que acercan a padres e hijos: c\u00f3mo hablar con ellos sin que se sientan interrogados.<\/a><\/strong><\/span><\/p>\n<p><span style=\"color: #ab2668;\"><strong>Semana 21: <a class=\"customize-unpreviewable\" href=\"https:\/\/elpais.com\/mamas-papas\/familia\/2026-03-02\/que-hay-tras-un-nino-que-se-pelea-con-otros-y-como-evitarlo.html\" target=\"_blank\" rel=\"noopener\">Qu\u00e9 hay tras un\/a ni\u00f1o\/a que se pelea con otros\/as y c\u00f3mo evitarlo.<\/a><\/strong><\/span><\/p>\n<p><span style=\"color: #ab2668;\"><strong>Semana 20: <a href=\"https:\/\/elpais.com\/mamas-papas\/expertos\/2026-02-12\/heike-freire-pedagoga-y-filosofa-los-ninos-que-tienen-un-vinculo-de-amor-con-la-naturaleza-son-mas-creativos-y-felices.html\" target=\"_blank\" rel=\"noopener\"><em>\u201cLos ni\u00f1os y ni\u00f1as que tienen un v\u00ednculo de amor con la naturaleza son m\u00e1s creativos y felices\u201d.<\/em><\/a><\/strong><\/span><\/p>\n<p><span style=\"color: #ab2668;\"><strong>Semana 19: <a href=\"https:\/\/elpais.com\/mamas-papas\/actualidad\/2026-02-09\/audiocuentos-una-alternativa-para-que-los-ninos-aprendan-sin-pantallas.html\" target=\"_blank\" rel=\"noopener\">Audiocuentos, una alternativa para que los ni\u00f1os y ni\u00f1as aprendan sin pantallas.<\/a><\/strong><\/span><\/p>\n<p><span style=\"color: #ab2668;\"><strong>Semana 18: <a href=\"https:\/\/elpais.com\/mamas-papas\/expertos\/2026-02-02\/eva-medina-psicologa-y-escritora-mejor-criar-con-menos-ayudas-y-tranquilidad-que-con-apoyos-que-pueden-ser-invasiones.html\" target=\"_blank\" rel=\"noopener\"><em>\u201cMejor criar con menos ayudas y tranquilidad que con apoyos que pueden ser invasiones\u201d.<\/em><\/a><\/strong><\/span><\/p>\n<p><span style=\"color: #ab2668;\"><strong>Semana 17: <a href=\"https:\/\/elpais.com\/mamas-papas\/2026-01-30\/como-convertir-una-mentira-de-tu-hijo-en-una-oportunidad-de-aprendizaje.html\" target=\"_blank\" rel=\"noopener\">C\u00f3mo convertir una mentira de tu hijo\/a en una oportunidad de aprendizaje.<\/a><\/strong><\/span><\/p>\n<p><span style=\"color: #ab2668;\"><strong>Semana 16: <a href=\"https:\/\/elpais.com\/mamas-papas\/2026-01-21\/motivos-a-favor-y-en-contra-de-que-un-nino-de-10-anos-vaya-solo-al-colegio.html\" target=\"_blank\" rel=\"noopener\">Motivos a favor y en contra de que un\/a ni\u00f1o\/a de 10 a\u00f1os vaya solo al colegio.<\/a><\/strong><\/span><\/p>\n<p><span style=\"color: #ab2668;\"><strong>Semana 15: <a href=\"https:\/\/elpais.com\/mamas-papas\/familia\/2026-01-10\/la-tribu-elegida-o-por-que-las-amistades-que-crean-los-ninos-construyen-hogar.html\" target=\"_blank\" rel=\"noopener\">La tribu elegida o por qu\u00e9 las amistades que crean los ni\u00f1os y ni\u00f1as construyen hogar.<\/a><\/strong><\/span><\/p>\n<p><span style=\"color: #ab2668;\"><strong>Semana 14: <a href=\"https:\/\/elpais.com\/mamas-papas\/familia\/2025-12-31\/aburrirse-en-familia-y-otros-nueve-propositos-paternales-para-el-2026.html\" target=\"_blank\" rel=\"noopener\">Aburrirse en familia y otros nueve prop\u00f3sitos paternales para el 2026.<\/a><\/strong><\/span><\/p>\n<p><span style=\"color: #ab2668;\"><strong>Semana 13: <a href=\"https:\/\/elpais.com\/mamas-papas\/familia\/2025-12-21\/como-los-preparativos-navidenos-ayudan-a-tu-hijo-a-ser-mas-paciente.html\" target=\"_blank\" rel=\"noopener\">C\u00f3mo los preparativos navide\u00f1os ayudan a tu hijo\/a a ser m\u00e1s paciente.<\/a><\/strong><\/span><\/p>\n<p><span style=\"color: #ab2668;\"><strong>Semana 12: <a href=\"https:\/\/elpais.com\/mamas-papas\/2025-12-13\/seis-expertos-recomiendan-el-mejor-regalo-de-navidad-para-ninos-y-adolescentes.html\" target=\"_blank\" rel=\"noopener\">Seis expertos recomiendan el mejor regalo de Navidad para ni\u00f1os y adolescentes.<\/a><\/strong><\/span><\/p>\n<p><span style=\"color: #ab2668;\"><strong>Semana 11: <a class=\"customize-unpreviewable\" href=\"https:\/\/elpais.com\/mamas-papas\/2025-12-04\/que-es-y-que-beneficios-tiene-la-regla-de-los-cuatro-regalos-en-navidad-y-la-buena-idea-de-anadir-un-quinto-para-otro.html\" target=\"_blank\" rel=\"noopener\">Qu\u00e9 es y qu\u00e9 beneficios tiene la regla de los cuatro regalos en Navidad.<\/a><\/strong><\/span><\/p>\n<p><span style=\"color: #ab2668;\"><strong>Semana 10: <a class=\"customize-unpreviewable\" href=\"https:\/\/elpais.com\/mamas-papas\/2025-11-25\/la-infancia-de-ahora-es-mejor-que-la-de-antes.html\" target=\"_blank\" rel=\"noopener\">\u00bfLa infancia de ahora es mejor que la de antes?<\/a><\/strong><\/span><\/p>\n<p><span style=\"color: #ab2668;\"><strong>Semana 9: <a href=\"https:\/\/elpais.com\/mamas-papas\/expertos\/2025-11-14\/laura-alvarez-pediatra-y-creadora-de-contenido-los-habitos-solo-suman-bienestar-cuando-se-viven-con-naturalidad-y-flexibilidad.html\" target=\"_blank\" rel=\"noopener\"><em>\u201cLos h\u00e1bitos solo suman bienestar cuando se viven con naturalidad y flexibilidad\u201d<\/em><\/a><\/strong><\/span><\/p>\n<p><span style=\"color: #ab2668;\"><strong>Semana 8: <a class=\"customize-unpreviewable\" href=\"https:\/\/elpais.com\/mamas-papas\/expertos\/2025-11-06\/mi-hijo-no-cuenta-nada-al-salir-de-clase-como-inicio-una-conversacion-fluida.html\" target=\"_blank\" rel=\"noopener\">Mi hijo\/a no cuenta nada al salir de clase: \u00bfc\u00f3mo inicio una conversaci\u00f3n fluida?<\/a><\/strong><\/span><\/p>\n<p><span style=\"color: #ab2668;\"><strong>Semana 7: <a href=\"https:\/\/www.educaciontrespuntocero.com\/recursos\/que-es-la-cibergogia\/\" target=\"_blank\" rel=\"noopener\">No se trata de usar tecnolog\u00eda, sino de aprender con ella.<\/a><\/strong><\/span><\/p>\n<p><span style=\"color: #ab2668;\"><strong>Semana 6: <a href=\"https:\/\/elpais.com\/mamas-papas\/familia\/2025-10-22\/esta-afectando-el-uso-de-pantallas-al-desarrollo-del-lenguaje-en-los-ninos.html#?rel=lom\" target=\"_blank\" rel=\"noopener\">\u00bfEst\u00e1 afectando el uso de pantallas al desarrollo del lenguaje en los ni\u00f1os y ni\u00f1as?<\/a><\/strong><\/span><\/p>\n<p><span style=\"color: #ab2668;\"><strong>Semana 5: <a class=\"customize-unpreviewable\" href=\"https:\/\/elpais.com\/mamas-papas\/2025-10-16\/ninos-sobreexigidos-la-presion-del-exito-que-lleva-al-fracaso.html\" target=\"_blank\" rel=\"noopener\">Ni\u00f1os sobreexigidos: la presi\u00f3n del \u00e9xito que lleva al fracaso.<\/a><\/strong><\/span><\/p>\n<p><span style=\"color: #ab2668;\"><strong>Semana 4: <a href=\"https:\/\/elpais.com\/mamas-papas\/actualidad\/2025-09-28\/por-que-hay-que-ensenar-inteligencia-emocional-a-los-ninos-en-el-colegio-y-en-casa.html\" target=\"_blank\" rel=\"noopener\">Por qu\u00e9 hay que ense\u00f1ar inteligencia emocional a los ni\u00f1os y ni\u00f1as en el colegio y en casa.<\/a><\/strong><\/span><\/p>\n<p><span style=\"color: #ab2668;\"><strong>Semana 3: <a href=\"https:\/\/elpais.com\/mamas-papas\/actualidad\/2025-10-05\/dia-mundial-del-docente-por-que-hay-que-ensenar-a-los-ninos-a-dar-valor-a-los-profesores.html\" target=\"_blank\" rel=\"noopener\">D\u00eda Mundial del Docente: por qu\u00e9 hay que ense\u00f1ar a los ni\u00f1os a dar valor a los profesores.<\/a><\/strong><\/span><\/p>\n<p><span style=\"color: #ab2668;\"><strong>Semana 2: <a href=\"https:\/\/elpais.com\/mamas-papas\/expertos\/2025-09-27\/cuatro-claves-para-establecer-limites-de-manera-clara-y-sencilla-en-casa.html\" target=\"_blank\" rel=\"noopener\">Cuatro claves para establecer l\u00edmites de manera clara y sencilla en casa.<\/a><\/strong><\/span><\/p>\n<p><span style=\"color: #ab2668;\"><strong>Semana 1:<\/strong><\/span> <strong><a href=\"https:\/\/elpais.com\/mamas-papas\/2025-08-31\/por-que-son-necesarias-las-extraescolares-y-claves-para-acertar-en-la-eleccion.html#?rel=lom\" target=\"_blank\" rel=\"noopener\">Por qu\u00e9 son necesarias las extraescolares y claves para acertar en la elecci\u00f3n.<\/a><\/strong><\/p>\n<p>&nbsp;<\/p>\n\n\n<div class=\"button-yellow\" <=\"\" strong=\"\"> <a href=\"https:\/\/cpsanguesa.educacion.navarra.es\/blogs\/seccion-esta-semana-2024-2025\/\"><strong>Secci\u00f3n &#8216;Esta semana&#8217;. Curso 2024-2025.<\/strong><\/a><\/div>\n\n\n\n<div class=\"button-yellow\" <=\"\" strong=\"\"> <a href=\"https:\/\/cpsanguesa.educacion.navarra.es\/blogs\/seccion-esta-semana-2023-2024\/\"><strong>Secci\u00f3n &#8216;Esta semana&#8217;. Curso 2023-2024.<\/strong><\/a><\/div>\n\n\n\n<div class=\"button-yellow\" <=\"\" strong=\"\"> <a href=\"https:\/\/cpsanguesa.educacion.navarra.es\/blogs\/seccion-esta-semana-2022-2023\/\"><strong>Secci\u00f3n &#8216;Esta semana&#8217;. Curso 2022-2023.<\/strong><\/a><\/div>\n\n\n\n<div class=\"button-yellow\" <=\"\" strong=\"\"> <a href=\"https:\/\/cpsanguesa.educacion.navarra.es\/blogs\/seccion-esta-semana-2021-2022\/\"><strong>Secci\u00f3n &#8216;Esta semana&#8217;. Curso 2021-2022.<\/strong><\/a><\/div>\n\n\n\n<div class=\"button-yellow\" <=\"\" strong=\"\"> <a href=\"https:\/\/cpsanguesa.educacion.navarra.es\/blogs\/seccion-esta-semana-2020-2021\/\"><strong>Secci\u00f3n &#8216;Esta semana&#8217;. Curso 2020-2021.<\/strong><\/a><\/div>\n\n\n\n<div class=\"button-yellow\" <=\"\" strong=\"\"> <a href=\"https:\/\/cpsanguesa.educacion.navarra.es\/blogs\/seccion-esta-semana-2019-2020\/\"><strong>Secci\u00f3n &#8216;Esta semana&#8217;. Curso 2019-2020.<\/strong><\/a><\/div>\n\n\n\n<div class=\"button-yellow\" <=\"\" strong=\"\"> <a href=\"https:\/\/cpsanguesa.educacion.navarra.es\/blogs\/seccion-esta-semana-2018-2019\/\"><strong>Secci\u00f3n &#8216;Esta semana&#8217;. Curso 2018-2019.<\/strong><\/a><\/div>\n","protected":false},"excerpt":{"rendered":"<p>Esta secci\u00f3n recoge los art\u00edculos que se seleccionan cada semana con objeto de ofrecer a los padres y madres contenidos \u00fatiles para la educaci\u00f3n de sus hijos e hijas. Semana 25: Luis Efra\u00edn, pedagogo:&nbsp;\u201cEducar no consiste solo en transmitir conocimientos, sino en formar personas capaces de gestionar sus emociones\u201d Semana 24: \u00bfHasta qu\u00e9 punto tienen [&hellip;]<\/p>\n","protected":false},"author":1,"featured_media":0,"parent":0,"menu_order":0,"comment_status":"closed","ping_status":"closed","template":"","meta":{"_editorskit_title_hidden":false,"_editorskit_reading_time":2,"_editorskit_is_block_options_detached":false,"_editorskit_block_options_position":"{}","_genesis_hide_title":false,"_genesis_hide_breadcrumbs":false,"_genesis_hide_singular_image":false,"_genesis_hide_footer_widgets":false,"_genesis_custom_body_class":"","_genesis_custom_post_class":"","_genesis_layout":"","ngg_post_thumbnail":0},"_links":{"self":[{"href":"https:\/\/cpsanguesa.educacion.navarra.es\/blogs\/wp-json\/wp\/v2\/pages\/2225"}],"collection":[{"href":"https:\/\/cpsanguesa.educacion.navarra.es\/blogs\/wp-json\/wp\/v2\/pages"}],"about":[{"href":"https:\/\/cpsanguesa.educacion.navarra.es\/blogs\/wp-json\/wp\/v2\/types\/page"}],"author":[{"embeddable":true,"href":"https:\/\/cpsanguesa.educacion.navarra.es\/blogs\/wp-json\/wp\/v2\/users\/1"}],"replies":[{"embeddable":true,"href":"https:\/\/cpsanguesa.educacion.navarra.es\/blogs\/wp-json\/wp\/v2\/comments?post=2225"}],"version-history":[{"count":0,"href":"https:\/\/cpsanguesa.educacion.navarra.es\/blogs\/wp-json\/wp\/v2\/pages\/2225\/revisions"}],"wp:attachment":[{"href":"https:\/\/cpsanguesa.educacion.navarra.es\/blogs\/wp-json\/wp\/v2\/media?parent=2225"}],"curies":[{"name":"wp","href":"https:\/\/api.w.org\/{rel}","templated":true}]}}