{"id":264,"date":"2012-01-01T22:58:12","date_gmt":"2012-01-01T21:58:12","guid":{"rendered":"http:\/\/cpsanguesa.educacion.navarra.es\/blogs\/?page_id=264"},"modified":"2022-11-06T09:47:32","modified_gmt":"2022-11-06T08:47:32","slug":"contacto","status":"publish","type":"page","link":"https:\/\/cpsanguesa.educacion.navarra.es\/blogs\/apyma\/contacto\/","title":{"rendered":"Contacto APYMA"},"content":{"rendered":"<p><a href=\"https:\/\/cpsanguesa.educacion.navarra.es\/blogs\/wp-content\/uploads\/2012\/01\/Apyma_Logo.jpg\"><img loading=\"lazy\" class=\"wp-image-3890  alignleft\" title=\"Apyma_Logo\" src=\"https:\/\/cpsanguesa.educacion.navarra.es\/blogs\/wp-content\/uploads\/2021\/10\/apyma-2.png\" alt=\"\" width=\"153\" height=\"148\" srcset=\"https:\/\/cpsanguesa.educacion.navarra.es\/blogs\/wp-content\/uploads\/2021\/10\/apyma-2.png 533w, https:\/\/cpsanguesa.educacion.navarra.es\/blogs\/wp-content\/uploads\/2021\/10\/apyma-2-300x291.png 300w\" sizes=\"(max-width: 153px) 100vw, 153px\" \/><\/a>Se puede contactar con la APYMA para cualquier cuesti\u00f3n a trav\u00e9s del <strong>buz\u00f3n <\/strong>habilitado en el vest\u00edbulo del Colegio o por medio del <strong>correo electr\u00f3nico<\/strong>: <strong><span style=\"text-decoration: underline; color: #1b6078;\">noraapyma@gmail.com<\/span><\/strong><\/p>\n<p>Tambi\u00e9n se puede utilizar el <span style=\"color: #1b6078;\"><a style=\"color: #1b6078;\" href=\"https:\/\/cpsanguesa.educacion.navarra.es\/blogs\/apyma\/buzon-apyma\/\"><strong>buz\u00f3n <span style=\"color: #1b6078;\">privado<\/span> de esta p\u00e1gina web<\/strong><\/a><\/span>, que llega directamente a la direcci\u00f3n de correo de la APYMA.<\/p>\n<p>Asimismo, se pueden seguir las publicaciones de la APYMA Nora a trav\u00e9s de su <em><strong><span style=\"color: #1b6078;\"><a style=\"color: #1b6078;\" href=\"https:\/\/es-es.facebook.com\/apymanora\/\">Facebook<\/a><\/span><\/strong><\/em>, <a href=\"https:\/\/www.instagram.com\/apymanora\/\"><span style=\"color: #1b6078;\"><em><strong>Instagram<\/strong><\/em><\/span><\/a> o <a href=\"http:\/\/apymanora.blogspot.com.es\/\"><strong><span style=\"color: #1b6078;\"><em>Blog<\/em>.<\/span><\/strong><\/a><\/p>\n","protected":false},"excerpt":{"rendered":"<p>Se puede contactar con la APYMA para cualquier cuesti\u00f3n a trav\u00e9s del buz\u00f3n habilitado en el vest\u00edbulo del Colegio o por medio del correo electr\u00f3nico: noraapyma@gmail.com Tambi\u00e9n se puede utilizar el buz\u00f3n privado de esta p\u00e1gina web, que llega directamente a la direcci\u00f3n de correo de la APYMA. Asimismo, se pueden seguir las publicaciones de [&hellip;]<\/p>\n","protected":false},"author":1,"featured_media":0,"parent":25,"menu_order":2,"comment_status":"closed","ping_status":"open","template":"","meta":{"_editorskit_title_hidden":false,"_editorskit_reading_time":1,"_editorskit_is_block_options_detached":false,"_editorskit_block_options_position":"{}","_genesis_hide_title":false,"_genesis_hide_breadcrumbs":false,"_genesis_hide_singular_image":false,"_genesis_hide_footer_widgets":false,"_genesis_custom_body_class":"","_genesis_custom_post_class":"","_genesis_layout":"","ngg_post_thumbnail":0},"_links":{"self":[{"href":"https:\/\/cpsanguesa.educacion.navarra.es\/blogs\/wp-json\/wp\/v2\/pages\/264"}],"collection":[{"href":"https:\/\/cpsanguesa.educacion.navarra.es\/blogs\/wp-json\/wp\/v2\/pages"}],"about":[{"href":"https:\/\/cpsanguesa.educacion.navarra.es\/blogs\/wp-json\/wp\/v2\/types\/page"}],"author":[{"embeddable":true,"href":"https:\/\/cpsanguesa.educacion.navarra.es\/blogs\/wp-json\/wp\/v2\/users\/1"}],"replies":[{"embeddable":true,"href":"https:\/\/cpsanguesa.educacion.navarra.es\/blogs\/wp-json\/wp\/v2\/comments?post=264"}],"version-history":[{"count":0,"href":"https:\/\/cpsanguesa.educacion.navarra.es\/blogs\/wp-json\/wp\/v2\/pages\/264\/revisions"}],"up":[{"embeddable":true,"href":"https:\/\/cpsanguesa.educacion.navarra.es\/blogs\/wp-json\/wp\/v2\/pages\/25"}],"wp:attachment":[{"href":"https:\/\/cpsanguesa.educacion.navarra.es\/blogs\/wp-json\/wp\/v2\/media?parent=264"}],"curies":[{"name":"wp","href":"https:\/\/api.w.org\/{rel}","templated":true}]}}