{"id":266,"date":"2012-01-01T23:01:56","date_gmt":"2012-01-01T22:01:56","guid":{"rendered":"http:\/\/cpsanguesa.educacion.navarra.es\/blogs\/?page_id=266"},"modified":"2025-08-08T10:32:34","modified_gmt":"2025-08-08T08:32:34","slug":"informaciones-apyma","status":"publish","type":"page","link":"https:\/\/cpsanguesa.educacion.navarra.es\/blogs\/apyma\/informaciones-apyma\/","title":{"rendered":"Informaci\u00f3n APYMA"},"content":{"rendered":"<h5><span style=\"color: #800000;\"><span style=\"color: #ab2668;\">LA APYMA &#8220;NORA&#8221;<\/span><br \/>\n<\/span><\/h5>\n<p>Desde la <strong>Asociaci\u00f3n de Padres y Madres &#8220;Nora&#8221; del Colegio P\u00fablico &#8220;Luis Gil&#8221; de Sang\u00fcesa<\/strong> os damos la bienvenida y os animamos a formar parte de ella.<br \/>\nSomos un v\u00ednculo entre las familias y el colegio, tramitando todo tipo de sugerencias. Adem\u00e1s, desde aqu\u00ed nos encargamos de organizar diversas actividades: extraescolares, excursiones, chocolatada de carnaval, charlas, escuela de padres\u2026 Muchas de las actividades realizadas tienen precio especial para los socios.<\/p>\n<h5><span style=\"color: #ab2668;\">COLABORACI\u00d3N CON LA APYMA<\/span><\/h5>\n<p>Necesitamos padres y madres que est\u00e9n dispuestos a dedicar parte de su tiempo a <strong>colaborar en distintos \u00e1mbitos de actuaci\u00f3n<\/strong>:<br \/>\n&#8211; Participando en la Junta Directiva con ideas y colaborando en la organizaci\u00f3n de nuestros proyectos y actividades.<br \/>\n&#8211; Colaborando de forma puntual en las actividades que se realizan en el colegio.<\/p>\n<p>P\u00e1sate por el local de la Asociaci\u00f3n en el colegio o ponte en contacto con nosotros por cualquier otro medio (buz\u00f3n en el colegio, email, buz\u00f3n de sugerencias de esta web). Com\u00e9ntanos de qu\u00e9 manera prefieres colaborar o en qu\u00e9 actividades. Es necesaria la colaboraci\u00f3n de todos, porque todos podemos aportar a la educaci\u00f3n de nuestros hijos e hijas en el centro.<\/p>\n<h5><span style=\"color: #ab2668;\">JUNTA DE LA APYMA<\/span><\/h5>\n<ul>\n<li><strong>Presidencia<\/strong>: Elena San Miguel<\/li>\n<li><strong>Vicepresidencia<\/strong>: Elena Reta<\/li>\n<li><strong>Secretar\u00eda<\/strong>: Maite Aragon\u00e9s<\/li>\n<li><strong>Tesorer\u00eda<\/strong>: Beatriz Gallu\u00e9s<\/li>\n<li><strong>Vocales<\/strong>:&nbsp;\n<ul>\n<li>Rebeca Ezquerro<\/li>\n<li>Nora Iso<\/li>\n<li>Alba Sola<\/li>\n<li>\u00c1ngela Zunzunegui<\/li>\n<\/ul>\n<\/li>\n<\/ul>\n<h5><span style=\"color: #ab2668;\">FUNCIONES DE LA APYMA<\/span><\/h5>\n<p>La APYMA &#8220;Nora&#8221; pertenece a la <strong>Federaci\u00f3n de APYMAS de Navarra <a href=\"http:\/\/herrikoa.net\/index.htm\" target=\"_blank\" rel=\"noopener\">&#8220;Herrikoa&#8221;<\/a><\/strong>. En la web de esta federaci\u00f3n se recogen las funciones de las APYMAS.<br \/>\nEn el art\u00edculo 5 de la Ley org\u00e1nica 8\/1985, de 3 de Julio (LODE), reguladora del Derecho a la Educaci\u00f3n y en el Real Decreto 1533\/1986, del 11 de Julio , por el que se regulan las Asociaciones de Padres y Madres de Alumnos, recogido tambi\u00e9n en el Art\u00edculo 70 del T\u00edtulo VIII del Decreto Foral 25\/1997 ( Reglamentos Org\u00e1nicos de Secundaria), de 10 de Febrero y Art\u00edculo 54 del D.F. 24\/1997 ( R.O.C. de Infantil y Primaria), se reconocen a las Asociaciones de padres y madres de alumnos las siguientes facultades y funciones:<\/p>\n<ol>\n<li>Podr\u00e1n elevar al Consejo Escolar propuestas para la elaboraci\u00f3n y modificaci\u00f3n del Proyecto Educativo, de la Programaci\u00f3n General Anual, y del Reglamento de R\u00e9gimen Interior, respetando los aspectos pedag\u00f3gicos-docentes que competen al Claustro.<\/li>\n<li>Podr\u00e1n formular propuestas para la realizaci\u00f3n de actividades complementarias y extraescolares que, una vez aceptadas, deber\u00e1n figurar en la Programaci\u00f3n General Anual.<\/li>\n<li>Podr\u00e1n informar al Consejo Escolar de aquellos aspectos de la marcha del Centro que consideren oportunos.<\/li>\n<li>Podr\u00e1n elaborar informes para el Consejo Escolar, por iniciativa propia o a petici\u00f3n de \u00e9ste.<\/li>\n<li>Podr\u00e1n disponer de las instalaciones del Centro en los t\u00e9rminos establecidos en la normativa vigente (BON n\u00ba 10 del 23-1-95, Decreto Foral 2\/1995).<\/li>\n<li>Tendr\u00e1n derecho a recibir un ejemplar del Proyecto Educativo, y de sus modificaciones.<\/li>\n<li>Tendr\u00e1n derecho a recibir informaci\u00f3n del Consejo Escolar sobre temas tratados en el mismo, as\u00ed como recibir el orden del d\u00eda de dicho Consejo antes de su realizaci\u00f3n, con el objeto de poder elaborar propuestas.<\/li>\n<li>Tendr\u00e1n derecho a recibir informaci\u00f3n sobre los libros de texto y los materiales did\u00e1cticos adoptados por el Centro.<\/li>\n<li>Tendr\u00e1n derecho a conocer los resultados acad\u00e9micos y la valoraci\u00f3n que de los mismos realice el Consejo Escolar.<\/li>\n<li>Deber\u00e1n informar a los padres y madres de su actividad.<\/li>\n<li>Deber\u00e1n fomentar la colaboraci\u00f3n entre los padres y profesores del Centro para el buen funcionamiento del mismo.<\/li>\n<\/ol>\n<h5><span style=\"color: #ab2668;\">SOCIOS DE LA APYMA<\/span><\/h5>\n<p><strong><span style=\"color: #ab2668;\">Derechos de los socios:<\/span><\/strong><\/p>\n<ul>\n<li>Obtener un descuento en las cuotas de las Actividades Extraescolares.<\/li>\n<li>Asistir a cuantos actos organice la APYMA &#8220;Nora&#8221;.<\/li>\n<li>Colaborar en sus actividades en la forma que establezcan los Estatutos o acuerdos tomados por la Asamblea General, as\u00ed como los acuerdos adoptados por la Junta Directiva.<\/li>\n<li>Formular por escrito a la Junta Directiva cuantas iniciativas y sugerencias estimen oportunas.<\/li>\n<li>Recibir informaci\u00f3n de cuantos acuerdos importantes se adopten por la Junta Directiva o la Asamblea General Ordinaria o Extraordinaria, as\u00ed como informaci\u00f3n de los proyectos o cuestiones que afecten directamente a los fines de la APYMA.<\/li>\n<li>Participar con voz y voto en los acuerdos y deliberaciones de la Asamblea General.<\/li>\n<li>Ser candidato a la Junta Directiva.<\/li>\n<\/ul>\n<p><span style=\"color: #ab2668;\"><strong>Obligaciones de los socios:<\/strong><\/span><\/p>\n<ul>\n<li>Estar al corriente en el pago de las cuotas que se establezcan, salvo excepci\u00f3n justificada por la Junta.<\/li>\n<li>Observar los Estatutos y Reglamento de R\u00e9gimen Interno de la APYMA, as\u00ed como las disposiciones de la Junta y los acuerdos de la Asamblea General.<\/li>\n<li>Prestar ayuda y colaboraci\u00f3n personal en la medida de sus posibilidades.<\/li>\n<\/ul>\n<p><span style=\"color: #ab2668;\"><strong>Hacerse socios:<\/strong><\/span><\/p>\n<ul>\n<li>Completar la hoja de inscripci\u00f3n y depositarla en el buz\u00f3n de la APYMA en el colegio.<\/li>\n<li>Imprime y completa la hoja de inscripci\u00f3n: <a href=\"https:\/\/cpsanguesa.educacion.navarra.es\/blogs\/wp-content\/uploads\/2023\/10\/Preinscripcion_APYMA.pdf\" target=\"_blank\" rel=\"noopener\"><img loading=\"lazy\" class=\"alignnone wp-image-72 size-full\" title=\"pdf icon2\" src=\"https:\/\/cpsanguesa.educacion.navarra.es\/blogs\/wp-content\/uploads\/2011\/08\/pdf-icon2.png\" alt=\"\" width=\"48\" height=\"35\"><\/a><\/li>\n<\/ul>\n","protected":false},"excerpt":{"rendered":"<p>LA APYMA &#8220;NORA&#8221; Desde la Asociaci\u00f3n de Padres y Madres &#8220;Nora&#8221; del Colegio P\u00fablico &#8220;Luis Gil&#8221; de Sang\u00fcesa os damos la bienvenida y os animamos a formar parte de ella. Somos un v\u00ednculo entre las familias y el colegio, tramitando todo tipo de sugerencias. Adem\u00e1s, desde aqu\u00ed nos encargamos de organizar diversas actividades: extraescolares, excursiones, [&hellip;]<\/p>\n","protected":false},"author":1,"featured_media":0,"parent":25,"menu_order":3,"comment_status":"closed","ping_status":"open","template":"","meta":{"_editorskit_title_hidden":false,"_editorskit_reading_time":0,"_editorskit_is_block_options_detached":false,"_editorskit_block_options_position":"{}","_genesis_hide_title":false,"_genesis_hide_breadcrumbs":false,"_genesis_hide_singular_image":false,"_genesis_hide_footer_widgets":false,"_genesis_custom_body_class":"","_genesis_custom_post_class":"","_genesis_layout":"","ngg_post_thumbnail":0},"_links":{"self":[{"href":"https:\/\/cpsanguesa.educacion.navarra.es\/blogs\/wp-json\/wp\/v2\/pages\/266"}],"collection":[{"href":"https:\/\/cpsanguesa.educacion.navarra.es\/blogs\/wp-json\/wp\/v2\/pages"}],"about":[{"href":"https:\/\/cpsanguesa.educacion.navarra.es\/blogs\/wp-json\/wp\/v2\/types\/page"}],"author":[{"embeddable":true,"href":"https:\/\/cpsanguesa.educacion.navarra.es\/blogs\/wp-json\/wp\/v2\/users\/1"}],"replies":[{"embeddable":true,"href":"https:\/\/cpsanguesa.educacion.navarra.es\/blogs\/wp-json\/wp\/v2\/comments?post=266"}],"version-history":[{"count":0,"href":"https:\/\/cpsanguesa.educacion.navarra.es\/blogs\/wp-json\/wp\/v2\/pages\/266\/revisions"}],"up":[{"embeddable":true,"href":"https:\/\/cpsanguesa.educacion.navarra.es\/blogs\/wp-json\/wp\/v2\/pages\/25"}],"wp:attachment":[{"href":"https:\/\/cpsanguesa.educacion.navarra.es\/blogs\/wp-json\/wp\/v2\/media?parent=266"}],"curies":[{"name":"wp","href":"https:\/\/api.w.org\/{rel}","templated":true}]}}