{"id":2949,"date":"2020-03-16T22:45:37","date_gmt":"2020-03-16T21:45:37","guid":{"rendered":"http:\/\/cpsanguesa.educacion.navarra.es\/blogs\/?page_id=2949"},"modified":"2024-10-09T17:14:45","modified_gmt":"2024-10-09T15:14:45","slug":"atencion-alumnado-1o-educacion-primaria","status":"publish","type":"page","link":"https:\/\/cpsanguesa.educacion.navarra.es\/blogs\/atencion-alumnado-1o-educacion-primaria\/","title":{"rendered":"1\u00ba Educaci\u00f3n Primaria"},"content":{"rendered":"<div class=\"content-box-green\" style=\"text-align: center\"><span style=\"color: #000080\"><strong>Actividades y tareas a realizar por el alumnado durante el curso, tanto de manera presencial como si se presenta la necesidad de una atenci\u00f3n no presencial.<\/strong><\/span><\/div>\n\n\n<p class=\"has-text-align-center has-text-color has-background has-normal-font-size\" style=\"background-color:#dcd9ff;color:#14007a\"><strong>TODAS LAS ACTIVIDADES PROPUESTAS DE LAS DISTINTAS ASIGNATURAS <span style=\"text-decoration: underline\" class=\"ek-underline\"><\/span>SE PUEDEN VER EN EL CALENDARIO SIGUIENTE<\/strong>.<\/p>\n\n\n\n<div style=\"height:20px\" aria-hidden=\"true\" class=\"wp-block-spacer\"><\/div>\n\n\n\n<iframe loading=\"lazy\" src=\"https:\/\/calendar.google.com\/calendar\/embed?height=600&#038;wkst=2&#038;ctz=Europe%2FMadrid&#038;showPrint=0&#038;src=Y18zZmhwMW40Mzc1dG1tNThzZmhncHJ1OTVza0Bncm91cC5jYWxlbmRhci5nb29nbGUuY29t&#038;color=%23D81B60\" style=\"border:solid 1px #777\" width=\"1200\" height=\"600\" frameborder=\"0\" scrolling=\"no\"><\/iframe>\n\n\n\n<div class=\"wp-container-1 wp-block-group has-background\" style=\"background-color:#ffecd8\"><div class=\"wp-block-group__inner-container\">\n<div class=\"wp-block-columns\">\n<div class=\"wp-block-column\" style=\"flex-basis:66.66%\">\n<div style=\"height:20px\" aria-hidden=\"true\" class=\"wp-block-spacer\"><\/div>\n\n\n\n<div class=\"wp-block-image is-style-default\"><figure class=\"aligncenter size-medium is-resized\"><img loading=\"lazy\" src=\"https:\/\/cpsanguesa.educacion.navarra.es\/blogs\/wp-content\/uploads\/2020\/03\/AL_Logo-01-300x35.png\" alt=\"\" class=\"wp-image-3045\" width=\"350\" height=\"40\" srcset=\"https:\/\/cpsanguesa.educacion.navarra.es\/blogs\/wp-content\/uploads\/2020\/03\/AL_Logo-01-300x35.png 300w, https:\/\/cpsanguesa.educacion.navarra.es\/blogs\/wp-content\/uploads\/2020\/03\/AL_Logo-01-1024x120.png 1024w, https:\/\/cpsanguesa.educacion.navarra.es\/blogs\/wp-content\/uploads\/2020\/03\/AL_Logo-01-768x90.png 768w, https:\/\/cpsanguesa.educacion.navarra.es\/blogs\/wp-content\/uploads\/2020\/03\/AL_Logo-01.png 1046w\" sizes=\"(max-width: 350px) 100vw, 350px\" \/><\/figure><\/div>\n<\/div>\n\n\n\n<div class=\"wp-block-column\" style=\"flex-basis:33.33%\">\n<div style=\"height:20px\" aria-hidden=\"true\" class=\"wp-block-spacer\"><\/div>\n\n\n\n<div class=\"wp-block-button is-style-outline\"><a class=\"wp-block-button__link has-background\" href=\"https:\/\/docs.google.com\/presentation\/d\/111gQrzINl_CL57OFJ-RuuGBsmmn3cZrsP2qMJh_EbSM\/edit?usp=sharing\" style=\"background-color:#ffb987\" target=\"_blank\" rel=\"noreferrer noopener\">Enlace a las Actividades<\/a><\/div>\n\n\n\n<div style=\"height:20px\" aria-hidden=\"true\" class=\"wp-block-spacer\"><\/div>\n<\/div>\n<\/div>\n<\/div><\/div>\n\n\n\n<div class=\"wp-container-2 wp-block-group has-background\" style=\"background-color:#fdf5f7\"><div class=\"wp-block-group__inner-container\">\n<figure class=\"wp-block-table caption-align-center\"><table><tbody><tr><td class=\"has-text-align-center\" data-align=\"center\">En posibles situaciones de no presencialidad (cuarentena o confinamiento), el profesorado de 1\u00ba de Educaci\u00f3n Primaria estar\u00e1 disponible para resolver dudas y preguntas que puedan plantearse tanto al alumnado como a las familias <strong>de 9:00 h. a 14:00 horas a trav\u00e9s del correo electr\u00f3nico de Educaci\u00f3n<\/strong> <strong>y de videollamadas concertadas por Google Meet.<\/strong><\/td><\/tr><\/tbody><\/table><\/figure>\n<\/div><\/div>\n","protected":false},"excerpt":{"rendered":"<p>Actividades y tareas a realizar por el alumnado durante el curso, tanto de manera presencial como si se presenta la necesidad de una atenci\u00f3n no presencial. TODAS LAS ACTIVIDADES PROPUESTAS DE LAS DISTINTAS ASIGNATURAS SE PUEDEN VER EN EL CALENDARIO SIGUIENTE. En posibles situaciones de no presencialidad (cuarentena o confinamiento), el profesorado de 1\u00ba de [&hellip;]<\/p>\n","protected":false},"author":1,"featured_media":0,"parent":0,"menu_order":0,"comment_status":"closed","ping_status":"closed","template":"","meta":{"_editorskit_title_hidden":false,"_editorskit_reading_time":1,"_editorskit_is_block_options_detached":false,"_editorskit_block_options_position":"{}","_genesis_hide_title":false,"_genesis_hide_breadcrumbs":false,"_genesis_hide_singular_image":false,"_genesis_hide_footer_widgets":false,"_genesis_custom_body_class":"","_genesis_custom_post_class":"","_genesis_layout":"full-width-content","ngg_post_thumbnail":0},"_links":{"self":[{"href":"https:\/\/cpsanguesa.educacion.navarra.es\/blogs\/wp-json\/wp\/v2\/pages\/2949"}],"collection":[{"href":"https:\/\/cpsanguesa.educacion.navarra.es\/blogs\/wp-json\/wp\/v2\/pages"}],"about":[{"href":"https:\/\/cpsanguesa.educacion.navarra.es\/blogs\/wp-json\/wp\/v2\/types\/page"}],"author":[{"embeddable":true,"href":"https:\/\/cpsanguesa.educacion.navarra.es\/blogs\/wp-json\/wp\/v2\/users\/1"}],"replies":[{"embeddable":true,"href":"https:\/\/cpsanguesa.educacion.navarra.es\/blogs\/wp-json\/wp\/v2\/comments?post=2949"}],"version-history":[{"count":0,"href":"https:\/\/cpsanguesa.educacion.navarra.es\/blogs\/wp-json\/wp\/v2\/pages\/2949\/revisions"}],"wp:attachment":[{"href":"https:\/\/cpsanguesa.educacion.navarra.es\/blogs\/wp-json\/wp\/v2\/media?parent=2949"}],"curies":[{"name":"wp","href":"https:\/\/api.w.org\/{rel}","templated":true}]}}