{"id":3050,"date":"2020-03-24T15:56:23","date_gmt":"2020-03-24T14:56:23","guid":{"rendered":"http:\/\/cpsanguesa.educacion.navarra.es\/blogs\/?page_id=3050"},"modified":"2020-03-31T19:06:12","modified_gmt":"2020-03-31T17:06:12","slug":"recursos-educacion-infantil","status":"publish","type":"page","link":"https:\/\/cpsanguesa.educacion.navarra.es\/blogs\/recursos-educacion-infantil\/","title":{"rendered":"+ Recursos Educaci\u00f3n Infantil"},"content":{"rendered":"\n<div class=\"wp-block-image is-style-default\"><figure class=\"aligncenter size-full\"><img loading=\"lazy\" width=\"2560\" height=\"148\" src=\"https:\/\/cpsanguesa.educacion.navarra.es\/blogs\/wp-content\/uploads\/2020\/03\/Colores-01-rec1.jpg\" alt=\"\" class=\"wp-image-3059\" srcset=\"https:\/\/cpsanguesa.educacion.navarra.es\/blogs\/wp-content\/uploads\/2020\/03\/Colores-01-rec1.jpg 2560w, https:\/\/cpsanguesa.educacion.navarra.es\/blogs\/wp-content\/uploads\/2020\/03\/Colores-01-rec1-300x17.jpg 300w, https:\/\/cpsanguesa.educacion.navarra.es\/blogs\/wp-content\/uploads\/2020\/03\/Colores-01-rec1-1024x59.jpg 1024w, https:\/\/cpsanguesa.educacion.navarra.es\/blogs\/wp-content\/uploads\/2020\/03\/Colores-01-rec1-768x44.jpg 768w, https:\/\/cpsanguesa.educacion.navarra.es\/blogs\/wp-content\/uploads\/2020\/03\/Colores-01-rec1-1536x89.jpg 1536w, https:\/\/cpsanguesa.educacion.navarra.es\/blogs\/wp-content\/uploads\/2020\/03\/Colores-01-rec1-2048x118.jpg 2048w\" sizes=\"(max-width: 2560px) 100vw, 2560px\" \/><\/figure><\/div>\n\n\n\n<div class=\"wp-container-1 wp-block-group has-background\" style=\"background-color:#ffffd9\"><div class=\"wp-block-group__inner-container\">\n<div style=\"height:20px\" aria-hidden=\"true\" class=\"wp-block-spacer\"><\/div>\n\n\n\n<h2 class=\"has-text-color has-text-align-center\" style=\"color:#1a069b\">&#8211; Recursos Educativos online &#8211;<\/h2>\n\n\n\n<figure class=\"wp-block-table\"><table class=\"\"><tbody><tr><td><em>Algunos de los enlaces siguientes contienen actividades en Flash, por lo que no se mostrar\u00e1n en tabletas y ordenadores de Apple (iPad, Mac, etc.). En otros sistemas operativos podr\u00edan no mostrarse las actividades si Flash no est\u00e1 actualizado o activado.<\/em><\/td><\/tr><\/tbody><\/table><\/figure>\n\n\n\n<figure class=\"wp-block-table caption-align-center is-style-regular\"><table class=\"\"><tbody><tr><td class=\"has-text-align-left\" data-align=\"left\"><a aria-label=\"EduClan, de 3 a 5 a\u00f1os. (opens in a new tab)\" class=\"ek-link ek-link\" rel=\"noreferrer noopener\" href=\"https:\/\/www.rtve.es\/educlan\/3-5-anos\/\" target=\"_blank\"><strong>EduClan <\/strong><\/a><a aria-label=\"EduClan, de 3 a 5 a\u00f1os. (opens in a new tab)\" class=\"ek-link ek-link\" rel=\"noreferrer noopener\" href=\"https:\/\/www.rtve.es\/educlan\/3-5-anos\/\" target=\"_blank\"><strong> 3 &#8211; 5 a\u00f1os.<\/strong><\/a><\/td><\/tr><tr><td class=\"has-text-align-left\" data-align=\"left\"><strong><a href=\"https:\/\/happylearning.tv\/\" target=\"_blank\" aria-label=\"Happy Learning. \ufffcV\u00eddeos, juegos y mucho m\u00e1s para que los ni\u00f1os y ni\u00f1as aprendan de una manera divertida. (opens in a new tab)\" rel=\"noreferrer noopener\" class=\"ek-link\">Happy Learning.<\/a> <a aria-label=\"EduClan. MoMonsters en ingl\u00e9s. (opens in a new tab)\" rel=\"noreferrer noopener\" href=\"https:\/\/www.rtve.es\/infantil\/series\/momonsters-ingles\/\" target=\"_blank\" class=\"ek-link\"><\/a>V\u00eddeos, juegos y mucho m\u00e1s para que los ni\u00f1os y ni\u00f1as aprendan de una manera divertida.<\/strong><\/td><\/tr><tr><td class=\"has-text-align-left\" data-align=\"left\"><strong><a href=\"http:\/\/ntic.educacion.es\/w3\/eos\/MaterialesEducativos\/mem2009\/caracol_serafin\/start_html.html\" target=\"_blank\" aria-label=\"El Caracol Seraf\u00edn. (opens in a new tab)\" rel=\"noreferrer noopener\" class=\"ek-link\">El Caracol Seraf\u00edn.<\/a> Conocimiento de s\u00ed mismo\/a y autonom\u00eda personal.<\/strong><\/td><\/tr><tr><td class=\"has-text-align-left\" data-align=\"left\"><strong><a href=\"http:\/\/ntic.educacion.es\/w3\/eos\/MaterialesEducativos\/mem2007\/cueva_tragapalabras\/\" target=\"_blank\" aria-label=\"La Cueva de Tragapalabras. (opens in a new tab)\" rel=\"noreferrer noopener\" class=\"ek-link\">La Cueva de Tragapalabras.<\/a> Lenguajes. Comunicaci\u00f3n y Representaci\u00f3n.<\/strong><\/td><\/tr><\/tbody><\/table><\/figure>\n\n\n\n<figure class=\"wp-block-table\"><table class=\"\"><tbody><tr><td><strong><a rel=\"noreferrer noopener\" href=\"https:\/\/www.rtve.es\/infantil\/ingles\/\" target=\"_blank\" class=\"ek-link\">Let&#8217;s Clan.<\/a> Todos los v\u00eddeos en ingl\u00e9s de las series de Clan.<\/strong><\/td><\/tr><tr><td><strong><a rel=\"noreferrer noopener\" href=\"https:\/\/learnenglishkids.britishcouncil.org\/es\" target=\"_blank\" class=\"ek-link\">British Council Kids.<\/a> Learn English Kids. Lots of free online games, songs, stories and activities for children to have fun and learn English. <\/strong><\/td><\/tr><tr><td><strong><a rel=\"noreferrer noopener\" href=\"http:\/\/kids.nationalgeographic.com\/\" target=\"_blank\">National Geographic Kids.<\/a><\/strong> <strong>Play games, watch videos, learn about animals, and places, and get fun facts on the <em>National Geographic Kids<\/em> website.  <\/strong><\/td><\/tr><tr><td><a rel=\"noreferrer noopener\" class=\"ek-link ek-link\" href=\"https:\/\/global.cbeebies.com\/\" target=\"_blank\"><strong>BBC. <\/strong><\/a><strong><a rel=\"noreferrer noopener\" class=\"ek-link ek-link\" href=\"https:\/\/global.cbeebies.com\/\" target=\"_blank\">CBeebies<\/a><\/strong><a rel=\"noreferrer noopener\" class=\"ek-link ek-link\" href=\"https:\/\/global.cbeebies.com\/\" target=\"_blank\"><strong>.<\/strong><\/a><strong> Fun games and early years activities.<\/strong><\/td><\/tr><tr><td><strong><a aria-label=\"Starfall. (opens in a new tab)\" rel=\"noreferrer noopener\" href=\"https:\/\/www.starfall.com\/h\/index-kindergarten.php\" target=\"_blank\" class=\"ek-link\">Starfall.<\/a><\/strong><\/td><\/tr><\/tbody><\/table><\/figure>\n\n\n\n<figure class=\"wp-block-table\"><table class=\"\"><tbody><tr><td><strong><a aria-label=\"Euskera.  Vocabulario 3, 4 y 5 a\u00f1os. (opens in a new tab)\" href=\"http:\/\/hitziki.onoff.es\/\" target=\"_blank\" rel=\"noreferrer noopener\" class=\"ek-link\">Euskera.  Vocabulario 3, 4 y 5 a\u00f1os.<\/a><\/strong> <strong>Recursos interactivos para trabajar y recordar vocabulario (animales, colores, n\u00fameros, alimentos\u2026) <\/strong><\/td><\/tr><tr><td><strong><a href=\"http:\/\/esanbaki.onoff.es\/\" target=\"_blank\" aria-label=\"Euskera.  Vocabulario 4 y 5 a\u00f1os. (opens in a new tab)\" rel=\"noreferrer noopener\" class=\"ek-link\">Euskera.  Vocabulario 4 y 5 a\u00f1os.<\/a><\/strong> <strong>Recursos interactivos para trabajar y recordar vocabulario (animales, colores, n\u00fameros, alimentos\u2026)  <\/strong><\/td><\/tr><tr><td><strong><a href=\"https:\/\/www.eitb.eus\/eu\/hiru3\/marrazki-bizidunak\/\" target=\"_blank\" aria-label=\"Euskera. Dibujos animados. (opens in a new tab)\" rel=\"noreferrer noopener\" class=\"ek-link\">Euskera. Dibujos animados.<\/a>  Marrazki Bizidunak Euskaraz.<\/strong><\/td><\/tr><tr><td><strong><a href=\"https:\/\/www.youtube.com\/watch?v=QtiOQHcFXtU&amp;list=PLU5NHUmeAN2ZZ7DB9QVP7cfHuQ32jI9Vl\" target=\"_blank\" aria-label=\"Euskera. Canciones. (opens in a new tab)\" rel=\"noreferrer noopener\" class=\"ek-link\">Euskera. Canciones.<\/a> Ene Kantak.<\/strong><\/td><\/tr><\/tbody><\/table><\/figure>\n<\/div><\/div>\n","protected":false},"excerpt":{"rendered":"<p>&#8211; Recursos Educativos online &#8211; Algunos de los enlaces siguientes contienen actividades en Flash, por lo que no se mostrar\u00e1n en tabletas y ordenadores de Apple (iPad, Mac, etc.). En otros sistemas operativos podr\u00edan no mostrarse las actividades si Flash no est\u00e1 actualizado o activado. EduClan 3 &#8211; 5 a\u00f1os. Happy Learning. V\u00eddeos, juegos y [&hellip;]<\/p>\n","protected":false},"author":1,"featured_media":0,"parent":0,"menu_order":0,"comment_status":"closed","ping_status":"closed","template":"","meta":{"_editorskit_title_hidden":false,"_editorskit_reading_time":1,"_editorskit_is_block_options_detached":false,"_editorskit_block_options_position":"{}","_genesis_hide_title":false,"_genesis_hide_breadcrumbs":false,"_genesis_hide_singular_image":false,"_genesis_hide_footer_widgets":false,"_genesis_custom_body_class":"","_genesis_custom_post_class":"","_genesis_layout":"full-width-content","ngg_post_thumbnail":0},"_links":{"self":[{"href":"https:\/\/cpsanguesa.educacion.navarra.es\/blogs\/wp-json\/wp\/v2\/pages\/3050"}],"collection":[{"href":"https:\/\/cpsanguesa.educacion.navarra.es\/blogs\/wp-json\/wp\/v2\/pages"}],"about":[{"href":"https:\/\/cpsanguesa.educacion.navarra.es\/blogs\/wp-json\/wp\/v2\/types\/page"}],"author":[{"embeddable":true,"href":"https:\/\/cpsanguesa.educacion.navarra.es\/blogs\/wp-json\/wp\/v2\/users\/1"}],"replies":[{"embeddable":true,"href":"https:\/\/cpsanguesa.educacion.navarra.es\/blogs\/wp-json\/wp\/v2\/comments?post=3050"}],"version-history":[{"count":0,"href":"https:\/\/cpsanguesa.educacion.navarra.es\/blogs\/wp-json\/wp\/v2\/pages\/3050\/revisions"}],"wp:attachment":[{"href":"https:\/\/cpsanguesa.educacion.navarra.es\/blogs\/wp-json\/wp\/v2\/media?parent=3050"}],"curies":[{"name":"wp","href":"https:\/\/api.w.org\/{rel}","templated":true}]}}