{"id":3052,"date":"2020-03-24T15:58:50","date_gmt":"2020-03-24T14:58:50","guid":{"rendered":"http:\/\/cpsanguesa.educacion.navarra.es\/blogs\/?page_id=3052"},"modified":"2021-04-01T07:22:14","modified_gmt":"2021-04-01T05:22:14","slug":"recursos-educacion-primaria","status":"publish","type":"page","link":"https:\/\/cpsanguesa.educacion.navarra.es\/blogs\/recursos-educacion-primaria\/","title":{"rendered":"+ Recursos Educaci\u00f3n Primaria"},"content":{"rendered":"\n<div class=\"wp-container-1 wp-block-group has-background\" style=\"background-color:#f5eaff\"><div class=\"wp-block-group__inner-container\">\n<div style=\"height:20px\" aria-hidden=\"true\" class=\"wp-block-spacer\"><\/div>\n\n\n\n<figure class=\"wp-block-table\"><table><tbody><tr><td><a aria-label=\"EduClan, de 6 a 8 a\u00f1os. (opens in a new tab)\" href=\"https:\/\/www.rtve.es\/educlan\/6-8-anos\/\" target=\"_blank\" rel=\"noreferrer noopener\" class=\"ek-link\"><strong>EduClan. 6 &#8211; 8 a\u00f1os.<\/strong><\/a><\/td><\/tr><tr><td><strong><a aria-label=\"EduClan, de 9 a 10 a\u00f1os. (opens in a new tab)\" href=\"https:\/\/www.rtve.es\/educlan\/9-10-anos\/\" target=\"_blank\" rel=\"noreferrer noopener\" class=\"ek-link\">EduClan. 9 &#8211; 10 a\u00f1os.<\/a><\/strong><\/td><\/tr><tr><td><a aria-label=\"Aprendemos en Casa. 6 - 8 a\u00f1os. V\u00eddeos de las clases y m\u00e1s. (opens in a new tab)\" rel=\"noreferrer noopener\" class=\"ek-link\" href=\"https:\/\/www.rtve.es\/infantil\/series\/aprendemos-casa-6-8\/\" target=\"_blank\"><strong>Aprendemos en Casa. 6 &#8211; 8 a\u00f1os.<\/strong><\/a><strong> <\/strong>V\u00eddeos de las clases y m\u00e1s.<\/td><\/tr><tr><td><strong><a aria-label=\"Aprendemos en Casa. 8 - 10 a\u00f1os. V\u00eddeos de las clases y m\u00e1s. (opens in a new tab)\" rel=\"noreferrer noopener\" class=\"ek-link\" href=\"https:\/\/www.rtve.es\/infantil\/series\/aprendemos-casa-8-10\/\" target=\"_blank\">Aprendemos en Casa. 8 &#8211; 10 a\u00f1os.<\/a> <\/strong>V\u00eddeos de las clases y m\u00e1s.<\/td><\/tr><tr><td><a aria-label=\"Aprendemos en Casa. 10 - 12 a\u00f1os. Videos de las Clases y m\u00e1s. (opens in a new tab)\" class=\"ek-link ek-link\" rel=\"noreferrer noopener\" href=\"https:\/\/www.rtve.es\/infantil\/series\/aprendemos-casa-10-12\/\" target=\"_blank\"><strong>Aprendemos en Casa. 10 &#8211; 12 a\u00f1os.<\/strong><\/a><strong> <\/strong>V\u00eddeos de las clases y m\u00e1s.<\/td><\/tr><\/tbody><\/table><\/figure>\n\n\n\n<figure class=\"wp-block-table\"><table><tbody><tr><td><strong><a rel=\"noreferrer noopener\" href=\"https:\/\/learnenglishkids.britishcouncil.org\/es\" target=\"_blank\" class=\"ek-link\">British Council Kids.<\/a><\/strong> Learn English Kids. Lots of free online games, songs, stories and activities for children to have fun and learn English.<\/td><\/tr><tr><td><a rel=\"noreferrer noopener\" href=\"https:\/\/kids.britannica.com\/\" target=\"_blank\" class=\"ek-link\"><strong>Britannica Online Encyclopedia for Kid<\/strong><\/a><strong><a rel=\"noreferrer noopener\" href=\"https:\/\/kids.britannica.com\/\" target=\"_blank\" class=\"ek-link\">s.<\/a><\/strong> The most trusted online kids encyclopedia for homework help and general knowledge information on a variety of subjects. <\/td><\/tr><tr><td><strong><a rel=\"noreferrer noopener\" href=\"http:\/\/kids.nationalgeographic.com\/\" target=\"_blank\" class=\"ek-link\">National Geographic Kids.<\/a><\/strong> Play games, watch videos, learn about animals, and places, and get fun facts on the <em>National Geographic Kids<\/em> website. <\/td><\/tr><tr><td><a rel=\"noreferrer noopener\" href=\"https:\/\/www.gamestolearnenglish.com\/\" target=\"_blank\" class=\"ek-link\"><strong>Games To Learn Englis<\/strong><\/a><strong><a rel=\"noreferrer noopener\" href=\"https:\/\/www.gamestolearnenglish.com\/\" target=\"_blank\" class=\"ek-link\">h.<\/a><\/strong> A place for students to practice English in an engaging and fun way. <\/td><\/tr><tr><td><strong><a rel=\"noreferrer noopener\" href=\"http:\/\/www.angles365.com\/classroom\/stories2.htm\" target=\"_blank\" class=\"ek-link\">Stories.<\/a><\/strong> Short stories with sound and lyrics.<\/td><\/tr><tr><td><strong><a href=\"http:\/\/www.sciencekids.co.nz\/sciencefacts.html\" target=\"_blank\" aria-label=\"Science Facts. (opens in a new tab)\" rel=\"noreferrer noopener\" class=\"ek-link\">Science Facts.<\/a> <\/strong>Learn interesting  earth facts, amazing chemistry facts, cool space facts, funny facts about  animals and much more.<\/td><\/tr><tr><td><strong><a href=\"http:\/\/www.sciencekids.co.nz\/gamesactivities.html\" target=\"_blank\" aria-label=\"Science Games For Kids. (opens in a new tab)\" rel=\"noreferrer noopener\" class=\"ek-link\">Science Games For Kids.<\/a> <\/strong>Enjoy fun science games for kids while learning more about science and technology.<\/td><\/tr><tr><td><strong><a href=\"http:\/\/www.sciencekids.co.nz\/experiments.html\" target=\"_blank\" aria-label=\"Science. Experiments For Kids. (opens in a new tab)\" rel=\"noreferrer noopener\" class=\"ek-link\">Science. Experiments For Kids.<\/a><\/strong> Learn interesting science and technology facts by experimenting  with different materials that react in surprising ways.<\/td><\/tr><tr><td><strong><a href=\"http:\/\/www.sciencekids.co.nz\/lessonplans.html\" target=\"_blank\" aria-label=\"Science Lessons. (opens in a new tab)\" rel=\"noreferrer noopener\" class=\"ek-link\">Science Lessons.<\/a><\/strong> Covering  topics such as earth, animals, technology, water, biology,  chemistry and  space, these science lesson plans and activities are  perfect for teaching students  the basics of science.<\/td><\/tr><tr><td><strong><a href=\"http:\/\/www.sciencekids.co.nz\/videos.html\" target=\"_blank\" aria-label=\"Science Videos. (opens in a new tab)\" rel=\"noreferrer noopener\" class=\"ek-link\">Science Videos.<\/a><\/strong> Check out some awesome experiments, animals  in the wild, the science of  sport, chemistry in action, biology basics, amazing human body  processes, nature clips, advanced robots, the latest  in technology and  much more.<\/td><\/tr><tr><td><strong><a href=\"http:\/\/www.sciencekids.co.nz\/quizzes.html\" target=\"_blank\" aria-label=\"Science Quizzes. (opens in a new tab)\" rel=\"noreferrer noopener\" class=\"ek-link\">Science Quizzes.<\/a><\/strong> Take the challenge of our fun science quizzes  for kids as well as a  range of printable word searches and free puzzle  worksheets.<\/td><\/tr><tr><td><strong><a href=\"http:\/\/www.sciencekids.co.nz\/topics.html\" target=\"_blank\" aria-label=\"Science Topics. (opens in a new tab)\" rel=\"noreferrer noopener\" class=\"ek-link\">Science Topics.<\/a><\/strong> Find a  wide range of great classroom teaching resources and ideas organized by  topic.<\/td><\/tr><tr><td><strong><a rel=\"noreferrer noopener\" href=\"https:\/\/www.abcya.com\/\" target=\"_blank\" class=\"ek-link\">ABCYA.<\/a> <\/strong>Games of literacy, maths, etc.<\/td><\/tr><tr><td><strong><a href=\"https:\/\/www.starfall.com\/h\/index-grades123.php\" target=\"_blank\" aria-label=\" (opens in a new tab)\" rel=\"noreferrer noopener\" class=\"ek-link\">Starfall.<\/a> <\/strong>Language, Arts &amp; Music. Grades 1, 2, 3.<\/td><\/tr><\/tbody><\/table><\/figure>\n<\/div><\/div>\n\n\n\n<p><\/p>\n","protected":false},"excerpt":{"rendered":"<p>EduClan. 6 &#8211; 8 a\u00f1os. EduClan. 9 &#8211; 10 a\u00f1os. Aprendemos en Casa. 6 &#8211; 8 a\u00f1os. V\u00eddeos de las clases y m\u00e1s. Aprendemos en Casa. 8 &#8211; 10 a\u00f1os. V\u00eddeos de las clases y m\u00e1s. Aprendemos en Casa. 10 &#8211; 12 a\u00f1os. V\u00eddeos de las clases y m\u00e1s. British Council Kids. Learn English Kids. [&hellip;]<\/p>\n","protected":false},"author":1,"featured_media":0,"parent":0,"menu_order":0,"comment_status":"closed","ping_status":"closed","template":"","meta":{"_editorskit_title_hidden":false,"_editorskit_reading_time":1,"_editorskit_is_block_options_detached":false,"_editorskit_block_options_position":"{}","_genesis_hide_title":false,"_genesis_hide_breadcrumbs":false,"_genesis_hide_singular_image":false,"_genesis_hide_footer_widgets":false,"_genesis_custom_body_class":"","_genesis_custom_post_class":"","_genesis_layout":"full-width-content","ngg_post_thumbnail":0},"_links":{"self":[{"href":"https:\/\/cpsanguesa.educacion.navarra.es\/blogs\/wp-json\/wp\/v2\/pages\/3052"}],"collection":[{"href":"https:\/\/cpsanguesa.educacion.navarra.es\/blogs\/wp-json\/wp\/v2\/pages"}],"about":[{"href":"https:\/\/cpsanguesa.educacion.navarra.es\/blogs\/wp-json\/wp\/v2\/types\/page"}],"author":[{"embeddable":true,"href":"https:\/\/cpsanguesa.educacion.navarra.es\/blogs\/wp-json\/wp\/v2\/users\/1"}],"replies":[{"embeddable":true,"href":"https:\/\/cpsanguesa.educacion.navarra.es\/blogs\/wp-json\/wp\/v2\/comments?post=3052"}],"version-history":[{"count":0,"href":"https:\/\/cpsanguesa.educacion.navarra.es\/blogs\/wp-json\/wp\/v2\/pages\/3052\/revisions"}],"wp:attachment":[{"href":"https:\/\/cpsanguesa.educacion.navarra.es\/blogs\/wp-json\/wp\/v2\/media?parent=3052"}],"curies":[{"name":"wp","href":"https:\/\/api.w.org\/{rel}","templated":true}]}}