{"id":32,"date":"2012-07-25T22:05:04","date_gmt":"2012-07-25T20:05:04","guid":{"rendered":"http:\/\/cpsanguesa.educacion.navarra.es\/blogs\/?page_id=32"},"modified":"2025-06-30T12:15:15","modified_gmt":"2025-06-30T10:15:15","slug":"calendario","status":"publish","type":"page","link":"https:\/\/cpsanguesa.educacion.navarra.es\/blogs\/guia-del-curso\/calendario\/","title":{"rendered":"Calendario Escolar y Horario del centro"},"content":{"rendered":"\n<div class=\"wp-block-image\"><figure class=\"aligncenter size-large\"><a href=\"https:\/\/cpsanguesa.educacion.navarra.es\/blogs\/wp-content\/uploads\/2025\/06\/DC0068-LG_Calendario-Escolar.jpg\"><img loading=\"lazy\" width=\"1024\" height=\"721\" src=\"https:\/\/cpsanguesa.educacion.navarra.es\/blogs\/wp-content\/uploads\/2025\/06\/DC0068-LG_Calendario-Escolar-1024x721.jpg\" alt=\"\" class=\"wp-image-5460\" srcset=\"https:\/\/cpsanguesa.educacion.navarra.es\/blogs\/wp-content\/uploads\/2025\/06\/DC0068-LG_Calendario-Escolar-1024x721.jpg 1024w, https:\/\/cpsanguesa.educacion.navarra.es\/blogs\/wp-content\/uploads\/2025\/06\/DC0068-LG_Calendario-Escolar-300x211.jpg 300w, https:\/\/cpsanguesa.educacion.navarra.es\/blogs\/wp-content\/uploads\/2025\/06\/DC0068-LG_Calendario-Escolar-768x540.jpg 768w, https:\/\/cpsanguesa.educacion.navarra.es\/blogs\/wp-content\/uploads\/2025\/06\/DC0068-LG_Calendario-Escolar-1536x1081.jpg 1536w, https:\/\/cpsanguesa.educacion.navarra.es\/blogs\/wp-content\/uploads\/2025\/06\/DC0068-LG_Calendario-Escolar-2048x1441.jpg 2048w\" sizes=\"(max-width: 1024px) 100vw, 1024px\" \/><\/a><\/figure><\/div>\n\n\n\n<h3 class=\"has-text-color\" style=\"color:#1b6078\"><strong>Horario del centro<\/strong><\/h3>\n\n\n\n<ul><li>Junio y septiembre:<strong> de 9:00 h a 14:10 h <\/strong><a rel=\"noreferrer noopener\" href=\"https:\/\/cpsanguesa.educacion.navarra.es\/blogs\/wp-content\/uploads\/2024\/06\/24-25-Calendario-Escolar_CPEIP-Luis-Gil-1.jpg\" target=\"_blank\"><\/a><\/li><li>De octubre a mayo: <ul><li><strong>Lunes a jueves de 9:00 h  a 16:25 h. <\/strong><\/li><\/ul><ul><li><strong>Viernes de 9:00 h a 14:10 h<\/strong><\/li><\/ul><\/li><\/ul>\n\n\n\n<h3 class=\"has-text-color\" style=\"color:#5a731b\"><strong>Descarga e imprime:<\/strong><\/h3>\n\n\n<ul>\n<li><span style=\"color: #000000;\"><strong>Calendario escolar <\/strong><a style=\"color: #000000;\" href=\"https:\/\/cpsanguesa.educacion.navarra.es\/blogs\/wp-content\/uploads\/2025\/06\/DC0068-LG_Calendario-Escolar.pdf\" target=\"_blank\" rel=\"noopener noreferrer\"><img loading=\"lazy\" class=\"wp-image-72 size-full alignnone\" title=\"pdf icon2\" src=\"https:\/\/cpsanguesa.educacion.navarra.es\/blogs\/wp-content\/uploads\/2011\/08\/pdf-icon2.png\" alt=\"\" width=\"48\" height=\"35\"><\/a><\/span><\/li>\n<li><span style=\"color: #000000;\"><strong>Plantilla del horario de aula&nbsp; &nbsp;<\/strong><a style=\"color: #000000;\" href=\"https:\/\/cpsanguesa.educacion.navarra.es\/blogs\/wp-content\/uploads\/2025\/06\/Horario-Infantil-y-Primaria.pdf\"><img loading=\"lazy\" class=\"alignnone wp-image-72 size-full\" title=\"pdf icon2\" src=\"https:\/\/cpsanguesa.educacion.navarra.es\/blogs\/wp-content\/uploads\/2011\/08\/pdf-icon2.png\" alt=\"\" width=\"48\" height=\"35\"><\/a><\/span><\/li>\n<\/ul>\n<p><span style=\"color: #000000;\">En el siguiente enlace del <strong><a style=\"color: #000000;\" href=\"https:\/\/www.educacion.navarra.es\/web\/dpto\/calendario-escolar\/\" target=\"_blank\" rel=\"noopener noreferrer\">Departamento de Educaci\u00f3n<\/a><\/strong> hay un cuadro-resumen de las condiciones que regulan la elaboraci\u00f3n del calendario escolar del <strong>curso actual<\/strong>&nbsp;en los niveles educativos no universitarios, con especificaci\u00f3n de d\u00edas de comienzo y finalizaci\u00f3n, d\u00edas festivos correspondientes, etc.<\/span><\/p>","protected":false},"excerpt":{"rendered":"<p>Horario del centro Junio y septiembre: de 9:00 h a 14:10 h De octubre a mayo: Lunes a jueves de 9:00 h a 16:25 h. Viernes de 9:00 h a 14:10 h Descarga e imprime: Calendario escolar Plantilla del horario de aula&nbsp; &nbsp; En el siguiente enlace del Departamento de Educaci\u00f3n hay un cuadro-resumen de [&hellip;]<\/p>\n","protected":false},"author":1,"featured_media":0,"parent":10,"menu_order":1,"comment_status":"closed","ping_status":"closed","template":"","meta":{"_editorskit_title_hidden":false,"_editorskit_reading_time":1,"_editorskit_is_block_options_detached":false,"_editorskit_block_options_position":"{}","_genesis_hide_title":false,"_genesis_hide_breadcrumbs":false,"_genesis_hide_singular_image":false,"_genesis_hide_footer_widgets":false,"_genesis_custom_body_class":"","_genesis_custom_post_class":"","_genesis_layout":"","ngg_post_thumbnail":0},"_links":{"self":[{"href":"https:\/\/cpsanguesa.educacion.navarra.es\/blogs\/wp-json\/wp\/v2\/pages\/32"}],"collection":[{"href":"https:\/\/cpsanguesa.educacion.navarra.es\/blogs\/wp-json\/wp\/v2\/pages"}],"about":[{"href":"https:\/\/cpsanguesa.educacion.navarra.es\/blogs\/wp-json\/wp\/v2\/types\/page"}],"author":[{"embeddable":true,"href":"https:\/\/cpsanguesa.educacion.navarra.es\/blogs\/wp-json\/wp\/v2\/users\/1"}],"replies":[{"embeddable":true,"href":"https:\/\/cpsanguesa.educacion.navarra.es\/blogs\/wp-json\/wp\/v2\/comments?post=32"}],"version-history":[{"count":0,"href":"https:\/\/cpsanguesa.educacion.navarra.es\/blogs\/wp-json\/wp\/v2\/pages\/32\/revisions"}],"up":[{"embeddable":true,"href":"https:\/\/cpsanguesa.educacion.navarra.es\/blogs\/wp-json\/wp\/v2\/pages\/10"}],"wp:attachment":[{"href":"https:\/\/cpsanguesa.educacion.navarra.es\/blogs\/wp-json\/wp\/v2\/media?parent=32"}],"curies":[{"name":"wp","href":"https:\/\/api.w.org\/{rel}","templated":true}]}}