{"id":3273,"date":"2020-09-06T07:26:04","date_gmt":"2020-09-06T05:26:04","guid":{"rendered":"http:\/\/cpsanguesa.educacion.navarra.es\/blogs\/?page_id=3273"},"modified":"2020-09-06T07:37:24","modified_gmt":"2020-09-06T05:37:24","slug":"seccion-esta-semana-2019-2020","status":"publish","type":"page","link":"https:\/\/cpsanguesa.educacion.navarra.es\/blogs\/seccion-esta-semana-2019-2020\/","title":{"rendered":"Secci\u00f3n \u2018Esta semana\u2026\u2019 2019-2020"},"content":{"rendered":"<div class=\"content-box-blue\">Esta secci\u00f3n recoge los art\u00edculos que se seleccionan cada semana con objeto de ofrecer a los padres y madres contenidos \u00fatiles para la educaci\u00f3n de sus hijos e hijas.<\/div>\n<p><span style=\"color: #ab2668;\"><strong>Semana 33: <a href=\"https:\/\/elpais.com\/elpais\/2020\/08\/12\/mamas_papas\/1597218952_800625.html\" target=\"_blank\" rel=\"noopener noreferrer\">Por qu\u00e9 fomentar la gratitud en los ni\u00f1os y ni\u00f1as contribuye a su felicidad.<\/a><br \/>\n<\/strong><\/span><\/p>\n<p><span style=\"color: #ab2668;\"><strong>Semana 32: <a href=\"https:\/\/elpais.com\/elpais\/2020\/08\/03\/mamas_papas\/1596435439_878472.html\" target=\"_blank\" rel=\"noopener noreferrer\">12 errores que ning\u00fan padre o madre deber\u00eda cometer.<\/a><br \/>\n<\/strong><\/span><\/p>\n<p><span style=\"color: #ab2668;\"><strong>Semana 3<\/strong><\/span><span style=\"color: #ab2668;\"><strong>1: <\/strong><\/span><strong><a href=\"https:\/\/elpais.com\/elpais\/2020\/07\/21\/mamas_papas\/1595311824_474880.html\" target=\"_blank\" rel=\"noopener noreferrer\">\u00bfSon las ciudades actuales entornos adecuados para los ni\u00f1os y ni\u00f1as?<\/a><\/strong><\/p>\n<p><span style=\"color: #ab2668;\"><strong>Semana 30: <a href=\"https:\/\/elpais.com\/elpais\/2020\/07\/20\/mamas_papas\/1595211887_725956.html\" target=\"_blank\" rel=\"noopener noreferrer\">La importancia del juego en los procesos cognitivos de los ni\u00f1os. y ni\u00f1as.<\/a><br \/>\n<\/strong><\/span><\/p>\n<p><span style=\"color: #ab2668;\"><strong>Semana 29: <a href=\"https:\/\/elpais.com\/elpais\/2020\/07\/10\/mamas_papas\/1594359267_421330.html\" target=\"_blank\" rel=\"noopener noreferrer\">La dif\u00edcil tarea de ense\u00f1ar a los ni\u00f1os a pedir perd\u00f3n.<\/a><br \/>\n<\/strong><\/span><\/p>\n<p><span style=\"color: #ab2668;\"><strong>Semana 28: <a href=\"https:\/\/elpais.com\/elpais\/2020\/06\/26\/mamas_papas\/1593178518_666959.html\" target=\"_blank\" rel=\"noopener noreferrer\">Educar en resiliencia proactiva o c\u00f3mo ense\u00f1ar a los ni\u00f1os a afrontar los golpes de la vida.<\/a><br \/>\n<\/strong><\/span><\/p>\n<p><span style=\"color: #ab2668;\"><strong>Semana 27: <a href=\"https:\/\/elpais.com\/elpais\/2020\/03\/25\/mamas_papas\/1585147508_278148.html\" target=\"_blank\" rel=\"noopener noreferrer\">Estemos tranquilos\/as, los\/as ni\u00f1os\/as son unos\/as supervivientes.<\/a><br \/>\n<\/strong><\/span><\/p>\n<p><span style=\"color: #ab2668;\"><strong>Semana 26: <a href=\"https:\/\/elpais.com\/elpais\/2020\/03\/24\/mamas_papas\/1585037483_752547.html\" target=\"_blank\" rel=\"noopener noreferrer\">Mantener a los ni\u00f1os activos durante la cuarentena: \u201cEs clave que los padres y madres sean ejemplo\u201d.<\/a><br \/>\n<\/strong><\/span><\/p>\n<p><span style=\"color: #ab2668;\"><strong>Semana 25. <a href=\"https:\/\/cpsanguesa.educacion.navarra.es\/blogs\/informacion-sobre-el-coronavirus-covid-19\/\" rel=\"noopener\">Informaci\u00f3n sobre el coronavirus COVID-19.<\/a><br \/>\n<\/strong><\/span><\/p>\n<p><span style=\"color: #ab2668;\"><strong>Semana 24: <a href=\"https:\/\/elpais.com\/elpais\/2020\/02\/25\/mamas_papas\/1582622511_662271.html\" target=\"_blank\" rel=\"noopener noreferrer\">C\u00f3mo ayudar a los ni\u00f1os y ni\u00f1as a gestionar el autocontrol.<\/a><br \/>\n<\/strong><\/span><\/p>\n<p><span style=\"color: #ab2668;\"><strong>Semana 23: <a href=\"https:\/\/elpais.com\/elpais\/2020\/02\/17\/mamas_papas\/1581930978_809757.html\" target=\"_blank\" rel=\"noopener noreferrer\">Ni\u00f1os y ni\u00f1as perfeccionistas: cinco pautas para que se liberen de la exigencia que les bloquea.<\/a><br \/>\n<\/strong><\/span><\/p>\n<p><span style=\"color: #ab2668;\"><strong>Semana 22: <a href=\"https:\/\/elpais.com\/elpais\/2020\/02\/04\/mamas_papas\/1580815500_046495.html\" target=\"_blank\" rel=\"noopener noreferrer\">C\u00f3mo mejorar la comunicaci\u00f3n con nuestros hijos e hijas.<\/a><br \/>\n<\/strong><\/span><\/p>\n<p><span style=\"color: #ab2668;\"><strong>Semana 21: <em><a href=\"https:\/\/elpais.com\/elpais\/2020\/01\/27\/mamas_papas\/1580139114_879363.html\" target=\"_blank\" rel=\"noopener noreferrer\">\u201cLa sobreprotecci\u00f3n cr\u00eda generaciones de cobardes, de ni\u00f1os\/as que creen que no tienen ning\u00fan valor\u201d<\/a><\/em><\/strong><\/span><\/p>\n<p><span style=\"color: #ab2668;\"><strong>Semana 20: <a href=\"https:\/\/elpais.com\/elpais\/2020\/01\/27\/mamas_papas\/1580118173_379872.html\" target=\"_blank\" rel=\"noopener noreferrer\">Ocho pautas para generar v\u00ednculos seguros con nuestros hijos<\/a><br \/>\n<\/strong><\/span><\/p>\n<p><span style=\"color: #ab2668;\"><strong>Semana 19: <a href=\"https:\/\/elpais.com\/elpais\/2020\/01\/24\/mamas_papas\/1579869982_422846.html\" target=\"_blank\" rel=\"noopener noreferrer\">El derecho, y no el privilegio, de una madre a cuidarse.<\/a><br \/>\n<\/strong><\/span><\/p>\n<p><span style=\"color: #ab2668;\"><strong>Semana 18: <a href=\"https:\/\/elpais.com\/elpais\/2020\/01\/09\/mamas_papas\/1578571712_686673.html\" target=\"_blank\" rel=\"noopener noreferrer\">Estas son las claves para saber si tu hijo\/a tiene problemas de visi\u00f3n.<\/a><br \/>\n<\/strong><\/span><\/p>\n<p><span style=\"color: #ab2668;\"><strong>Semana 17: <a href=\"https:\/\/elpais.com\/elpais\/2019\/12\/16\/mamas_papas\/1576495322_433895.html\" target=\"_blank\" rel=\"noopener noreferrer\">C\u00f3mo educar a los ni\u00f1os con el ejemplo.<\/a><br \/>\n<\/strong><\/span><\/p>\n<p><span style=\"color: #ab2668;\"><strong>Semana 16: <a href=\"https:\/\/elpais.com\/elpais\/2019\/12\/13\/mamas_papas\/1576240191_416693.html\" target=\"_blank\" rel=\"noopener noreferrer\">Mi hijo tiene miedo de Pap\u00e1 Noel, \u00bfqu\u00e9 puedo hacer?<\/a><br \/>\n<\/strong><\/span><\/p>\n<p><span style=\"color: #ab2668;\"><strong>Semana 15: <a href=\"https:\/\/elpais.com\/elpais\/2019\/12\/04\/mamas_papas\/1575473743_178583.html\" target=\"_blank\" rel=\"noopener noreferrer\">\u00bfPuede la literatura generar en los ni\u00f1os y ni\u00f1as conciencia medioambiental?<\/a><br \/>\n<\/strong><\/span><\/p>\n<p><span style=\"color: #ab2668;\"><strong>Semana 14: <a href=\"https:\/\/elpais.com\/elpais\/2019\/11\/25\/mamas_papas\/1574676447_900571.html\" target=\"_blank\" rel=\"noopener noreferrer\">El dise\u00f1o de los espacios educativos mejora el rendimiento y el aprendizaje del alumnado.<\/a><br \/>\n<\/strong><\/span><\/p>\n<p><span style=\"color: #ab2668;\"><strong>Semana 13: <a href=\"https:\/\/elpais.com\/elpais\/2019\/11\/11\/mamas_papas\/1573466004_336040.html\" target=\"_blank\" rel=\"noopener noreferrer\">C\u00f3mo ense\u00f1ar a los ni\u00f1os a autocontrolarse.<\/a><br \/>\n<\/strong><\/span><\/p>\n<p><span style=\"color: #ab2668;\"><strong>Semana 12: <a href=\"https:\/\/elpais.com\/elpais\/2019\/11\/05\/mamas_papas\/1572963981_224923.html\" target=\"_blank\" rel=\"noopener noreferrer\">Ventajas e inconvenientes de los videojuegos para los ni\u00f1os y adolescentes.<\/a><br \/>\n<\/strong><\/span><\/p>\n<p><span style=\"color: #ab2668;\"><strong>Semana 11: <a href=\"https:\/\/elpais.com\/elpais\/2019\/11\/06\/mamas_papas\/1573051697_582347.html\" target=\"_blank\" rel=\"noopener noreferrer\">La agenda o la vida: c\u00f3mo gestionar el tiempo para disfrutarlo con los hijos.<\/a><br \/>\n<\/strong><\/span><\/p>\n<p><span style=\"color: #ab2668;\"><strong>Semana 10: <a href=\"https:\/\/elpais.com\/elpais\/2019\/10\/21\/mamas_papas\/1571646605_359292.html\" target=\"_blank\" rel=\"noopener noreferrer\">Contar hasta 10 o la importancia de la paciencia en la educaci\u00f3n de los ni\u00f1os.<\/a><br \/>\n<\/strong><\/span><\/p>\n<p><span style=\"color: #ab2668;\"><strong>Semana 9: <em><a href=\"https:\/\/elpais.com\/elpais\/2019\/10\/14\/mamas_papas\/1571040586_168291.html?rel=mas\" target=\"_blank\" rel=\"noopener noreferrer\">\u201cMuchos padres cr\u00edan en la sobreprotecci\u00f3n lo que genera una gran ansiedad en sus hijos\u201d<\/a><\/em><br \/>\n<\/strong><\/span><\/p>\n<p><span style=\"color: #ab2668;\"><strong>Semana 8: <a href=\"https:\/\/elpais.com\/elpais\/2019\/10\/08\/mamas_papas\/1570524337_540604.html\" target=\"_blank\" rel=\"noopener noreferrer\">Empat\u00eda: mucho m\u00e1s que ponerte en el lugar de tu hijo.<\/a><br \/>\n<\/strong><\/span><\/p>\n<p><span style=\"color: #ab2668;\"><strong>Semana 7: <a class=\"customize-unpreviewable\" href=\"https:\/\/elpais.com\/elpais\/2019\/10\/08\/mamas_papas\/1570545338_529163.html\" target=\"_blank\" rel=\"noopener noreferrer\">C\u00f3mo evitar que los ni\u00f1os se conviertan en adictos a las pantallas.<\/a><br \/>\n<\/strong><\/span><\/p>\n<p><span style=\"color: #ab2668;\"><strong>Semana 6: <\/strong><\/span><a href=\"https:\/\/elpais.com\/elpais\/2019\/07\/22\/mamas_papas\/1563795370_939506.html\"><strong>Ocho consecuencias de evitar que nuestros hijos tomen decisiones.<\/strong> <\/a><\/p>\n<p><span style=\"color: #ab2668;\"><strong>Semana 5: <a href=\"https:\/\/elpais.com\/elpais\/2019\/09\/25\/mamas_papas\/1569405891_362114.html\" target=\"_blank\" rel=\"noopener noreferrer\">As\u00ed han evolucionado los padres y las madres en los grupos de WhatsApp del colegio.<\/a><br \/>\n<\/strong><\/span><\/p>\n<p><span style=\"color: #ab2668;\"><strong>Semana 4: <a href=\"https:\/\/elpais.com\/elpais\/2019\/09\/13\/mamas_papas\/1568373773_766385.html\" target=\"_blank\" rel=\"noopener noreferrer\">Por qu\u00e9 la actividad f\u00edsica es tan importante para los ni\u00f1os.<\/a><br \/>\n<\/strong><\/span><\/p>\n<p><span style=\"color: #ab2668;\"><strong>Semana 3:<\/strong><\/span> <a href=\"https:\/\/elpais.com\/elpais\/2019\/09\/10\/mamas_papas\/1568111974_760760.html\" target=\"_blank\" rel=\"noopener noreferrer\"><strong>Caminar a clase un kil\u00f3metro ida y vuelta supone m\u00e1s del 60% del ejercicio recomendado a los ni\u00f1os.<\/strong><\/a><\/p>\n<p><span style=\"color: #ab2668;\"><strong>Semana 2:<\/strong><\/span> <a href=\"https:\/\/elpais.com\/elpais\/2019\/08\/26\/eps\/1566808760_040879.html?por=mosaico\" target=\"_blank\" rel=\"noopener noreferrer\"><strong>\u00a1Mam\u00e1, quiero aburrirme!<\/strong><\/a><\/p>\n<p><span style=\"color: #ab2668;\"><strong>Semana 1:<\/strong><\/span> <a href=\"https:\/\/elpais.com\/sociedad\/2018\/10\/01\/actualidad\/1538414319_151637.html\" target=\"_blank\" rel=\"noopener noreferrer\"><strong>Instrucciones para sentir.<\/strong><\/a><\/p>\n","protected":false},"excerpt":{"rendered":"<p>Esta secci\u00f3n recoge los art\u00edculos que se seleccionan cada semana con objeto de ofrecer a los padres y madres contenidos \u00fatiles para la educaci\u00f3n de sus hijos e hijas. Semana 33: Por qu\u00e9 fomentar la gratitud en los ni\u00f1os y ni\u00f1as contribuye a su felicidad. Semana 32: 12 errores que ning\u00fan padre o madre deber\u00eda [&hellip;]<\/p>\n","protected":false},"author":1,"featured_media":0,"parent":0,"menu_order":0,"comment_status":"closed","ping_status":"closed","template":"","meta":{"_editorskit_title_hidden":false,"_editorskit_reading_time":2,"_editorskit_is_block_options_detached":false,"_editorskit_block_options_position":"{}","_genesis_hide_title":false,"_genesis_hide_breadcrumbs":false,"_genesis_hide_singular_image":false,"_genesis_hide_footer_widgets":false,"_genesis_custom_body_class":"","_genesis_custom_post_class":"","_genesis_layout":"","ngg_post_thumbnail":0},"_links":{"self":[{"href":"https:\/\/cpsanguesa.educacion.navarra.es\/blogs\/wp-json\/wp\/v2\/pages\/3273"}],"collection":[{"href":"https:\/\/cpsanguesa.educacion.navarra.es\/blogs\/wp-json\/wp\/v2\/pages"}],"about":[{"href":"https:\/\/cpsanguesa.educacion.navarra.es\/blogs\/wp-json\/wp\/v2\/types\/page"}],"author":[{"embeddable":true,"href":"https:\/\/cpsanguesa.educacion.navarra.es\/blogs\/wp-json\/wp\/v2\/users\/1"}],"replies":[{"embeddable":true,"href":"https:\/\/cpsanguesa.educacion.navarra.es\/blogs\/wp-json\/wp\/v2\/comments?post=3273"}],"version-history":[{"count":0,"href":"https:\/\/cpsanguesa.educacion.navarra.es\/blogs\/wp-json\/wp\/v2\/pages\/3273\/revisions"}],"wp:attachment":[{"href":"https:\/\/cpsanguesa.educacion.navarra.es\/blogs\/wp-json\/wp\/v2\/media?parent=3273"}],"curies":[{"name":"wp","href":"https:\/\/api.w.org\/{rel}","templated":true}]}}