{"id":33,"date":"2011-06-28T00:01:46","date_gmt":"2011-06-27T22:01:46","guid":{"rendered":"http:\/\/cpsanguesa.educacion.navarra.es\/blogs\/?page_id=33"},"modified":"2026-01-13T10:19:50","modified_gmt":"2026-01-13T09:19:50","slug":"tutorias","status":"publish","type":"page","link":"https:\/\/cpsanguesa.educacion.navarra.es\/blogs\/guia-del-curso\/tutorias\/","title":{"rendered":"Profesorado 2025-2026"},"content":{"rendered":"\n<div class=\"wp-block-image\"><figure class=\"aligncenter size-full is-resized\"><a href=\"https:\/\/cpsanguesa.educacion.navarra.es\/blogs\/wp-content\/uploads\/2022\/11\/pngegg-2-1.png\"><img loading=\"lazy\" src=\"https:\/\/cpsanguesa.educacion.navarra.es\/blogs\/wp-content\/uploads\/2022\/11\/pngegg-2-1.png\" alt=\"\" class=\"wp-image-4425\" width=\"547\" height=\"180\" srcset=\"https:\/\/cpsanguesa.educacion.navarra.es\/blogs\/wp-content\/uploads\/2022\/11\/pngegg-2-1.png 795w, https:\/\/cpsanguesa.educacion.navarra.es\/blogs\/wp-content\/uploads\/2022\/11\/pngegg-2-1-300x99.png 300w, https:\/\/cpsanguesa.educacion.navarra.es\/blogs\/wp-content\/uploads\/2022\/11\/pngegg-2-1-768x253.png 768w\" sizes=\"(max-width: 547px) 100vw, 547px\" \/><\/a><\/figure><\/div>\n\n\n\n<h4 class=\"has-text-align-center has-text-color\" style=\"color:#a81c6d\"><strong>Educaci\u00f3n Infantil<\/strong><\/h4>\n\n\n\n<figure class=\"wp-block-table is-style-stripes\" style=\"font-size:14px\"><table><thead><tr><th class=\"has-text-align-left\" data-align=\"left\">Grupo<\/th><th class=\"has-text-align-center\" data-align=\"center\">Tutora<\/th><th class=\"has-text-align-center\" data-align=\"center\">Correo electr\u00f3nico<\/th><th class=\"has-text-align-center\" data-align=\"center\">Horario tutor\u00edas<\/th><\/tr><\/thead><tbody><tr><td class=\"has-text-align-left\" data-align=\"left\">1\u00ba<\/td><td class=\"has-text-align-center\" data-align=\"center\">Patricia Lozano<\/td><td class=\"has-text-align-center\" data-align=\"center\">plozanocar@educacion.navarra.es<\/td><td class=\"has-text-align-center\" data-align=\"center\">Jueves de 14:40 h a 15:40 h<\/td><\/tr><tr><td class=\"has-text-align-left\" data-align=\"left\">1\u00ba-PAI<\/td><td class=\"has-text-align-center\" data-align=\"center\">Amaia Zunzarren<\/td><td class=\"has-text-align-center\" data-align=\"center\">azunzarsan2@educacion.navarra.es<\/td><td class=\"has-text-align-center\" data-align=\"center\">Jueves de 14:40 h a 15:40 h<\/td><\/tr><tr><td class=\"has-text-align-left\" data-align=\"left\">2\u00ba-A<\/td><td class=\"has-text-align-center\" data-align=\"center\">M\u00aa Pilar Ozcoidi<\/td><td class=\"has-text-align-center\" data-align=\"center\">mozcoid1@educacion.navarra.es<\/td><td class=\"has-text-align-center\" data-align=\"center\">Jueves de 8:00 h a 9:00 h<\/td><\/tr><tr><td class=\"has-text-align-left\" data-align=\"left\">2\u00ba-B PAI<\/td><td class=\"has-text-align-center\" data-align=\"center\">Laura Bravo<\/td><td class=\"has-text-align-center\" data-align=\"center\">lbravoir@educacion.navarra.es<\/td><td class=\"has-text-align-center\" data-align=\"center\">Jueves de 8:00 h a 9:00 h<\/td><\/tr><tr><td class=\"has-text-align-left\" data-align=\"left\">3\u00ba<\/td><td class=\"has-text-align-center\" data-align=\"center\">Laura Mayo<\/td><td class=\"has-text-align-center\" data-align=\"center\">lmayoferna@educacion.navarra.es<\/td><td class=\"has-text-align-center\" data-align=\"center\">Mi\u00e9rcoles de 14:40 h a 15:40 h<\/td><\/tr><tr><td class=\"has-text-align-left\" data-align=\"left\">3\u00baPAI<\/td><td class=\"has-text-align-center\" data-align=\"center\">Uxue Mart\u00ednez<\/td><td class=\"has-text-align-center\" data-align=\"center\">umartinzab@educacion.navarra.es<\/td><td class=\"has-text-align-center\" data-align=\"center\">Lunes de 14:40 h a 15:40 h<\/td><\/tr><tr><td class=\"has-text-align-left\" data-align=\"left\">Euskera<\/td><td class=\"has-text-align-center\" data-align=\"center\">Cristina Elizalde<\/td><td class=\"has-text-align-center\" data-align=\"center\">aguineajim@educacion.navarra.es<\/td><td class=\"has-text-align-center\" data-align=\"center\">Jueves de 8:00 h a 9:00 h<\/td><\/tr><\/tbody><\/table><\/figure>\n\n\n\n<h4 class=\"has-text-align-center has-text-color\" style=\"color:#1b6078\"><strong>Educaci\u00f3n Primaria<\/strong><\/h4>\n\n\n\n<figure class=\"wp-block-table is-style-stripes\" style=\"font-size:14px\"><table><thead><tr><th class=\"has-text-align-left\" data-align=\"left\">rupo<\/th><th class=\"has-text-align-center\" data-align=\"center\">Tutor\/a<\/th><th class=\"has-text-align-center\" data-align=\"center\">Correo electr\u00f3nico<\/th><th class=\"has-text-align-center\" data-align=\"center\">Horario tutor\u00edas<\/th><\/tr><\/thead><tbody><tr><td class=\"has-text-align-left\" data-align=\"left\">AA1<\/td><td class=\"has-text-align-center\" data-align=\"center\">Josune Ganuza<\/td><td class=\"has-text-align-center\" data-align=\"center\">jganuzaech@educacion.navarra.es<\/td><td class=\"has-text-align-center\" data-align=\"center\">Jueves de 14:40 h a 15:40 h<\/td><\/tr><tr><td class=\"has-text-align-left\" data-align=\"left\">AA2<\/td><td class=\"has-text-align-center\" data-align=\"center\">Itziar Osinalde<\/td><td class=\"has-text-align-center\" data-align=\"center\">iosinaleli@educacion.navarra.es<\/td><td class=\"has-text-align-center\" data-align=\"center\">Lunes de 14:40 h a 15:40 h<\/td><\/tr><tr><td class=\"has-text-align-left\" data-align=\"left\">1\u00baA<\/td><td class=\"has-text-align-center\" data-align=\"center\">Amaia Agudo<\/td><td class=\"has-text-align-center\" data-align=\"center\">aagudog@educacion.navarra.es<\/td><td class=\"has-text-align-center\" data-align=\"center\">Jueves de 14:40 h a 15:40 h<\/td><\/tr><tr><td class=\"has-text-align-left\" data-align=\"left\">1\u00baB-PAI<\/td><td class=\"has-text-align-center\" data-align=\"center\">Patricia Moreo<\/td><td class=\"has-text-align-center\" data-align=\"center\">pmoreosa@educacion.navarra.es<\/td><td class=\"has-text-align-center\" data-align=\"center\">Jueves de 8:00 h a 9:00 h<\/td><\/tr><tr><td class=\"has-text-align-left\" data-align=\"left\">2\u00baA<\/td><td class=\"has-text-align-center\" data-align=\"center\">Ainara Indave<\/td><td class=\"has-text-align-center\" data-align=\"center\">aindavecha@educacion.navarra.es<\/td><td class=\"has-text-align-center\" data-align=\"center\">Mi\u00e9rcoles de 14:30 h a 15:30 h<\/td><\/tr><tr><td class=\"has-text-align-left\" data-align=\"left\">2\u00baB-PAI<\/td><td class=\"has-text-align-center\" data-align=\"center\">Leyre Salvador<\/td><td class=\"has-text-align-center\" data-align=\"center\">lsalvadmer@educacion.navarra.es<\/td><td class=\"has-text-align-center\" data-align=\"center\">Lunes de 14:30 h a 15:30 h<\/td><\/tr><tr><td class=\"has-text-align-left\" data-align=\"left\">3\u00baA<\/td><td class=\"has-text-align-center\" data-align=\"center\">Imanol Napal<\/td><td class=\"has-text-align-center\" data-align=\"center\">inapalserr1@educacion.navarra.es<\/td><td class=\"has-text-align-center\" data-align=\"center\">Jueves de 14:10 h a 15:10 h<\/td><\/tr><tr><td class=\"has-text-align-left\" data-align=\"left\">3\u00baB-PAI<\/td><td class=\"has-text-align-center\" data-align=\"center\">Jon Ederra<\/td><td class=\"has-text-align-center\" data-align=\"center\">jederrafer1@educacion.navarra.es<\/td><td class=\"has-text-align-center\" data-align=\"center\">Mi\u00e9rcoles de 14:40 h a 15:40 h<\/td><\/tr><tr><td class=\"has-text-align-left\" data-align=\"left\">4\u00baA<\/td><td class=\"has-text-align-center\" data-align=\"center\">Arantza D\u00edaz<\/td><td class=\"has-text-align-center\" data-align=\"center\">adiazira@educacion.navarra.es<\/td><td class=\"has-text-align-center\" data-align=\"center\">Jueves de 14:40 h a 15:40 h<\/td><\/tr><tr><td class=\"has-text-align-left\" data-align=\"left\">4\u00baB-PAI<\/td><td class=\"has-text-align-center\" data-align=\"center\">Andrea Elizalde<\/td><td class=\"has-text-align-center\" data-align=\"center\">aelizalbie1@educacion.navarra.es<\/td><td class=\"has-text-align-center\" data-align=\"center\">Jueves de 14:40 h a 15:40 h<\/td><\/tr><tr><td class=\"has-text-align-left\" data-align=\"left\">5\u00baA<\/td><td class=\"has-text-align-center\" data-align=\"center\">Paula P\u00e9rez<\/td><td class=\"has-text-align-center\" data-align=\"center\">pperezcres1@educacion.navarra.es<\/td><td class=\"has-text-align-center\" data-align=\"center\">Martes de 14:40 h a 15:40 h<\/td><\/tr><tr><td class=\"has-text-align-left\" data-align=\"left\">5\u00baB-PAI<\/td><td class=\"has-text-align-center\" data-align=\"center\">Sara Astrain<\/td><td class=\"has-text-align-center\" data-align=\"center\">sastrairod@educacion.navarra.es<\/td><td class=\"has-text-align-center\" data-align=\"center\">Mi\u00e9rcoles de 14:40 h a 15:40 h<\/td><\/tr><tr><td class=\"has-text-align-left\" data-align=\"left\">6\u00baA<\/td><td class=\"has-text-align-center\" data-align=\"center\">Susana del Coro<\/td><td class=\"has-text-align-center\" data-align=\"center\">sdelcoro@educacion.navarra.es<\/td><td class=\"has-text-align-center\" data-align=\"center\">Jueves de 8:00 h a 9:00 h<\/td><\/tr><tr><td class=\"has-text-align-left\" data-align=\"left\">6\u00baB-PAI<\/td><td class=\"has-text-align-center\" data-align=\"center\">Ana Jim\u00e9nez<\/td><td class=\"has-text-align-center\" data-align=\"center\">ajimeneira@educacion.navarra.es<\/td><td class=\"has-text-align-center\" data-align=\"center\">Jueves de 8:00 h a 9:00 h<\/td><\/tr><\/tbody><\/table><\/figure>\n\n\n\n<h4 class=\"has-text-align-center has-text-color\" style=\"color:#5a731b\"><strong>Especialistas<\/strong><\/h4>\n\n\n\n<figure class=\"wp-block-table caption-align-center is-style-stripes\" style=\"font-size:14px\"><table><thead><tr><th class=\"has-text-align-left\" data-align=\"left\">specialidad<\/th><th class=\"has-text-align-center\" data-align=\"center\">Especialista<\/th><th class=\"has-text-align-center\" data-align=\"center\">Correo electr\u00f3nico<\/th><th class=\"has-text-align-center\" data-align=\"center\">Horario Tutor\u00edas<\/th><\/tr><\/thead><tbody><tr><td class=\"has-text-align-left\" data-align=\"left\">Euskera A<\/td><td class=\"has-text-align-center\" data-align=\"center\">Edurne Sanz<\/td><td class=\"has-text-align-center\" data-align=\"center\">esanzasi@educacion.navarra.es<\/td><td class=\"has-text-align-center\" data-align=\"center\">Jueves de 14:30 h a 15:30 h<\/td><\/tr><tr><td class=\"has-text-align-left\" data-align=\"left\">Euskera B<\/td><td class=\"has-text-align-center\" data-align=\"center\">Edurne Leoz<\/td><td class=\"has-text-align-center\" data-align=\"center\">eleozcompa@educacion.navarra.es<\/td><td class=\"has-text-align-center\" data-align=\"center\">Martes de 13:25 h a 14:10 h<\/td><\/tr><tr><td class=\"has-text-align-left\" data-align=\"left\">E. F\u00edsica<\/td><td class=\"has-text-align-center\" data-align=\"center\">Sara Sevilla<\/td><td class=\"has-text-align-center\" data-align=\"center\">ssevilla@educacion.navarra.es<\/td><td class=\"has-text-align-center\" data-align=\"center\">Lunes de 14:40 h a 15:40 h<\/td><\/tr><tr><td class=\"has-text-align-left\" data-align=\"left\">M\u00fasica<\/td><td class=\"has-text-align-center\" data-align=\"center\">Ana Iso<\/td><td class=\"has-text-align-center\" data-align=\"center\">aisoibanez@educacion.navarra.es<\/td><td class=\"has-text-align-center\" data-align=\"center\">Mi\u00e9rcoles de 14:40 h a 15:40 h<\/td><\/tr><tr><td class=\"has-text-align-left\" data-align=\"left\">Religi\u00f3n<\/td><td class=\"has-text-align-center\" data-align=\"center\">Cristina Olag\u00fce<\/td><td class=\"has-text-align-center\" data-align=\"center\">colagetu@educacion.navarra.es<\/td><td class=\"has-text-align-center\" data-align=\"center\">Martes de 14:40 h a 15:40 h<\/td><\/tr><tr><td class=\"has-text-align-left\" data-align=\"left\">Modelo G<\/td><td class=\"has-text-align-center\" data-align=\"center\">Sandra Lozano<\/td><td class=\"has-text-align-center\" data-align=\"center\">slozanoc@educacion.navarra.es<\/td><td class=\"has-text-align-center\" data-align=\"center\">Lunes de 14:30 h a 15:30 h<\/td><\/tr><tr><td class=\"has-text-align-left\" data-align=\"left\">A.L. 1<\/td><td class=\"has-text-align-center\" data-align=\"center\">Aroa Ferr\u00e1ndez<\/td><td class=\"has-text-align-center\" data-align=\"center\">aferrans@educacion.navarra.es<\/td><td class=\"has-text-align-center\" data-align=\"center\">Martes de 14:40 h a 15:40 h<\/td><\/tr><tr><td class=\"has-text-align-left\" data-align=\"left\">A.L. 2<\/td><td class=\"has-text-align-center\" data-align=\"center\">Tamara Gonz\u00e1lez<\/td><td class=\"has-text-align-center\" data-align=\"center\">tgonzallor@educacion.navarra.es<\/td><td class=\"has-text-align-center\" data-align=\"center\">Lunes de 14:30 h a 15:30 h<\/td><\/tr><tr><td class=\"has-text-align-left\" data-align=\"left\">P.T. 1<\/td><td class=\"has-text-align-center\" data-align=\"center\">Andrea Mun\u00e1rriz<\/td><td class=\"has-text-align-center\" data-align=\"center\">amunarrfer1@educacion.navarra.es<\/td><td class=\"has-text-align-center\" data-align=\"center\">Jueves de 8:00 h a 9:00 h<\/td><\/tr><tr><td class=\"has-text-align-left\" data-align=\"left\">P.T. 2<\/td><td class=\"has-text-align-center\" data-align=\"center\">Sara Rodr\u00edguez<\/td><td class=\"has-text-align-center\" data-align=\"center\">srodriggon1@educacion.navarra.es<\/td><td class=\"has-text-align-center\" data-align=\"center\">Mi\u00e9rcoles de 14:40 h a 15:40 h<\/td><\/tr><tr><td class=\"has-text-align-left\" data-align=\"left\">P.T. 3<\/td><td class=\"has-text-align-center\" data-align=\"center\">Alba Gracia<\/td><td class=\"has-text-align-center\" data-align=\"center\">agraciaper1@educacion.navarra.es<\/td><td class=\"has-text-align-center\" data-align=\"center\">Lunes de 14:40 h a 15:40 h<\/td><\/tr><\/tbody><\/table><\/figure>\n\n\n\n<h4 class=\"has-text-align-center has-text-color\" style=\"color:#becc2d\"><strong>Equipo Directivo<\/strong><\/h4>\n\n\n\n<figure class=\"wp-block-table is-style-stripes\" style=\"font-size:14px\"><table><tbody><tr><td>Jefatura de Estudios y E. F\u00edsica E.E.+Mod G-E.P.<\/td><td class=\"has-text-align-left\" data-align=\"left\">Alfonso Lozano<\/td><td class=\"has-text-align-center\" data-align=\"center\">alozanoi@educacion.navarra.es<\/td><\/tr><tr><td>Secretar\u00eda &amp; English 6\u00ba E.P.<\/td><td class=\"has-text-align-left\" data-align=\"left\">Ander Rebol\u00e9<\/td><td class=\"has-text-align-center\" data-align=\"center\">arebolesan@educacion.navarra.es<\/td><\/tr><tr><td>Direcci\u00f3n y Mod G 2\u00baB E.I.<\/td><td class=\"has-text-align-left\" data-align=\"left\">Blanca Gurpegui<\/td><td class=\"has-text-align-center\" data-align=\"center\">bgurpegu@educacion.navarra.es<\/td><\/tr><\/tbody><\/table><\/figure>\n","protected":false},"excerpt":{"rendered":"<p>Educaci\u00f3n Infantil Grupo Tutora Correo electr\u00f3nico Horario tutor\u00edas 1\u00ba Patricia Lozano plozanocar@educacion.navarra.es Jueves de 14:40 h a 15:40 h 1\u00ba-PAI Amaia Zunzarren azunzarsan2@educacion.navarra.es Jueves de 14:40 h a 15:40 h 2\u00ba-A M\u00aa Pilar Ozcoidi mozcoid1@educacion.navarra.es Jueves de 8:00 h a 9:00 h 2\u00ba-B PAI Laura Bravo lbravoir@educacion.navarra.es Jueves de 8:00 h a 9:00 h 3\u00ba [&hellip;]<\/p>\n","protected":false},"author":1,"featured_media":0,"parent":10,"menu_order":2,"comment_status":"closed","ping_status":"closed","template":"","meta":{"_editorskit_title_hidden":false,"_editorskit_reading_time":1,"_editorskit_is_block_options_detached":false,"_editorskit_block_options_position":"{}","_genesis_hide_title":false,"_genesis_hide_breadcrumbs":false,"_genesis_hide_singular_image":false,"_genesis_hide_footer_widgets":false,"_genesis_custom_body_class":"","_genesis_custom_post_class":"","_genesis_layout":"","ngg_post_thumbnail":0},"_links":{"self":[{"href":"https:\/\/cpsanguesa.educacion.navarra.es\/blogs\/wp-json\/wp\/v2\/pages\/33"}],"collection":[{"href":"https:\/\/cpsanguesa.educacion.navarra.es\/blogs\/wp-json\/wp\/v2\/pages"}],"about":[{"href":"https:\/\/cpsanguesa.educacion.navarra.es\/blogs\/wp-json\/wp\/v2\/types\/page"}],"author":[{"embeddable":true,"href":"https:\/\/cpsanguesa.educacion.navarra.es\/blogs\/wp-json\/wp\/v2\/users\/1"}],"replies":[{"embeddable":true,"href":"https:\/\/cpsanguesa.educacion.navarra.es\/blogs\/wp-json\/wp\/v2\/comments?post=33"}],"version-history":[{"count":0,"href":"https:\/\/cpsanguesa.educacion.navarra.es\/blogs\/wp-json\/wp\/v2\/pages\/33\/revisions"}],"up":[{"embeddable":true,"href":"https:\/\/cpsanguesa.educacion.navarra.es\/blogs\/wp-json\/wp\/v2\/pages\/10"}],"wp:attachment":[{"href":"https:\/\/cpsanguesa.educacion.navarra.es\/blogs\/wp-json\/wp\/v2\/media?parent=33"}],"curies":[{"name":"wp","href":"https:\/\/api.w.org\/{rel}","templated":true}]}}