{"id":339,"date":"2012-02-05T22:59:35","date_gmt":"2012-02-05T21:59:35","guid":{"rendered":"http:\/\/cpsanguesa.educacion.navarra.es\/blogs\/?page_id=339"},"modified":"2014-02-05T16:47:13","modified_gmt":"2014-02-05T15:47:13","slug":"2012-2013","status":"publish","type":"page","link":"https:\/\/cpsanguesa.educacion.navarra.es\/blogs\/galeria\/2012-2013\/","title":{"rendered":"2011-2012"},"content":{"rendered":"<p style=\"text-align: left;\"><span style=\"color: #ab2668;\"><strong>Fotograf\u00edas realizadas por <span style=\"text-decoration: underline;\"><em>Roberto Elizalde<\/em><\/span>. Licencia Creative Commons <span style=\"color: #ab2668;\"><img loading=\"lazy\" class=\"alignnone  wp-image-950\" alt=\"Creative Commons_Licencia Reconocimiento-NoComercial-SinObraDerivada\" src=\"https:\/\/cpsanguesa.educacion.navarra.es\/blogs\/wp-content\/uploads\/2012\/02\/Creative-Commons_Licencia-Reconocimiento-NoComercial-SinObraDerivada.png\" width=\"83\" height=\"29\" \/><\/span><\/strong><\/span><\/p>\n<ul>\n<li><strong><span style=\"text-decoration: underline; color: #3366ff;\"><a href=\"https:\/\/cpsanguesa.educacion.navarra.es\/blogs\/wp-content\/uploads\/2014\/02\/Flickr_Descarga-de-fotos.pdf\" target=\"_blank\"><span style=\"color: #3366ff; text-decoration: underline;\">Instrucciones para descargar las fotograf\u00edas.<\/span><\/a><\/span><\/strong><\/li>\n<\/ul>\n<p style=\"text-align: left;\"><strong>Para ver las presentaciones de fotos recomendamos el siguiente procedimiento:<\/strong><\/p>\n<ol>\n<li>Hacer clic en el icono de reproducci\u00f3n <img loading=\"lazy\" class=\"alignnone  wp-image-662\" title=\"Flickr_Icono Reproducir\" alt=\"\" src=\"https:\/\/cpsanguesa.educacion.navarra.es\/blogs\/wp-content\/uploads\/2012\/02\/Flickr_Icono-Reproducir.jpg\" width=\"36\" height=\"22\" srcset=\"https:\/\/cpsanguesa.educacion.navarra.es\/blogs\/wp-content\/uploads\/2012\/02\/Flickr_Icono-Reproducir.jpg 151w, https:\/\/cpsanguesa.educacion.navarra.es\/blogs\/wp-content\/uploads\/2012\/02\/Flickr_Icono-Reproducir-150x91.jpg 150w\" sizes=\"(max-width: 36px) 100vw, 36px\" \/> en el centro de la imagen.<\/li>\n<li>Hacer clic en el icono de pantalla completa <img loading=\"lazy\" class=\"alignnone  wp-image-664\" title=\"Flickr_Icono Pantalla Grande\" alt=\"\" src=\"https:\/\/cpsanguesa.educacion.navarra.es\/blogs\/wp-content\/uploads\/2012\/02\/Flickr_Icono-Pantalla-Grande1.jpg\" width=\"39\" height=\"21\" \/><\/li>\n<li>Para que pasen las diapositivas autom\u00e1ticamente, no mover el rat\u00f3n.<\/li>\n<li>Si se quiere acceder a alguna diapositiva en concreto o pasar las fotos manualmente, seleccionar con el rat\u00f3n.<\/li>\n<li>Tambi\u00e9n se pueden pasar las fotos manualmente con las flechas del teclado.<\/li>\n<li>Para deshacer la funci\u00f3n de pantalla completa presionar la tecla &#8220;Esc&#8221; del teclado del ordenador.<\/li>\n<\/ol>\n<p>Nota: Para ver las presentaciones de fotos se necesita tener instalado el plugin de <span style=\"text-decoration: underline;\">Flash Player<\/span> en el navegador.<\/p>\n<p><strong><span style=\"color: #800000;\">IMPORTANTE: Si alguien no desea aparecer en determinada foto, nos lo puede comunicar a trav\u00e9s del Buz\u00f3n de Sugerencias de este sitio web indicando el n\u00famero de foto (para saber el n\u00famero de foto hay que hacer clic en &#8220;Mostrar informaci\u00f3n&#8221; en la parte superior derecha del modo de pantalla completa).<\/span><\/strong><\/p>\n<p style=\"text-align: center;\"><img loading=\"lazy\" class=\"aligncenter  wp-image-461\" title=\"Blog Principal_T\u00edtulos_Galer\u00eda 11-12_Theatre\" alt=\"\" src=\"https:\/\/cpsanguesa.educacion.navarra.es\/blogs\/wp-content\/uploads\/2012\/02\/Blog-Principal_T\u00edtulos_Galer\u00eda-11-12_Theatre.jpg\" width=\"694\" height=\"40\" srcset=\"https:\/\/cpsanguesa.educacion.navarra.es\/blogs\/wp-content\/uploads\/2012\/02\/Blog-Principal_T\u00edtulos_Galer\u00eda-11-12_Theatre.jpg 992w, https:\/\/cpsanguesa.educacion.navarra.es\/blogs\/wp-content\/uploads\/2012\/02\/Blog-Principal_T\u00edtulos_Galer\u00eda-11-12_Theatre-300x17.jpg 300w\" sizes=\"(max-width: 694px) 100vw, 694px\" \/><\/p>\n<p style=\"text-align: center;\"><object width=\"525\" height=\"350\" classid=\"clsid:d27cdb6e-ae6d-11cf-96b8-444553540000\" codebase=\"http:\/\/download.macromedia.com\/pub\/shockwave\/cabs\/flash\/swflash.cab#version=6,0,40,0\"><param name=\"flashvars\" value=\"offsite=true&amp;lang=es-us&amp;page_show_url=%2Fphotos%2F76027493%40N06%2Fsets%2F72157629875751581%2Fshow%2F&amp;page_show_back_url=%2Fphotos%2F76027493%40N06%2Fsets%2F72157629875751581%2F&amp;set_id=72157629875751581&amp;jump_to=\" \/><param name=\"allowFullScreen\" value=\"true\" \/><param name=\"src\" value=\"http:\/\/www.flickr.com\/apps\/slideshow\/show.swf?v=109615\" \/><param name=\"allowfullscreen\" value=\"true\" \/><embed width=\"525\" height=\"350\" type=\"application\/x-shockwave-flash\" src=\"http:\/\/www.flickr.com\/apps\/slideshow\/show.swf?v=109615\" flashvars=\"offsite=true&amp;lang=es-us&amp;page_show_url=%2Fphotos%2F76027493%40N06%2Fsets%2F72157629875751581%2Fshow%2F&amp;page_show_back_url=%2Fphotos%2F76027493%40N06%2Fsets%2F72157629875751581%2F&amp;set_id=72157629875751581&amp;jump_to=\" allowFullScreen=\"true\" allowfullscreen=\"true\" \/><\/object><\/p>\n<p>&nbsp;<\/p>\n<p style=\"text-align: center;\"><img loading=\"lazy\" class=\"aligncenter  wp-image-467\" title=\"Blog Principal_T\u00edtulos_Galer\u00eda_Carrera Hambre\" alt=\"\" src=\"https:\/\/cpsanguesa.educacion.navarra.es\/blogs\/wp-content\/uploads\/2012\/02\/Blog-Principal_T\u00edtulos_Galer\u00eda_Carrera-Hambre.jpg\" width=\"615\" height=\"40\" srcset=\"https:\/\/cpsanguesa.educacion.navarra.es\/blogs\/wp-content\/uploads\/2012\/02\/Blog-Principal_T\u00edtulos_Galer\u00eda_Carrera-Hambre.jpg 879w, https:\/\/cpsanguesa.educacion.navarra.es\/blogs\/wp-content\/uploads\/2012\/02\/Blog-Principal_T\u00edtulos_Galer\u00eda_Carrera-Hambre-300x19.jpg 300w\" sizes=\"(max-width: 615px) 100vw, 615px\" \/><\/p>\n<p style=\"text-align: center;\"><object width=\"525\" height=\"350\" classid=\"clsid:d27cdb6e-ae6d-11cf-96b8-444553540000\" codebase=\"http:\/\/download.macromedia.com\/pub\/shockwave\/cabs\/flash\/swflash.cab#version=6,0,40,0\"><param name=\"flashvars\" value=\"offsite=true&amp;lang=es-us&amp;page_show_url=%2Fphotos%2F76027493%40N06%2Fsets%2F72157629602734270%2Fshow%2F&amp;page_show_back_url=%2Fphotos%2F76027493%40N06%2Fsets%2F72157629602734270%2F&amp;set_id=72157629602734270&amp;jump_to=\" \/><param name=\"allowFullScreen\" value=\"true\" \/><param name=\"src\" value=\"http:\/\/www.flickr.com\/apps\/slideshow\/show.swf?v=109615\" \/><param name=\"allowfullscreen\" value=\"true\" \/><embed width=\"525\" height=\"350\" type=\"application\/x-shockwave-flash\" src=\"http:\/\/www.flickr.com\/apps\/slideshow\/show.swf?v=109615\" flashvars=\"offsite=true&amp;lang=es-us&amp;page_show_url=%2Fphotos%2F76027493%40N06%2Fsets%2F72157629602734270%2Fshow%2F&amp;page_show_back_url=%2Fphotos%2F76027493%40N06%2Fsets%2F72157629602734270%2F&amp;set_id=72157629602734270&amp;jump_to=\" allowFullScreen=\"true\" allowfullscreen=\"true\" \/><\/object><\/p>\n","protected":false},"excerpt":{"rendered":"<p>Fotograf\u00edas realizadas por Roberto Elizalde. Licencia Creative Commons Instrucciones para descargar las fotograf\u00edas. Para ver las presentaciones de fotos recomendamos el siguiente procedimiento: Hacer clic en el icono de reproducci\u00f3n en el centro de la imagen. Hacer clic en el icono de pantalla completa Para que pasen las diapositivas autom\u00e1ticamente, no mover el rat\u00f3n. Si [&hellip;]<\/p>\n","protected":false},"author":1,"featured_media":0,"parent":13,"menu_order":1,"comment_status":"closed","ping_status":"open","template":"","meta":{"_editorskit_title_hidden":false,"_editorskit_reading_time":0,"_editorskit_is_block_options_detached":false,"_editorskit_block_options_position":"{}","_genesis_hide_title":false,"_genesis_hide_breadcrumbs":false,"_genesis_hide_singular_image":false,"_genesis_hide_footer_widgets":false,"_genesis_custom_body_class":"","_genesis_custom_post_class":"","_genesis_layout":"","ngg_post_thumbnail":0},"_links":{"self":[{"href":"https:\/\/cpsanguesa.educacion.navarra.es\/blogs\/wp-json\/wp\/v2\/pages\/339"}],"collection":[{"href":"https:\/\/cpsanguesa.educacion.navarra.es\/blogs\/wp-json\/wp\/v2\/pages"}],"about":[{"href":"https:\/\/cpsanguesa.educacion.navarra.es\/blogs\/wp-json\/wp\/v2\/types\/page"}],"author":[{"embeddable":true,"href":"https:\/\/cpsanguesa.educacion.navarra.es\/blogs\/wp-json\/wp\/v2\/users\/1"}],"replies":[{"embeddable":true,"href":"https:\/\/cpsanguesa.educacion.navarra.es\/blogs\/wp-json\/wp\/v2\/comments?post=339"}],"version-history":[{"count":0,"href":"https:\/\/cpsanguesa.educacion.navarra.es\/blogs\/wp-json\/wp\/v2\/pages\/339\/revisions"}],"up":[{"embeddable":true,"href":"https:\/\/cpsanguesa.educacion.navarra.es\/blogs\/wp-json\/wp\/v2\/pages\/13"}],"wp:attachment":[{"href":"https:\/\/cpsanguesa.educacion.navarra.es\/blogs\/wp-json\/wp\/v2\/media?parent=339"}],"curies":[{"name":"wp","href":"https:\/\/api.w.org\/{rel}","templated":true}]}}