{"id":3450,"date":"2020-12-13T20:59:53","date_gmt":"2020-12-13T19:59:53","guid":{"rendered":"http:\/\/cpsanguesa.educacion.navarra.es\/blogs\/?page_id=3450"},"modified":"2025-08-07T12:51:26","modified_gmt":"2025-08-07T10:51:26","slug":"aula-alternativa-de-educacion-especial","status":"publish","type":"page","link":"https:\/\/cpsanguesa.educacion.navarra.es\/blogs\/aula-alternativa-de-educacion-especial\/","title":{"rendered":"Estructuras espec\u00edficas de  Educaci\u00f3n Especial"},"content":{"rendered":"\n<figure class=\"wp-block-gallery has-nested-images columns-2 is-cropped\">\n<figure class=\"wp-block-image size-full\"><a href=\"https:\/\/cpsanguesa.educacion.navarra.es\/blogs\/wp-content\/uploads\/2021\/04\/LG_20-21_001_AulaAlternativa.jpg\"><img loading=\"lazy\" width=\"1920\" height=\"1281\" data-id=\"3611\"  src=\"https:\/\/cpsanguesa.educacion.navarra.es\/blogs\/wp-content\/uploads\/2021\/04\/LG_20-21_001_AulaAlternativa.jpg\" alt=\"\" class=\"wp-image-3611\" srcset=\"https:\/\/cpsanguesa.educacion.navarra.es\/blogs\/wp-content\/uploads\/2021\/04\/LG_20-21_001_AulaAlternativa.jpg 1920w, https:\/\/cpsanguesa.educacion.navarra.es\/blogs\/wp-content\/uploads\/2021\/04\/LG_20-21_001_AulaAlternativa-300x200.jpg 300w, https:\/\/cpsanguesa.educacion.navarra.es\/blogs\/wp-content\/uploads\/2021\/04\/LG_20-21_001_AulaAlternativa-1024x683.jpg 1024w, https:\/\/cpsanguesa.educacion.navarra.es\/blogs\/wp-content\/uploads\/2021\/04\/LG_20-21_001_AulaAlternativa-768x512.jpg 768w, https:\/\/cpsanguesa.educacion.navarra.es\/blogs\/wp-content\/uploads\/2021\/04\/LG_20-21_001_AulaAlternativa-1536x1025.jpg 1536w\" sizes=\"(max-width: 1920px) 100vw, 1920px\" \/><\/a><\/figure>\n\n\n\n<figure class=\"wp-block-image size-full\"><a href=\"https:\/\/cpsanguesa.educacion.navarra.es\/blogs\/wp-content\/uploads\/2021\/04\/LG_20-21_002_AulaAlternativa.jpg\"><img loading=\"lazy\" width=\"1920\" height=\"1280\" data-id=\"3612\"  src=\"https:\/\/cpsanguesa.educacion.navarra.es\/blogs\/wp-content\/uploads\/2021\/04\/LG_20-21_002_AulaAlternativa.jpg\" alt=\"\" class=\"wp-image-3612\" srcset=\"https:\/\/cpsanguesa.educacion.navarra.es\/blogs\/wp-content\/uploads\/2021\/04\/LG_20-21_002_AulaAlternativa.jpg 1920w, https:\/\/cpsanguesa.educacion.navarra.es\/blogs\/wp-content\/uploads\/2021\/04\/LG_20-21_002_AulaAlternativa-300x200.jpg 300w, https:\/\/cpsanguesa.educacion.navarra.es\/blogs\/wp-content\/uploads\/2021\/04\/LG_20-21_002_AulaAlternativa-1024x683.jpg 1024w, https:\/\/cpsanguesa.educacion.navarra.es\/blogs\/wp-content\/uploads\/2021\/04\/LG_20-21_002_AulaAlternativa-768x512.jpg 768w, https:\/\/cpsanguesa.educacion.navarra.es\/blogs\/wp-content\/uploads\/2021\/04\/LG_20-21_002_AulaAlternativa-1536x1024.jpg 1536w\" sizes=\"(max-width: 1920px) 100vw, 1920px\" \/><\/a><\/figure>\n\n\n\n<figure class=\"wp-block-image size-full\"><a href=\"https:\/\/cpsanguesa.educacion.navarra.es\/blogs\/wp-content\/uploads\/2021\/04\/LG_20-21_003_AulaAlternativa.jpg\"><img loading=\"lazy\" width=\"1920\" height=\"1281\" data-id=\"3613\"  src=\"https:\/\/cpsanguesa.educacion.navarra.es\/blogs\/wp-content\/uploads\/2021\/04\/LG_20-21_003_AulaAlternativa.jpg\" alt=\"\" class=\"wp-image-3613\" srcset=\"https:\/\/cpsanguesa.educacion.navarra.es\/blogs\/wp-content\/uploads\/2021\/04\/LG_20-21_003_AulaAlternativa.jpg 1920w, https:\/\/cpsanguesa.educacion.navarra.es\/blogs\/wp-content\/uploads\/2021\/04\/LG_20-21_003_AulaAlternativa-300x200.jpg 300w, https:\/\/cpsanguesa.educacion.navarra.es\/blogs\/wp-content\/uploads\/2021\/04\/LG_20-21_003_AulaAlternativa-1024x683.jpg 1024w, https:\/\/cpsanguesa.educacion.navarra.es\/blogs\/wp-content\/uploads\/2021\/04\/LG_20-21_003_AulaAlternativa-768x512.jpg 768w, https:\/\/cpsanguesa.educacion.navarra.es\/blogs\/wp-content\/uploads\/2021\/04\/LG_20-21_003_AulaAlternativa-1536x1025.jpg 1536w\" sizes=\"(max-width: 1920px) 100vw, 1920px\" \/><\/a><\/figure>\n\n\n\n<figure class=\"wp-block-image size-full\"><a href=\"https:\/\/cpsanguesa.educacion.navarra.es\/blogs\/wp-content\/uploads\/2021\/04\/LG_20-21_004_AulaAlternativa.jpg\"><img loading=\"lazy\" width=\"1920\" height=\"1280\" data-id=\"3614\"  src=\"https:\/\/cpsanguesa.educacion.navarra.es\/blogs\/wp-content\/uploads\/2021\/04\/LG_20-21_004_AulaAlternativa.jpg\" alt=\"\" class=\"wp-image-3614\" srcset=\"https:\/\/cpsanguesa.educacion.navarra.es\/blogs\/wp-content\/uploads\/2021\/04\/LG_20-21_004_AulaAlternativa.jpg 1920w, https:\/\/cpsanguesa.educacion.navarra.es\/blogs\/wp-content\/uploads\/2021\/04\/LG_20-21_004_AulaAlternativa-300x200.jpg 300w, https:\/\/cpsanguesa.educacion.navarra.es\/blogs\/wp-content\/uploads\/2021\/04\/LG_20-21_004_AulaAlternativa-1024x683.jpg 1024w, https:\/\/cpsanguesa.educacion.navarra.es\/blogs\/wp-content\/uploads\/2021\/04\/LG_20-21_004_AulaAlternativa-768x512.jpg 768w, https:\/\/cpsanguesa.educacion.navarra.es\/blogs\/wp-content\/uploads\/2021\/04\/LG_20-21_004_AulaAlternativa-1536x1024.jpg 1536w\" sizes=\"(max-width: 1920px) 100vw, 1920px\" \/><\/a><\/figure>\n\n\n\n<figure class=\"wp-block-image size-full\"><a href=\"https:\/\/cpsanguesa.educacion.navarra.es\/blogs\/wp-content\/uploads\/2021\/04\/LG_20-21_005_AulaAlternativa.jpg\"><img loading=\"lazy\" width=\"1920\" height=\"1281\" data-id=\"3615\"  src=\"https:\/\/cpsanguesa.educacion.navarra.es\/blogs\/wp-content\/uploads\/2021\/04\/LG_20-21_005_AulaAlternativa.jpg\" alt=\"\" class=\"wp-image-3615\" srcset=\"https:\/\/cpsanguesa.educacion.navarra.es\/blogs\/wp-content\/uploads\/2021\/04\/LG_20-21_005_AulaAlternativa.jpg 1920w, https:\/\/cpsanguesa.educacion.navarra.es\/blogs\/wp-content\/uploads\/2021\/04\/LG_20-21_005_AulaAlternativa-300x200.jpg 300w, https:\/\/cpsanguesa.educacion.navarra.es\/blogs\/wp-content\/uploads\/2021\/04\/LG_20-21_005_AulaAlternativa-1024x683.jpg 1024w, https:\/\/cpsanguesa.educacion.navarra.es\/blogs\/wp-content\/uploads\/2021\/04\/LG_20-21_005_AulaAlternativa-768x512.jpg 768w, https:\/\/cpsanguesa.educacion.navarra.es\/blogs\/wp-content\/uploads\/2021\/04\/LG_20-21_005_AulaAlternativa-1536x1025.jpg 1536w\" sizes=\"(max-width: 1920px) 100vw, 1920px\" \/><\/a><\/figure>\n\n\n\n<figure class=\"wp-block-image size-full\"><a href=\"https:\/\/cpsanguesa.educacion.navarra.es\/blogs\/wp-content\/uploads\/2021\/04\/LG_20-21_006_AulaAlternativa.jpg\"><img loading=\"lazy\" width=\"1920\" height=\"1281\" data-id=\"3616\"  src=\"https:\/\/cpsanguesa.educacion.navarra.es\/blogs\/wp-content\/uploads\/2021\/04\/LG_20-21_006_AulaAlternativa.jpg\" alt=\"\" class=\"wp-image-3616\" srcset=\"https:\/\/cpsanguesa.educacion.navarra.es\/blogs\/wp-content\/uploads\/2021\/04\/LG_20-21_006_AulaAlternativa.jpg 1920w, https:\/\/cpsanguesa.educacion.navarra.es\/blogs\/wp-content\/uploads\/2021\/04\/LG_20-21_006_AulaAlternativa-300x200.jpg 300w, https:\/\/cpsanguesa.educacion.navarra.es\/blogs\/wp-content\/uploads\/2021\/04\/LG_20-21_006_AulaAlternativa-1024x683.jpg 1024w, https:\/\/cpsanguesa.educacion.navarra.es\/blogs\/wp-content\/uploads\/2021\/04\/LG_20-21_006_AulaAlternativa-768x512.jpg 768w, https:\/\/cpsanguesa.educacion.navarra.es\/blogs\/wp-content\/uploads\/2021\/04\/LG_20-21_006_AulaAlternativa-1536x1025.jpg 1536w\" sizes=\"(max-width: 1920px) 100vw, 1920px\" \/><\/a><\/figure>\n\n\n\n<figure class=\"wp-block-image size-full\"><a href=\"https:\/\/cpsanguesa.educacion.navarra.es\/blogs\/wp-content\/uploads\/2021\/04\/LG_20-21_007_AulaAlternativa.jpg\"><img loading=\"lazy\" width=\"1920\" height=\"1281\" data-id=\"3617\"  src=\"https:\/\/cpsanguesa.educacion.navarra.es\/blogs\/wp-content\/uploads\/2021\/04\/LG_20-21_007_AulaAlternativa.jpg\" alt=\"\" class=\"wp-image-3617\" srcset=\"https:\/\/cpsanguesa.educacion.navarra.es\/blogs\/wp-content\/uploads\/2021\/04\/LG_20-21_007_AulaAlternativa.jpg 1920w, https:\/\/cpsanguesa.educacion.navarra.es\/blogs\/wp-content\/uploads\/2021\/04\/LG_20-21_007_AulaAlternativa-300x200.jpg 300w, https:\/\/cpsanguesa.educacion.navarra.es\/blogs\/wp-content\/uploads\/2021\/04\/LG_20-21_007_AulaAlternativa-1024x683.jpg 1024w, https:\/\/cpsanguesa.educacion.navarra.es\/blogs\/wp-content\/uploads\/2021\/04\/LG_20-21_007_AulaAlternativa-768x512.jpg 768w, https:\/\/cpsanguesa.educacion.navarra.es\/blogs\/wp-content\/uploads\/2021\/04\/LG_20-21_007_AulaAlternativa-1536x1025.jpg 1536w\" sizes=\"(max-width: 1920px) 100vw, 1920px\" \/><\/a><\/figure>\n\n\n\n<figure class=\"wp-block-image size-full\"><a href=\"https:\/\/cpsanguesa.educacion.navarra.es\/blogs\/wp-content\/uploads\/2021\/04\/LG_20-21_008_AulaAlternativa.jpg\"><img loading=\"lazy\" width=\"1024\" height=\"683\" data-id=\"3618\"  src=\"https:\/\/cpsanguesa.educacion.navarra.es\/blogs\/wp-content\/uploads\/2021\/04\/LG_20-21_008_AulaAlternativa-1024x683.jpg\" alt=\"\" class=\"wp-image-3618\" srcset=\"https:\/\/cpsanguesa.educacion.navarra.es\/blogs\/wp-content\/uploads\/2021\/04\/LG_20-21_008_AulaAlternativa-1024x683.jpg 1024w, https:\/\/cpsanguesa.educacion.navarra.es\/blogs\/wp-content\/uploads\/2021\/04\/LG_20-21_008_AulaAlternativa-300x200.jpg 300w, https:\/\/cpsanguesa.educacion.navarra.es\/blogs\/wp-content\/uploads\/2021\/04\/LG_20-21_008_AulaAlternativa-768x512.jpg 768w, https:\/\/cpsanguesa.educacion.navarra.es\/blogs\/wp-content\/uploads\/2021\/04\/LG_20-21_008_AulaAlternativa-1536x1025.jpg 1536w, https:\/\/cpsanguesa.educacion.navarra.es\/blogs\/wp-content\/uploads\/2021\/04\/LG_20-21_008_AulaAlternativa.jpg 1920w\" sizes=\"(max-width: 1024px) 100vw, 1024px\" \/><\/a><\/figure>\n<\/figure>\n\n\n<p><span style=\"color: #ab2668;\"><strong>Una alternativa al Centro de Educaci\u00f3n Especial (Zona Rural)<\/strong><\/span><\/p>\n<p><span style=\"color: #333399;\"><strong>CARACTER\u00cdSTICAS<\/strong><\/span><\/p>\n<p>Es una medida organizativa a propuesta del Departamento de Educaci\u00f3n para el alumnado con NEE de la misma zona geogr\u00e1fica que vive alejado de un Centro de Educaci\u00f3n Especial, cuya modalidad de escolarizaci\u00f3n es centro de Educaci\u00f3n Especial.<\/p>\n<p><span style=\"color: #333399;\"><strong>ALUMNADO DESTINATARIO<\/strong><\/span><\/p>\n<p>Alumnado que presenta NEE asociadas a discapacidad ps\u00edquica grave, profunda o pluridiscapacidad con modalidad de escolarizaci\u00f3n centro de Educaci\u00f3n Especial y que se encuentra escolarizado en un centro escolar ordinario de la misma zona rural o distrito.<\/p>\n<p><span style=\"color: #333399;\"><strong>MODO DE ACCESO<\/strong><\/span><\/p>\n<p>Para la incorporaci\u00f3n a una Estructura Espec\u00edfica es necesario elaborar el informe que determine la modalidad Centro de Educaci\u00f3n Especial siguiendo el procedimiento desarrollado en el art\u00edculo 13. \u201cEscolarizaci\u00f3n\u201d de la OF 93\/2008, de 13 de junio, por la que se regula la Atenci\u00f3n a la Diversidad en los centros educativos de Educaci\u00f3n Infantil, Primaria y Secundaria de la Comunidad Foral de Navarra y en el documento \u201cInformaci\u00f3n y orientaciones para la escolarizaci\u00f3n del alumnado con NEE\u201d de CREENA.<\/p>\n<p>Se proceder\u00e1 a solicitar la matr\u00edcula en el centro donde est\u00e9 ubicada el aula, una vez que la Comisi\u00f3n de Escolarizaci\u00f3n haya informado favorablemente de dicha escolarizaci\u00f3n.<\/p>\n<p><span style=\"color: #333399;\"><strong>NORMATIVA DE REFERENCIA<\/strong><\/span><\/p>\n<p>ORDEN FORAL 93\/2008, de 13 de junio, del Consejero de Educaci\u00f3n por la que se regula la atenci\u00f3n a la diversidad en los centros educativos de Educaci\u00f3n Infantil y Primaria y Educaci\u00f3n Secundaria de la Comunidad Foral de Navarra.<br>\u201cInformaci\u00f3n y orientaciones para la escolarizaci\u00f3n del alumnado con NEE\u201d del CREENA.<\/p>\n<p><span style=\"color: #333399;\"><strong>ORGANIZACI\u00d3N<\/strong><\/span><\/p>\n<p><span style=\"color: #333399;\"><strong>Los recursos personales<\/strong> <\/span>del aula son:<\/p>\n<ul>\n<li>Un\/a profesor\/a de Pedagog\u00eda Terap\u00e9utica (PT) que desempe\u00f1a funciones de tutor\u00eda del grupo.<\/li>\n<li>Un\/a especialista de apoyo educativo.<\/li>\n<li>Tambi\u00e9n pueden intervenir otros profesionales: el profesorado de Audici\u00f3n y Lenguaje (AL) asignado al centro.<\/li>\n<li>Siempre que se valoren necesidades asociadas a discapacidad motora intervendr\u00e1 un fisioterapeuta.<\/li>\n<\/ul>\n<p><span style=\"color: #333399;\"><strong>La ratio <\/strong><\/span>del aula es de 3 a 5 alumnos\/as, en funci\u00f3n de las necesidades educativas que presenten. Se escolarizan en las etapas de 2\u00ba ciclo de E. Infantil (3-6 a\u00f1os) y Etapa B\u00e1sica (6- 16 a\u00f1os).<\/p>\n<p><span style=\"color: #333399;\"><strong>CURR\u00cdCULO<\/strong><\/span><\/p>\n<p>La propuesta curricular para el alumnado que se escolariza en una Estructura Espec\u00edfica es similar al curr\u00edculo de los centros de Educaci\u00f3n Especial en la Etapa Infantil y B\u00e1sica. Tendr\u00e1 como referente las competencias b\u00e1sicas establecidas en el curr\u00edculo de E. Primaria (objetivos y contenidos), incorporando los objetivos y contenidos de la etapa de E. Infantil, seg\u00fan las caracter\u00edsticas del alumnado.<\/p>\n\n\n<div class=\"wp-block-image is-style-editorskit-shadow\"><figure class=\"aligncenter size-full\"><a href=\"https:\/\/cpsanguesa.educacion.navarra.es\/blogs\/wp-content\/uploads\/2020\/12\/Aula-Alternativa-02-rec1red1.jpg\"><img loading=\"lazy\" width=\"1060\" height=\"384\" src=\"https:\/\/cpsanguesa.educacion.navarra.es\/blogs\/wp-content\/uploads\/2020\/12\/Aula-Alternativa-02-rec1red1.jpg\" alt=\"\" class=\"wp-image-3458\" srcset=\"https:\/\/cpsanguesa.educacion.navarra.es\/blogs\/wp-content\/uploads\/2020\/12\/Aula-Alternativa-02-rec1red1.jpg 1060w, https:\/\/cpsanguesa.educacion.navarra.es\/blogs\/wp-content\/uploads\/2020\/12\/Aula-Alternativa-02-rec1red1-300x109.jpg 300w, https:\/\/cpsanguesa.educacion.navarra.es\/blogs\/wp-content\/uploads\/2020\/12\/Aula-Alternativa-02-rec1red1-1024x371.jpg 1024w, https:\/\/cpsanguesa.educacion.navarra.es\/blogs\/wp-content\/uploads\/2020\/12\/Aula-Alternativa-02-rec1red1-768x278.jpg 768w\" sizes=\"(max-width: 1060px) 100vw, 1060px\" \/><\/a><\/figure><\/div>\n\n\n<p><span style=\"color: #ab2668;\"><strong>ESTRUCTURAS ESPEC\u00cdFICAS DE SANG\u00dcESA-ZANGOZA.&nbsp;<\/strong><\/span><\/p>\n<p><span style=\"color: #333333;\"><span style=\"color: #000080;\"><span style=\"color: #333333;\">Se dise\u00f1a un Plan de<\/span> <strong>Inclusi\u00f3n<\/strong> <span style=\"color: #333333;\">para que el alumnado de las Estructuras Espec\u00edficas se integre en sus<\/span><\/span> grupos de referencia, participando en sesiones de docencia ordinara.<\/span><\/p>\n<p style=\"text-align: left;\">En todo momento hay una especialista de apoyo educativo con estos grupos de alumnado.<\/p>\n<p><span style=\"color: #000080;\"><strong>Los recreos<\/strong><\/span> se realizan con las aulas de referencia correspondientes rotando por las diferentes zonas del colegio utilizadas para esta actividad (patio principal, patio delantero, zona verde y front\u00f3n)<\/p>\n\n\n<div class=\"wp-block-image is-style-editorskit-shadow\"><figure class=\"aligncenter size-full\"><a href=\"https:\/\/cpsanguesa.educacion.navarra.es\/blogs\/wp-content\/uploads\/2020\/12\/Aula-Alternativa-01red1rec1.jpg\"><img loading=\"lazy\" width=\"1068\" height=\"444\" src=\"https:\/\/cpsanguesa.educacion.navarra.es\/blogs\/wp-content\/uploads\/2020\/12\/Aula-Alternativa-01red1rec1.jpg\" alt=\"\" class=\"wp-image-3455\" srcset=\"https:\/\/cpsanguesa.educacion.navarra.es\/blogs\/wp-content\/uploads\/2020\/12\/Aula-Alternativa-01red1rec1.jpg 1068w, https:\/\/cpsanguesa.educacion.navarra.es\/blogs\/wp-content\/uploads\/2020\/12\/Aula-Alternativa-01red1rec1-300x125.jpg 300w, https:\/\/cpsanguesa.educacion.navarra.es\/blogs\/wp-content\/uploads\/2020\/12\/Aula-Alternativa-01red1rec1-1024x426.jpg 1024w, https:\/\/cpsanguesa.educacion.navarra.es\/blogs\/wp-content\/uploads\/2020\/12\/Aula-Alternativa-01red1rec1-768x319.jpg 768w\" sizes=\"(max-width: 1068px) 100vw, 1068px\" \/><\/a><\/figure><\/div>\n\n\n\n<p><\/p>\n","protected":false},"excerpt":{"rendered":"<p>Una alternativa al Centro de Educaci\u00f3n Especial (Zona Rural) CARACTER\u00cdSTICAS Es una medida organizativa a propuesta del Departamento de Educaci\u00f3n para el alumnado con NEE de la misma zona geogr\u00e1fica que vive alejado de un Centro de Educaci\u00f3n Especial, cuya modalidad de escolarizaci\u00f3n es centro de Educaci\u00f3n Especial. ALUMNADO DESTINATARIO Alumnado que presenta NEE asociadas [&hellip;]<\/p>\n","protected":false},"author":1,"featured_media":0,"parent":0,"menu_order":0,"comment_status":"closed","ping_status":"closed","template":"","meta":{"_editorskit_title_hidden":false,"_editorskit_reading_time":2,"_editorskit_is_block_options_detached":false,"_editorskit_block_options_position":"{}","_genesis_hide_title":false,"_genesis_hide_breadcrumbs":false,"_genesis_hide_singular_image":false,"_genesis_hide_footer_widgets":false,"_genesis_custom_body_class":"","_genesis_custom_post_class":"","_genesis_layout":"","ngg_post_thumbnail":0},"_links":{"self":[{"href":"https:\/\/cpsanguesa.educacion.navarra.es\/blogs\/wp-json\/wp\/v2\/pages\/3450"}],"collection":[{"href":"https:\/\/cpsanguesa.educacion.navarra.es\/blogs\/wp-json\/wp\/v2\/pages"}],"about":[{"href":"https:\/\/cpsanguesa.educacion.navarra.es\/blogs\/wp-json\/wp\/v2\/types\/page"}],"author":[{"embeddable":true,"href":"https:\/\/cpsanguesa.educacion.navarra.es\/blogs\/wp-json\/wp\/v2\/users\/1"}],"replies":[{"embeddable":true,"href":"https:\/\/cpsanguesa.educacion.navarra.es\/blogs\/wp-json\/wp\/v2\/comments?post=3450"}],"version-history":[{"count":0,"href":"https:\/\/cpsanguesa.educacion.navarra.es\/blogs\/wp-json\/wp\/v2\/pages\/3450\/revisions"}],"wp:attachment":[{"href":"https:\/\/cpsanguesa.educacion.navarra.es\/blogs\/wp-json\/wp\/v2\/media?parent=3450"}],"curies":[{"name":"wp","href":"https:\/\/api.w.org\/{rel}","templated":true}]}}