{"id":3487,"date":"2021-01-26T19:56:11","date_gmt":"2021-01-26T18:56:11","guid":{"rendered":"http:\/\/cpsanguesa.educacion.navarra.es\/blogs\/?page_id=3487"},"modified":"2025-08-08T11:13:50","modified_gmt":"2025-08-08T09:13:50","slug":"aula-alternativa","status":"publish","type":"page","link":"https:\/\/cpsanguesa.educacion.navarra.es\/blogs\/aula-alternativa\/","title":{"rendered":"Estructuras Espec\u00edficas"},"content":{"rendered":"<div class=\"content-box-purple\"><span style=\"color: #000080\"><strong>Actividades y tareas a realizar por el alumnado durante el curso, tanto de manera presencial como si se presenta la necesidad de una atenci\u00f3n no presencial.<\/strong><\/span><\/div>\n\n\n<p class=\"has-text-align-center has-text-color has-background has-normal-font-size\" style=\"background-color:#dcd9ff;color:#14007a\"><strong>TODAS LAS ACTIVIDADES PROPUESTAS DE LAS DISTINTAS ASIGNATURAS <span style=\"text-decoration: underline\" class=\"ek-underline\"><\/span>SE PUEDEN VER EN EL CALENDARIO SIGUIENTE<\/strong>.<\/p>\n\n\n\n<iframe loading=\"lazy\" src=\"https:\/\/calendar.google.com\/calendar\/embed?height=600&amp;wkst=2&amp;ctz=Europe%2FMadrid&amp;showPrint=0&amp;src=Y191bnV1bGVlYTc5NzJuaG01bWsybXFqc25sOEBncm91cC5jYWxlbmRhci5nb29nbGUuY29t&amp;color=%237986CB\" style=\"border:solid 1px #777\" width=\"1200\" height=\"600\" frameborder=\"0\" scrolling=\"no\"><\/iframe>\n\n\n\n<div class=\"wp-container-1 wp-block-group has-background\" style=\"background-color:#fdf5f7\"><div class=\"wp-block-group__inner-container\">\n<figure class=\"wp-block-table\"><table><tbody><tr><td class=\"has-text-align-center\" data-align=\"center\">En posibles situaciones de no presencialidad (cuarentena o confinamiento), el profesorado del Aula Alternativa estar\u00e1 disponible para resolver dudas y preguntas que puedan plantearse tanto al alumnado como a las familias <strong>de 9:00 h. a 14:00 horas a trav\u00e9s del correo electr\u00f3nico de Educaci\u00f3n<\/strong> <strong>y de videollamadas concertadas por Google Meet.<\/strong><\/td><\/tr><\/tbody><\/table><\/figure>\n<\/div><\/div>\n","protected":false},"excerpt":{"rendered":"<p>Actividades y tareas a realizar por el alumnado durante el curso, tanto de manera presencial como si se presenta la necesidad de una atenci\u00f3n no presencial. TODAS LAS ACTIVIDADES PROPUESTAS DE LAS DISTINTAS ASIGNATURAS SE PUEDEN VER EN EL CALENDARIO SIGUIENTE. En posibles situaciones de no presencialidad (cuarentena o confinamiento), el profesorado del Aula Alternativa [&hellip;]<\/p>\n","protected":false},"author":1,"featured_media":0,"parent":0,"menu_order":0,"comment_status":"closed","ping_status":"closed","template":"","meta":{"_editorskit_title_hidden":false,"_editorskit_reading_time":1,"_editorskit_is_block_options_detached":false,"_editorskit_block_options_position":"{}","_genesis_hide_title":false,"_genesis_hide_breadcrumbs":false,"_genesis_hide_singular_image":false,"_genesis_hide_footer_widgets":false,"_genesis_custom_body_class":"","_genesis_custom_post_class":"","_genesis_layout":"full-width-content","ngg_post_thumbnail":0},"_links":{"self":[{"href":"https:\/\/cpsanguesa.educacion.navarra.es\/blogs\/wp-json\/wp\/v2\/pages\/3487"}],"collection":[{"href":"https:\/\/cpsanguesa.educacion.navarra.es\/blogs\/wp-json\/wp\/v2\/pages"}],"about":[{"href":"https:\/\/cpsanguesa.educacion.navarra.es\/blogs\/wp-json\/wp\/v2\/types\/page"}],"author":[{"embeddable":true,"href":"https:\/\/cpsanguesa.educacion.navarra.es\/blogs\/wp-json\/wp\/v2\/users\/1"}],"replies":[{"embeddable":true,"href":"https:\/\/cpsanguesa.educacion.navarra.es\/blogs\/wp-json\/wp\/v2\/comments?post=3487"}],"version-history":[{"count":0,"href":"https:\/\/cpsanguesa.educacion.navarra.es\/blogs\/wp-json\/wp\/v2\/pages\/3487\/revisions"}],"wp:attachment":[{"href":"https:\/\/cpsanguesa.educacion.navarra.es\/blogs\/wp-json\/wp\/v2\/media?parent=3487"}],"curies":[{"name":"wp","href":"https:\/\/api.w.org\/{rel}","templated":true}]}}