{"id":3520,"date":"2021-02-07T14:30:11","date_gmt":"2021-02-07T13:30:11","guid":{"rendered":"http:\/\/cpsanguesa.educacion.navarra.es\/blogs\/?page_id=3520"},"modified":"2024-10-10T12:57:25","modified_gmt":"2024-10-10T10:57:25","slug":"educacion-infantil-1o","status":"publish","type":"page","link":"https:\/\/cpsanguesa.educacion.navarra.es\/blogs\/educacion-infantil-1o\/","title":{"rendered":"Educaci\u00f3n Infantil 1\u00ba"},"content":{"rendered":"\n<div style=\"height:20px\" aria-hidden=\"true\" class=\"wp-block-spacer\"><\/div>\n\n\n<div class=\"content-box-yellow\" style=\"text-align: center;\"><span style=\"color: #000080;\"><strong>Relacionamos a continuaci\u00f3n una serie de actividades y sugerencias para completar el d\u00eda a d\u00eda en vuestras casas y continuar con la actividad que realizamos en el aula. Esperamos que os sirvan de ayuda y que disfrut\u00e9is de vuestros hijos e hijas. Si ten\u00e9is alguna duda pod\u00e9is contactar con nosotras, como siempre, a trav\u00e9s del correo electr\u00f3nico.<\/strong><\/span><\/div>\n\n\n<div class=\"wp-container-1 wp-block-group has-background\" style=\"background-color:#fbfbd5\"><div class=\"wp-block-group__inner-container\">\n<div style=\"height:20px\" aria-hidden=\"true\" class=\"wp-block-spacer\"><\/div>\n\n\n\n<h2 class=\"has-text-align-center\" id=\"las-profesoras-de-educacion-infantil-os-sugerimos-esta-pauta-horaria\"><mark style=\"background-color:rgba(0, 0, 0, 0);color:#0071a1\" class=\"has-inline-color\">Las profesoras de Educaci\u00f3n Infantil os sugerimos esta PAUTA HORARIA<\/mark><\/h2>\n\n\n\n<figure class=\"wp-block-gallery aligncenter has-nested-images columns-default is-cropped\">\n<figure class=\"wp-block-image size-large\"><a href=\"https:\/\/cpsanguesa.educacion.navarra.es\/blogs\/wp-content\/uploads\/2020\/03\/EI_Pauta-Horaria_COVID-19_01-red.jpg\"><img loading=\"lazy\" width=\"1024\" height=\"902\" src=\"https:\/\/cpsanguesa.educacion.navarra.es\/blogs\/wp-content\/uploads\/2020\/03\/EI_Pauta-Horaria_COVID-19_01-red-1024x902.jpg\" alt=\"\" class=\"wp-image-3022\" srcset=\"https:\/\/cpsanguesa.educacion.navarra.es\/blogs\/wp-content\/uploads\/2020\/03\/EI_Pauta-Horaria_COVID-19_01-red-1024x902.jpg 1024w, https:\/\/cpsanguesa.educacion.navarra.es\/blogs\/wp-content\/uploads\/2020\/03\/EI_Pauta-Horaria_COVID-19_01-red-300x264.jpg 300w, https:\/\/cpsanguesa.educacion.navarra.es\/blogs\/wp-content\/uploads\/2020\/03\/EI_Pauta-Horaria_COVID-19_01-red-768x677.jpg 768w, https:\/\/cpsanguesa.educacion.navarra.es\/blogs\/wp-content\/uploads\/2020\/03\/EI_Pauta-Horaria_COVID-19_01-red-1536x1353.jpg 1536w, https:\/\/cpsanguesa.educacion.navarra.es\/blogs\/wp-content\/uploads\/2020\/03\/EI_Pauta-Horaria_COVID-19_01-red-2048x1805.jpg 2048w\" sizes=\"(max-width: 1024px) 100vw, 1024px\" \/><\/a><\/figure>\n\n\n\n<figure class=\"wp-block-image size-large\"><a href=\"https:\/\/cpsanguesa.educacion.navarra.es\/blogs\/wp-content\/uploads\/2020\/03\/EI_Pauta-Horaria_COVID-19_02-red.jpg\"><img loading=\"lazy\" width=\"1024\" height=\"902\" src=\"https:\/\/cpsanguesa.educacion.navarra.es\/blogs\/wp-content\/uploads\/2020\/03\/EI_Pauta-Horaria_COVID-19_02-red-1024x902.jpg\" alt=\"\" class=\"wp-image-3023\" srcset=\"https:\/\/cpsanguesa.educacion.navarra.es\/blogs\/wp-content\/uploads\/2020\/03\/EI_Pauta-Horaria_COVID-19_02-red-1024x902.jpg 1024w, https:\/\/cpsanguesa.educacion.navarra.es\/blogs\/wp-content\/uploads\/2020\/03\/EI_Pauta-Horaria_COVID-19_02-red-300x264.jpg 300w, https:\/\/cpsanguesa.educacion.navarra.es\/blogs\/wp-content\/uploads\/2020\/03\/EI_Pauta-Horaria_COVID-19_02-red-768x677.jpg 768w, https:\/\/cpsanguesa.educacion.navarra.es\/blogs\/wp-content\/uploads\/2020\/03\/EI_Pauta-Horaria_COVID-19_02-red-1536x1353.jpg 1536w, https:\/\/cpsanguesa.educacion.navarra.es\/blogs\/wp-content\/uploads\/2020\/03\/EI_Pauta-Horaria_COVID-19_02-red-2048x1805.jpg 2048w\" sizes=\"(max-width: 1024px) 100vw, 1024px\" \/><\/a><\/figure>\n\n\n\n<figure class=\"wp-block-image size-large\"><a href=\"https:\/\/cpsanguesa.educacion.navarra.es\/blogs\/wp-content\/uploads\/2020\/03\/EI_Pauta-Horaria_COVID-19_03-red.jpg\"><img loading=\"lazy\" width=\"1024\" height=\"902\" src=\"https:\/\/cpsanguesa.educacion.navarra.es\/blogs\/wp-content\/uploads\/2020\/03\/EI_Pauta-Horaria_COVID-19_03-red-1024x902.jpg\" alt=\"\" class=\"wp-image-3024\" srcset=\"https:\/\/cpsanguesa.educacion.navarra.es\/blogs\/wp-content\/uploads\/2020\/03\/EI_Pauta-Horaria_COVID-19_03-red-1024x902.jpg 1024w, https:\/\/cpsanguesa.educacion.navarra.es\/blogs\/wp-content\/uploads\/2020\/03\/EI_Pauta-Horaria_COVID-19_03-red-300x264.jpg 300w, https:\/\/cpsanguesa.educacion.navarra.es\/blogs\/wp-content\/uploads\/2020\/03\/EI_Pauta-Horaria_COVID-19_03-red-768x677.jpg 768w, https:\/\/cpsanguesa.educacion.navarra.es\/blogs\/wp-content\/uploads\/2020\/03\/EI_Pauta-Horaria_COVID-19_03-red-1536x1353.jpg 1536w, https:\/\/cpsanguesa.educacion.navarra.es\/blogs\/wp-content\/uploads\/2020\/03\/EI_Pauta-Horaria_COVID-19_03-red-2048x1805.jpg 2048w\" sizes=\"(max-width: 1024px) 100vw, 1024px\" \/><\/a><\/figure>\n\n\n\n<figure class=\"wp-block-image size-large\"><a href=\"https:\/\/cpsanguesa.educacion.navarra.es\/blogs\/wp-content\/uploads\/2020\/03\/EI_Pauta-Horaria_COVID-19_04-1.jpg\"><img loading=\"lazy\" width=\"1024\" height=\"198\" src=\"https:\/\/cpsanguesa.educacion.navarra.es\/blogs\/wp-content\/uploads\/2020\/03\/EI_Pauta-Horaria_COVID-19_04-1-1024x198.jpg\" alt=\"\" class=\"wp-image-3025\" srcset=\"https:\/\/cpsanguesa.educacion.navarra.es\/blogs\/wp-content\/uploads\/2020\/03\/EI_Pauta-Horaria_COVID-19_04-1-1024x198.jpg 1024w, https:\/\/cpsanguesa.educacion.navarra.es\/blogs\/wp-content\/uploads\/2020\/03\/EI_Pauta-Horaria_COVID-19_04-1-300x58.jpg 300w, https:\/\/cpsanguesa.educacion.navarra.es\/blogs\/wp-content\/uploads\/2020\/03\/EI_Pauta-Horaria_COVID-19_04-1-768x148.jpg 768w, https:\/\/cpsanguesa.educacion.navarra.es\/blogs\/wp-content\/uploads\/2020\/03\/EI_Pauta-Horaria_COVID-19_04-1-1536x296.jpg 1536w, https:\/\/cpsanguesa.educacion.navarra.es\/blogs\/wp-content\/uploads\/2020\/03\/EI_Pauta-Horaria_COVID-19_04-1-2048x395.jpg 2048w\" sizes=\"(max-width: 1024px) 100vw, 1024px\" \/><\/a><\/figure>\n<\/figure>\n\n\n\n<figure class=\"wp-block-table\"><table><tbody><tr><td><span style=\"color:#025c83\" class=\"has-inline-color\"><strong>Esta es una sugerencia de organizaci\u00f3n diaria, lo pod\u00e9is adaptar a vuestras necesidades. A continuaci\u00f3n, tambi\u00e9n os dejamos algunas recomendaciones para estos d\u00edas:<\/strong><br>+ Pautar con vuestros\/as hijos\/as, el tiempo que se va a dedicar a televisi\u00f3n y ordenador, para que no ocupe la mayor parte del d\u00eda.<br>+ Intentar marcar una rutina, es la manera de que los\/as ni\u00f1os\/as se sienten m\u00e1s seguros\/as.<br>+ Explicarles de manera sencilla el motivo por el que estamos en esta situaci\u00f3n, para intentar normalizar la situaci\u00f3n lo mejor posible. <br>Son sugerencias. Seguro que con vuestra imaginaci\u00f3n y las propuestas de los ni\u00f1os\/as se os ocurren muchas m\u00e1s actividades. <\/span><\/td><\/tr><\/tbody><\/table><\/figure>\n<\/div><\/div>\n\n\n\n<iframe loading=\"lazy\" src=\"https:\/\/calendar.google.com\/calendar\/embed?height=600&amp;wkst=2&amp;ctz=Europe%2FMadrid&amp;showPrint=0&amp;src=Y181bHM4cTM2N2hxYTlhcGVwOWcxcWVzNnAya0Bncm91cC5jYWxlbmRhci5nb29nbGUuY29t&amp;color=%23F6BF26\" style=\"border:solid 1px #777\" width=\"1200\" height=\"600\" frameborder=\"0\" scrolling=\"no\"><\/iframe>\n\n\n\n<figure class=\"wp-block-table\"><table><tbody><tr><td class=\"has-text-align-center\" data-align=\"center\">En posibles situaciones de no presencialidad (cuarentena o confinamiento), el profesorado de 1\u00ba de Educaci\u00f3n Infantil estar\u00e1 disponible para resolver dudas y preguntas que puedan plantearse tanto al alumnado como a las familias <strong>de 9:00 h. a 14:00 horas a trav\u00e9s del correo electr\u00f3nico de Educaci\u00f3n<\/strong> <strong>y de videollamadas concertadas por Google Meet.<\/strong><\/td><\/tr><\/tbody><\/table><\/figure>\n","protected":false},"excerpt":{"rendered":"<p>Relacionamos a continuaci\u00f3n una serie de actividades y sugerencias para completar el d\u00eda a d\u00eda en vuestras casas y continuar con la actividad que realizamos en el aula. Esperamos que os sirvan de ayuda y que disfrut\u00e9is de vuestros hijos e hijas. Si ten\u00e9is alguna duda pod\u00e9is contactar con nosotras, como siempre, a trav\u00e9s del [&hellip;]<\/p>\n","protected":false},"author":1,"featured_media":0,"parent":0,"menu_order":0,"comment_status":"closed","ping_status":"closed","template":"","meta":{"_editorskit_title_hidden":false,"_editorskit_reading_time":1,"_editorskit_is_block_options_detached":false,"_editorskit_block_options_position":"{}","_genesis_hide_title":false,"_genesis_hide_breadcrumbs":false,"_genesis_hide_singular_image":false,"_genesis_hide_footer_widgets":false,"_genesis_custom_body_class":"","_genesis_custom_post_class":"","_genesis_layout":"full-width-content","ngg_post_thumbnail":0},"_links":{"self":[{"href":"https:\/\/cpsanguesa.educacion.navarra.es\/blogs\/wp-json\/wp\/v2\/pages\/3520"}],"collection":[{"href":"https:\/\/cpsanguesa.educacion.navarra.es\/blogs\/wp-json\/wp\/v2\/pages"}],"about":[{"href":"https:\/\/cpsanguesa.educacion.navarra.es\/blogs\/wp-json\/wp\/v2\/types\/page"}],"author":[{"embeddable":true,"href":"https:\/\/cpsanguesa.educacion.navarra.es\/blogs\/wp-json\/wp\/v2\/users\/1"}],"replies":[{"embeddable":true,"href":"https:\/\/cpsanguesa.educacion.navarra.es\/blogs\/wp-json\/wp\/v2\/comments?post=3520"}],"version-history":[{"count":0,"href":"https:\/\/cpsanguesa.educacion.navarra.es\/blogs\/wp-json\/wp\/v2\/pages\/3520\/revisions"}],"wp:attachment":[{"href":"https:\/\/cpsanguesa.educacion.navarra.es\/blogs\/wp-json\/wp\/v2\/media?parent=3520"}],"curies":[{"name":"wp","href":"https:\/\/api.w.org\/{rel}","templated":true}]}}