{"id":3549,"date":"2023-02-22T15:00:00","date_gmt":"2023-02-22T14:00:00","guid":{"rendered":"http:\/\/cpsanguesa.educacion.navarra.es\/blogs\/?page_id=3549"},"modified":"2026-03-02T08:30:58","modified_gmt":"2026-03-02T07:30:58","slug":"preinscripcion","status":"publish","type":"page","link":"https:\/\/cpsanguesa.educacion.navarra.es\/blogs\/preinscripcion\/","title":{"rendered":"Preinscripci\u00f3n 2026-2027"},"content":{"rendered":"\n<div class=\"wp-block-media-text is-stacked-on-mobile is-vertically-aligned-center\" style=\"grid-template-columns:43% auto\"><figure class=\"wp-block-media-text__media\"><img loading=\"lazy\" width=\"612\" height=\"408\" src=\"https:\/\/cpsanguesa.educacion.navarra.es\/blogs\/wp-content\/uploads\/2024\/03\/istockphoto-1447610452-612x612-1.jpg\" alt=\"\" class=\"wp-image-4979 size-full\" srcset=\"https:\/\/cpsanguesa.educacion.navarra.es\/blogs\/wp-content\/uploads\/2024\/03\/istockphoto-1447610452-612x612-1.jpg 612w, https:\/\/cpsanguesa.educacion.navarra.es\/blogs\/wp-content\/uploads\/2024\/03\/istockphoto-1447610452-612x612-1-300x200.jpg 300w\" sizes=\"(max-width: 612px) 100vw, 612px\" \/><\/figure><div class=\"wp-block-media-text__content\">\n<h3 class=\"has-text-align-center has-text-color\" style=\"color:#1b6078\">JORNADA DE PUERTAS ABIERTAS<br><strong>4 de marzo a las 16:00h.<\/strong><\/h3>\n\n\n\n<h3 class=\"has-text-align-center has-text-color\" style=\"color:#a81c6d\">PRESENTACI\u00d3N DE SOLICITUDES<br><strong><strong>del 9 al 13 de marzo<\/strong><\/strong><br>de 8:00h a 15:00h<\/h3>\n\n\n\n<p class=\"has-text-align-center\"><a href=\"https:\/\/forms.gle\/MEaDjXoaXuLBpQv99\">CITA PREVIA PREINSCRIPCI\u00d3N<\/a><br><a href=\"https:\/\/docs.google.com\/document\/d\/12Oj9VZCQeHNPADQiknbHgMFB3YgmKaQOkKo7ys2HhwE\/edit?usp=drive_link\" class=\"ek-link\">Documentaci\u00f3n a presentar<\/a><\/p>\n\n\n\n<p class=\"has-text-align-center\"><a href=\"https:\/\/www.educacion.navarra.es\/documents\/27590\/3085477\/1920_1080-20_castellano.mp4\/99493619-d84b-32b8-d097-bf47a41e2089\">V\u00eddeo Promocional<\/a><\/p>\n<\/div><\/div>\n\n\n\n<p class=\"has-text-align-center\"><\/p>\n\n\n\n<figure class=\"wp-block-image size-large\"><a href=\"https:\/\/cpsanguesa.educacion.navarra.es\/blogs\/wp-content\/uploads\/2026\/03\/Preinscripcion-CPEIP-LUIS-GIL-2026.jpg\"><img loading=\"lazy\" width=\"683\" height=\"1024\" src=\"https:\/\/cpsanguesa.educacion.navarra.es\/blogs\/wp-content\/uploads\/2026\/03\/Preinscripcion-CPEIP-LUIS-GIL-2026-683x1024.jpg\" alt=\"\" class=\"wp-image-5619\" srcset=\"https:\/\/cpsanguesa.educacion.navarra.es\/blogs\/wp-content\/uploads\/2026\/03\/Preinscripcion-CPEIP-LUIS-GIL-2026-683x1024.jpg 683w, https:\/\/cpsanguesa.educacion.navarra.es\/blogs\/wp-content\/uploads\/2026\/03\/Preinscripcion-CPEIP-LUIS-GIL-2026-200x300.jpg 200w, https:\/\/cpsanguesa.educacion.navarra.es\/blogs\/wp-content\/uploads\/2026\/03\/Preinscripcion-CPEIP-LUIS-GIL-2026-768x1152.jpg 768w, https:\/\/cpsanguesa.educacion.navarra.es\/blogs\/wp-content\/uploads\/2026\/03\/Preinscripcion-CPEIP-LUIS-GIL-2026.jpg 1024w\" sizes=\"(max-width: 683px) 100vw, 683px\" \/><\/a><\/figure>\n","protected":false},"excerpt":{"rendered":"<p>JORNADA DE PUERTAS ABIERTAS4 de marzo a las 16:00h. PRESENTACI\u00d3N DE SOLICITUDESdel 9 al 13 de marzode 8:00h a 15:00h CITA PREVIA PREINSCRIPCI\u00d3NDocumentaci\u00f3n a presentar V\u00eddeo Promocional<\/p>\n","protected":false},"author":5,"featured_media":4971,"parent":0,"menu_order":0,"comment_status":"closed","ping_status":"closed","template":"","meta":{"_editorskit_title_hidden":false,"_editorskit_reading_time":1,"_editorskit_is_block_options_detached":false,"_editorskit_block_options_position":"{}","_genesis_hide_title":false,"_genesis_hide_breadcrumbs":false,"_genesis_hide_singular_image":false,"_genesis_hide_footer_widgets":false,"_genesis_custom_body_class":"","_genesis_custom_post_class":"","_genesis_layout":"","ngg_post_thumbnail":0},"_links":{"self":[{"href":"https:\/\/cpsanguesa.educacion.navarra.es\/blogs\/wp-json\/wp\/v2\/pages\/3549"}],"collection":[{"href":"https:\/\/cpsanguesa.educacion.navarra.es\/blogs\/wp-json\/wp\/v2\/pages"}],"about":[{"href":"https:\/\/cpsanguesa.educacion.navarra.es\/blogs\/wp-json\/wp\/v2\/types\/page"}],"author":[{"embeddable":true,"href":"https:\/\/cpsanguesa.educacion.navarra.es\/blogs\/wp-json\/wp\/v2\/users\/5"}],"replies":[{"embeddable":true,"href":"https:\/\/cpsanguesa.educacion.navarra.es\/blogs\/wp-json\/wp\/v2\/comments?post=3549"}],"version-history":[{"count":0,"href":"https:\/\/cpsanguesa.educacion.navarra.es\/blogs\/wp-json\/wp\/v2\/pages\/3549\/revisions"}],"wp:featuredmedia":[{"embeddable":true,"href":"https:\/\/cpsanguesa.educacion.navarra.es\/blogs\/wp-json\/wp\/v2\/media\/4971"}],"wp:attachment":[{"href":"https:\/\/cpsanguesa.educacion.navarra.es\/blogs\/wp-json\/wp\/v2\/media?parent=3549"}],"curies":[{"name":"wp","href":"https:\/\/api.w.org\/{rel}","templated":true}]}}