{"id":36,"date":"2011-06-28T00:03:13","date_gmt":"2011-06-27T22:03:13","guid":{"rendered":"http:\/\/cpsanguesa.educacion.navarra.es\/blogs\/?page_id=36"},"modified":"2025-09-23T11:16:52","modified_gmt":"2025-09-23T09:16:52","slug":"extraescolares","status":"publish","type":"page","link":"https:\/\/cpsanguesa.educacion.navarra.es\/blogs\/guia-del-curso\/extraescolares\/","title":{"rendered":"Extraescolares APYMA Nora"},"content":{"rendered":"<p><strong><span style=\"color: #800000;\"><a href=\"https:\/\/cpsanguesa.educacion.navarra.es\/blogs\/wp-content\/uploads\/2011\/06\/Taekwondo-01.jpg\"><img loading=\"lazy\" class=\"alignleft size-thumbnail wp-image-327\" title=\"Taekwondo 01\" src=\"https:\/\/cpsanguesa.educacion.navarra.es\/blogs\/wp-content\/uploads\/2011\/06\/Taekwondo-01-150x150.jpg\" alt=\"\" width=\"160\" height=\"160\" srcset=\"https:\/\/cpsanguesa.educacion.navarra.es\/blogs\/wp-content\/uploads\/2011\/06\/Taekwondo-01-150x150.jpg 150w, https:\/\/cpsanguesa.educacion.navarra.es\/blogs\/wp-content\/uploads\/2011\/06\/Taekwondo-01-298x300.jpg 298w, https:\/\/cpsanguesa.educacion.navarra.es\/blogs\/wp-content\/uploads\/2011\/06\/Taekwondo-01.jpg 300w\" sizes=\"(max-width: 160px) 100vw, 160px\" \/><\/a><\/span><\/strong><\/p>\n<p><strong><span style=\"color: #ab2668;\">TAEKWONDO<\/span><\/strong><br>Impartido por Marta Planillo y \u00d3scar Erdozain.<br>Lugar: Gimnasio del Colegio P\u00fablico Luis Gil.<br>D\u00eda: <strong>Mi\u00e9rcoles<\/strong> de 16:35 a 17:35 h.<br>Duraci\u00f3n del curso: de Octubre a Junio.<\/p>\n<p>&nbsp;<\/p>\n<p><span style=\"color: #800000;\"><strong><a href=\"https:\/\/cpsanguesa.educacion.navarra.es\/blogs\/wp-content\/uploads\/2011\/06\/Ni\u00f1os-dibujando-01.jpg\"><img loading=\"lazy\" class=\"alignleft size-medium wp-image-328\" title=\"children happily playing on floor\" src=\"https:\/\/cpsanguesa.educacion.navarra.es\/blogs\/wp-content\/uploads\/2011\/06\/Ni\u00f1os-dibujando-01-300x200.jpg\" alt=\"\" width=\"262\" height=\"175\" srcset=\"https:\/\/cpsanguesa.educacion.navarra.es\/blogs\/wp-content\/uploads\/2011\/06\/Ni\u00f1os-dibujando-01-300x200.jpg 300w, https:\/\/cpsanguesa.educacion.navarra.es\/blogs\/wp-content\/uploads\/2011\/06\/Ni\u00f1os-dibujando-01.jpg 422w\" sizes=\"(max-width: 262px) 100vw, 262px\" \/><\/a><\/strong><\/span><br><span style=\"color: #ab2668;\"><strong>DIBUJO Y PINTURA<\/strong><\/span><br>Impartido por Esther Abad\u00eda.<br>Lugar: Colegio P\u00fablico Luis Gil.<br>D\u00edas: <strong>jueves <\/strong>de 16:30 a 17:30 h.<br>&nbsp; &nbsp; &nbsp; &nbsp; &nbsp;<strong>viernes<\/strong> de 15:30 a 16:30 h.&nbsp;<br>Duraci\u00f3n del curso: de Octubre a Mayo.<\/p>\n<p>&nbsp;<\/p>\n<p><strong><span style=\"color: #800000;\"><a href=\"https:\/\/cpsanguesa.educacion.navarra.es\/blogs\/wp-content\/uploads\/2011\/06\/Extraescolares-Ingl\u00e9s.jpg\"><img loading=\"lazy\" class=\"alignleft wp-image-330 \" title=\"Extraescolares Ingl\u00e9s\" src=\"https:\/\/cpsanguesa.educacion.navarra.es\/blogs\/wp-content\/uploads\/2011\/06\/Extraescolares-Ingl\u00e9s-199x300.jpg\" alt=\"\" width=\"175\" height=\"264\"><\/a><\/span><\/strong><\/p>\n<p>&nbsp;<\/p>\n<p><span style=\"color: #ab2668;\"><strong>INGL\u00c9S<\/strong><\/span><br>Impartido por Raquel Rojano.<br>Lugar: Colegio P\u00fablico Luis Gil.<br>D\u00edas: <strong>Lunes<\/strong>, 5\u00ba E.P. de 16:45 a 17:45 h&nbsp; &nbsp; &nbsp; &nbsp; &nbsp; &nbsp; &nbsp; &nbsp; &nbsp; &nbsp; &nbsp; &nbsp; &nbsp; &nbsp; &nbsp; &nbsp; &nbsp; &nbsp; &nbsp; &nbsp; &nbsp; &nbsp; &nbsp; &nbsp; &nbsp; &nbsp; &nbsp; &nbsp; &nbsp; &nbsp; &nbsp; &nbsp; &nbsp; &nbsp; &nbsp; &nbsp; 3\u00ba E.P. de 17:45 a 18:45 h. &nbsp;<br>Duraci\u00f3n del curso: de Octubre a Mayo.<\/p>\n<p>&nbsp;<\/p>\n<p>&nbsp;<\/p>\n<p><span style=\"color: #800000;\"><strong><a href=\"https:\/\/cpsanguesa.educacion.navarra.es\/blogs\/wp-content\/uploads\/2011\/06\/Ni\u00f1os-dibujando-01.jpg\"><img loading=\"lazy\" class=\"alignleft wp-image-5155 \" title=\"children happily playing on floor\" src=\"https:\/\/cpsanguesa.educacion.navarra.es\/blogs\/wp-content\/uploads\/2024\/09\/pngegg-10-e1726837658278-278x300.png\" alt=\"\" width=\"184\" height=\"199\" srcset=\"https:\/\/cpsanguesa.educacion.navarra.es\/blogs\/wp-content\/uploads\/2024\/09\/pngegg-10-e1726837658278-278x300.png 278w, https:\/\/cpsanguesa.educacion.navarra.es\/blogs\/wp-content\/uploads\/2024\/09\/pngegg-10-e1726837658278.png 699w\" sizes=\"(max-width: 184px) 100vw, 184px\" \/><\/a><\/strong><\/span><span style=\"color: #ab2668;\"><strong>GIMNASIA R\u00cdTMICA<\/strong><\/span><br>Impartido por Mairu Navarro.<br>Lugar: Colegio P\u00fablico Luis Gil.<br>D\u00eda: <strong>Martes<\/strong> de 16:30 a 17:45 h y\/o <strong>Viernes<\/strong> de 19:00 a 20:15 h.<br>Duraci\u00f3n del curso: de Octubre a Mayo.<\/p>\n<p>&nbsp;<\/p>\n<p>&nbsp;<\/p>\n<p><span style=\"color: #800000;\"><strong><a href=\"https:\/\/cpsanguesa.educacion.navarra.es\/blogs\/wp-content\/uploads\/2011\/06\/Ni\u00f1os-dibujando-01.jpg\"><img loading=\"lazy\" class=\"wp-image-4782  alignleft\" title=\"children happily playing on floor\" src=\"https:\/\/cpsanguesa.educacion.navarra.es\/blogs\/wp-content\/uploads\/2023\/09\/10059130-ninos-jugando-al-ajedrez-en-el-fondo-blanco.jpg\" alt=\"\" width=\"308\" height=\"201\" srcset=\"https:\/\/cpsanguesa.educacion.navarra.es\/blogs\/wp-content\/uploads\/2023\/09\/10059130-ninos-jugando-al-ajedrez-en-el-fondo-blanco.jpg 450w, https:\/\/cpsanguesa.educacion.navarra.es\/blogs\/wp-content\/uploads\/2023\/09\/10059130-ninos-jugando-al-ajedrez-en-el-fondo-blanco-300x196.jpg 300w\" sizes=\"(max-width: 308px) 100vw, 308px\" \/><\/a><\/strong><\/span><span style=\"color: #ab2668;\"><strong>AJEDREZ<\/strong><\/span><br>Impartido por Jos\u00e9 M\u00aa D\u00edez.<br>Lugar: Colegio P\u00fablico Luis Gil.<br>D\u00edas: <strong>Martes y jueves<\/strong> a las 17:00 h.&nbsp;<br>Duraci\u00f3n del curso: de Octubre 2024 a Mayo 2025.<\/p>\n<p>&nbsp;<\/p>\n<p><span style=\"color: #1b6078;\"><strong>Observaciones:<\/strong><\/span><\/p>\n<ul>\n<li>La APYMA &#8220;Nora&#8221; se encarga de gestionar las actividades extraescolares, en coordinaci\u00f3n con el Equipo Directivo.<\/li>\n<li>Las inscripciones se formalizan contactando con el o la responsable de la actividad.<\/li>\n<li>Los grupos se forman por orden de inscripci\u00f3n.<\/li>\n<li>El pago de las cuotas mensuales y la fianza (en el caso de que haya) se realiza directamente al profesor.<\/li>\n<li>Si en cursos anteriores alguien ha dejado de pagar alguna cuota, no se le admitir\u00e1 en ninguna actividad del presente curso.<\/li>\n<\/ul>\n\n\n<p><\/p>\n","protected":false},"excerpt":{"rendered":"<p>TAEKWONDOImpartido por Marta Planillo y \u00d3scar Erdozain.Lugar: Gimnasio del Colegio P\u00fablico Luis Gil.D\u00eda: Mi\u00e9rcoles de 16:35 a 17:35 h.Duraci\u00f3n del curso: de Octubre a Junio. &nbsp; DIBUJO Y PINTURAImpartido por Esther Abad\u00eda.Lugar: Colegio P\u00fablico Luis Gil.D\u00edas: jueves de 16:30 a 17:30 h.&nbsp; &nbsp; &nbsp; &nbsp; &nbsp;viernes de 15:30 a 16:30 h.&nbsp;Duraci\u00f3n del curso: de Octubre [&hellip;]<\/p>\n","protected":false},"author":1,"featured_media":0,"parent":10,"menu_order":5,"comment_status":"closed","ping_status":"closed","template":"","meta":{"_editorskit_title_hidden":false,"_editorskit_reading_time":0,"_editorskit_is_block_options_detached":false,"_editorskit_block_options_position":"{}","_genesis_hide_title":false,"_genesis_hide_breadcrumbs":false,"_genesis_hide_singular_image":false,"_genesis_hide_footer_widgets":false,"_genesis_custom_body_class":"","_genesis_custom_post_class":"","_genesis_layout":"","ngg_post_thumbnail":0},"_links":{"self":[{"href":"https:\/\/cpsanguesa.educacion.navarra.es\/blogs\/wp-json\/wp\/v2\/pages\/36"}],"collection":[{"href":"https:\/\/cpsanguesa.educacion.navarra.es\/blogs\/wp-json\/wp\/v2\/pages"}],"about":[{"href":"https:\/\/cpsanguesa.educacion.navarra.es\/blogs\/wp-json\/wp\/v2\/types\/page"}],"author":[{"embeddable":true,"href":"https:\/\/cpsanguesa.educacion.navarra.es\/blogs\/wp-json\/wp\/v2\/users\/1"}],"replies":[{"embeddable":true,"href":"https:\/\/cpsanguesa.educacion.navarra.es\/blogs\/wp-json\/wp\/v2\/comments?post=36"}],"version-history":[{"count":0,"href":"https:\/\/cpsanguesa.educacion.navarra.es\/blogs\/wp-json\/wp\/v2\/pages\/36\/revisions"}],"up":[{"embeddable":true,"href":"https:\/\/cpsanguesa.educacion.navarra.es\/blogs\/wp-json\/wp\/v2\/pages\/10"}],"wp:attachment":[{"href":"https:\/\/cpsanguesa.educacion.navarra.es\/blogs\/wp-json\/wp\/v2\/media?parent=36"}],"curies":[{"name":"wp","href":"https:\/\/api.w.org\/{rel}","templated":true}]}}