{"id":389,"date":"2012-03-03T17:45:40","date_gmt":"2012-03-03T16:45:40","guid":{"rendered":"http:\/\/cpsanguesa.educacion.navarra.es\/blogs\/?page_id=389"},"modified":"2017-01-29T21:14:43","modified_gmt":"2017-01-29T20:14:43","slug":"jorge-semprun","status":"publish","type":"page","link":"https:\/\/cpsanguesa.educacion.navarra.es\/blogs\/presentacion\/jorge-semprun\/","title":{"rendered":"Jorge Sempr\u00fan"},"content":{"rendered":"<p style=\"text-align: center;\"><a href=\"https:\/\/cpsanguesa.educacion.navarra.es\/blogs\/wp-content\/uploads\/2012\/03\/01-Jorge-Sempr\u00fan.jpg\"><img loading=\"lazy\" class=\"aligncenter size-full wp-image-434\" title=\"01 Jorge Sempr\u00fan\" src=\"https:\/\/cpsanguesa.educacion.navarra.es\/blogs\/wp-content\/uploads\/2012\/03\/01-Jorge-Sempr\u00fan.jpg\" alt=\"\" width=\"700\" height=\"350\" srcset=\"https:\/\/cpsanguesa.educacion.navarra.es\/blogs\/wp-content\/uploads\/2012\/03\/01-Jorge-Sempr\u00fan.jpg 700w, https:\/\/cpsanguesa.educacion.navarra.es\/blogs\/wp-content\/uploads\/2012\/03\/01-Jorge-Sempr\u00fan-300x150.jpg 300w\" sizes=\"(max-width: 700px) 100vw, 700px\" \/><\/a><\/p>\n<p style=\"text-align: left;\"><strong>Jorge Sempr\u00fan Maura<\/strong> (Madrid, 10 de diciembre de 1923 \u2013 Par\u00eds, 7 de junio de 2011) fue un escritor, intelectual, pol\u00edtico y guionista cinematogr\u00e1fico espa\u00f1ol. Fue Ministro de Cultura de Espa\u00f1a entre 1988 y 1991. De ascendientes intelectuales y pol\u00edticos, se traslad\u00f3 con su familia a Par\u00eds despu\u00e9s de la Guerra Civil, donde curso estudios de Filosof\u00eda en la Universidad de la Sorbona.<br \/>\nDurante la Segunda Guerra Mundial, ocupada Francia por la Alemania nazi, combati\u00f3 entre los partisanos de la Resistencia. Fue detenido, torturado y posteriormente deportado al campo de concentraci\u00f3n de Buchenwald, estancia que marcar\u00eda su posterior experiencia literaria y pol\u00edtica. Tras su liberaci\u00f3n, fue recibido como un h\u00e9roe en Par\u00eds, donde fij\u00f3 su residencia.<br \/>\nDesde 1945 hasta 1952 trabaj\u00f3 para la UNESCO.<br \/>\nEntre 1988 y 1991, fue Ministro de Cultura del Gobierno espa\u00f1ol.<br \/>\nComo escritor, toda su obra est\u00e1 fuertemente influida por sus peripecias vitales, en particular su paso por el campo de concentraci\u00f3n de Buchenwald.<br \/>\nLa obra escrita de Sempr\u00fan no se limita a la literatura, sino que ha desarrollado una amplia carrera como guionista cinematogr\u00e1fico.<br \/>\nConvencido europe\u00edsta, ha escrito, a cuatro manos junto al ex Primer Ministro franc\u00e9s Dominique de Villepin, el libro El hombre europeo, y ha publicado un volumen recopilatorio de art\u00edculos, conferencias y discursos sobre el tema, titulado Pensar en Europa.<br \/>\n(Fuente de informaci\u00f3n: Wikipedia)<\/p>\n<p style=\"text-align: left;\">&nbsp;<\/p>\n","protected":false},"excerpt":{"rendered":"<p>Jorge Sempr\u00fan Maura (Madrid, 10 de diciembre de 1923 \u2013 Par\u00eds, 7 de junio de 2011) fue un escritor, intelectual, pol\u00edtico y guionista cinematogr\u00e1fico espa\u00f1ol. Fue Ministro de Cultura de Espa\u00f1a entre 1988 y 1991. De ascendientes intelectuales y pol\u00edticos, se traslad\u00f3 con su familia a Par\u00eds despu\u00e9s de la Guerra Civil, donde curso estudios [&hellip;]<\/p>\n","protected":false},"author":1,"featured_media":0,"parent":1096,"menu_order":1,"comment_status":"closed","ping_status":"open","template":"","meta":{"_editorskit_title_hidden":false,"_editorskit_reading_time":0,"_editorskit_is_block_options_detached":false,"_editorskit_block_options_position":"{}","_genesis_hide_title":false,"_genesis_hide_breadcrumbs":false,"_genesis_hide_singular_image":false,"_genesis_hide_footer_widgets":false,"_genesis_custom_body_class":"","_genesis_custom_post_class":"","_genesis_layout":"","ngg_post_thumbnail":0},"_links":{"self":[{"href":"https:\/\/cpsanguesa.educacion.navarra.es\/blogs\/wp-json\/wp\/v2\/pages\/389"}],"collection":[{"href":"https:\/\/cpsanguesa.educacion.navarra.es\/blogs\/wp-json\/wp\/v2\/pages"}],"about":[{"href":"https:\/\/cpsanguesa.educacion.navarra.es\/blogs\/wp-json\/wp\/v2\/types\/page"}],"author":[{"embeddable":true,"href":"https:\/\/cpsanguesa.educacion.navarra.es\/blogs\/wp-json\/wp\/v2\/users\/1"}],"replies":[{"embeddable":true,"href":"https:\/\/cpsanguesa.educacion.navarra.es\/blogs\/wp-json\/wp\/v2\/comments?post=389"}],"version-history":[{"count":0,"href":"https:\/\/cpsanguesa.educacion.navarra.es\/blogs\/wp-json\/wp\/v2\/pages\/389\/revisions"}],"up":[{"embeddable":true,"href":"https:\/\/cpsanguesa.educacion.navarra.es\/blogs\/wp-json\/wp\/v2\/pages\/1096"}],"wp:attachment":[{"href":"https:\/\/cpsanguesa.educacion.navarra.es\/blogs\/wp-json\/wp\/v2\/media?parent=389"}],"curies":[{"name":"wp","href":"https:\/\/api.w.org\/{rel}","templated":true}]}}