{"id":396,"date":"2012-03-03T20:06:44","date_gmt":"2012-03-03T19:06:44","guid":{"rendered":"http:\/\/cpsanguesa.educacion.navarra.es\/blogs\/?page_id=396"},"modified":"2014-10-05T20:06:11","modified_gmt":"2014-10-05T18:06:11","slug":"albert-einstein","status":"publish","type":"page","link":"https:\/\/cpsanguesa.educacion.navarra.es\/blogs\/presentacion\/albert-einstein\/","title":{"rendered":"Albert Einstein"},"content":{"rendered":"<p style=\"text-align: center;\"><a href=\"https:\/\/cpsanguesa.educacion.navarra.es\/blogs\/wp-content\/uploads\/2012\/03\/03-Albert-Einstein.jpg\"><img loading=\"lazy\" class=\"aligncenter size-full wp-image-433\" title=\"03 Albert Einstein\" src=\"https:\/\/cpsanguesa.educacion.navarra.es\/blogs\/wp-content\/uploads\/2012\/03\/03-Albert-Einstein.jpg\" alt=\"\" width=\"700\" height=\"350\" srcset=\"https:\/\/cpsanguesa.educacion.navarra.es\/blogs\/wp-content\/uploads\/2012\/03\/03-Albert-Einstein.jpg 700w, https:\/\/cpsanguesa.educacion.navarra.es\/blogs\/wp-content\/uploads\/2012\/03\/03-Albert-Einstein-300x150.jpg 300w\" sizes=\"(max-width: 700px) 100vw, 700px\" \/><\/a><\/p>\n<p style=\"text-align: left;\"><strong>Albert Einstein<\/strong> (Ulm, Alemania, 14 de marzo de 1879 \u2013 Princeton, Estados Unidos, 18 de abril de 1955) fue un f\u00edsico alem\u00e1n de origen jud\u00edo, nacionalizado despu\u00e9s suizo y estadounidense. Est\u00e1 considerado como el cient\u00edfico m\u00e1s importante del siglo XX.<br \/>\nEn 1905, cuando era un joven f\u00edsico desconocido, empleado en la Oficina de Patentes de Berna, public\u00f3 su teor\u00eda de la relatividad especial. En ella incorpor\u00f3, en un marco te\u00f3rico simple fundamentado en postulados f\u00edsicos sencillos. Como una consecuencia l\u00f3gica de esta teor\u00eda, dedujo la ecuaci\u00f3n de la f\u00edsica m\u00e1s conocida a nivel popular: la equivalencia masa-energ\u00eda, E=mc\u00b2. Ese a\u00f1o public\u00f3 otros trabajos que sentar\u00edan bases para la f\u00edsica estad\u00edstica y la mec\u00e1nica cu\u00e1ntica.<br \/>\nEn 1915 present\u00f3 la teor\u00eda de la relatividad general, en la que reformul\u00f3 por completo el concepto de gravedad. Una de las consecuencias fue el surgimiento del estudio cient\u00edfico del origen y la evoluci\u00f3n del Universo por la rama de la f\u00edsica denominada cosmolog\u00eda. En 1919, cuando las observaciones brit\u00e1nicas de un eclipse solar confirmaron sus predicciones acerca de la curvatura de la luz, fue idolatrado por la prensa. Einstein se convirti\u00f3 en un icono popular de la ciencia, mundialmente famoso, un privilegio al alcance de muy pocos cient\u00edficos.<br \/>\nPor sus explicaciones sobre el efecto fotoel\u00e9ctrico y sus numerosas contribuciones a la f\u00edsica te\u00f3rica, en 1921 obtuvo el Premio Nobel de F\u00edsica y no por la Teor\u00eda de la Relatividad, pues el cient\u00edfico a quien se encomend\u00f3 la tarea de evaluarla, no la entendi\u00f3, y temieron correr el riesgo de que luego se demostrase err\u00f3nea. En esa \u00e9poca era a\u00fan considerada un tanto controvertida.<br \/>\nAnte el ascenso del nazismo, el cient\u00edfico abandon\u00f3 Alemania hacia diciembre de 1932 con destino a Estados Unidos, donde imparti\u00f3 docencia en el Instituto de Estudios Avanzados de Princeton. Se nacionaliz\u00f3 estadounidense en 1940. Durante sus \u00faltimos a\u00f1os trabaj\u00f3 por integrar en una misma teor\u00eda la fuerza gravitatoria y la electromagn\u00e9tica. Muri\u00f3 en Princeton, Nueva Jersey, el 18 de abril de 1955.<br \/>\nAunque es considerado por algunos como el \u00abpadre de la bomba at\u00f3mica\u00bb, abog\u00f3 en sus escritos por el pacifismo, el socialismo y el sionismo. Fue proclamado como el \u00abpersonaje del siglo XX\u00bb y el m\u00e1s eminente cient\u00edfico por la revista Time.<\/p>\n","protected":false},"excerpt":{"rendered":"<p>Albert Einstein (Ulm, Alemania, 14 de marzo de 1879 \u2013 Princeton, Estados Unidos, 18 de abril de 1955) fue un f\u00edsico alem\u00e1n de origen jud\u00edo, nacionalizado despu\u00e9s suizo y estadounidense. Est\u00e1 considerado como el cient\u00edfico m\u00e1s importante del siglo XX. En 1905, cuando era un joven f\u00edsico desconocido, empleado en la Oficina de Patentes de [&hellip;]<\/p>\n","protected":false},"author":1,"featured_media":0,"parent":1096,"menu_order":2,"comment_status":"closed","ping_status":"closed","template":"","meta":{"_editorskit_title_hidden":false,"_editorskit_reading_time":0,"_editorskit_is_block_options_detached":false,"_editorskit_block_options_position":"{}","_genesis_hide_title":false,"_genesis_hide_breadcrumbs":false,"_genesis_hide_singular_image":false,"_genesis_hide_footer_widgets":false,"_genesis_custom_body_class":"","_genesis_custom_post_class":"","_genesis_layout":"","ngg_post_thumbnail":0},"_links":{"self":[{"href":"https:\/\/cpsanguesa.educacion.navarra.es\/blogs\/wp-json\/wp\/v2\/pages\/396"}],"collection":[{"href":"https:\/\/cpsanguesa.educacion.navarra.es\/blogs\/wp-json\/wp\/v2\/pages"}],"about":[{"href":"https:\/\/cpsanguesa.educacion.navarra.es\/blogs\/wp-json\/wp\/v2\/types\/page"}],"author":[{"embeddable":true,"href":"https:\/\/cpsanguesa.educacion.navarra.es\/blogs\/wp-json\/wp\/v2\/users\/1"}],"replies":[{"embeddable":true,"href":"https:\/\/cpsanguesa.educacion.navarra.es\/blogs\/wp-json\/wp\/v2\/comments?post=396"}],"version-history":[{"count":0,"href":"https:\/\/cpsanguesa.educacion.navarra.es\/blogs\/wp-json\/wp\/v2\/pages\/396\/revisions"}],"up":[{"embeddable":true,"href":"https:\/\/cpsanguesa.educacion.navarra.es\/blogs\/wp-json\/wp\/v2\/pages\/1096"}],"wp:attachment":[{"href":"https:\/\/cpsanguesa.educacion.navarra.es\/blogs\/wp-json\/wp\/v2\/media?parent=396"}],"curies":[{"name":"wp","href":"https:\/\/api.w.org\/{rel}","templated":true}]}}