{"id":4743,"date":"2023-08-29T11:32:47","date_gmt":"2023-08-29T09:32:47","guid":{"rendered":"https:\/\/cpsanguesa.educacion.navarra.es\/blogs\/?page_id=4743"},"modified":"2025-05-18T12:25:57","modified_gmt":"2025-05-18T10:25:57","slug":"sugerencias-quejas-reclamaciones-o-agradecimientos","status":"publish","type":"page","link":"https:\/\/cpsanguesa.educacion.navarra.es\/blogs\/sugerencias-quejas-reclamaciones-o-agradecimientos\/","title":{"rendered":"Sugerencias, Quejas, Reclamaciones o Agradecimientos"},"content":{"rendered":"\n<p><\/p>\n\n\n\n<p>Para presentar tu Sugerencia, Queja, Reclamaci\u00f3n o Agradecimiento (SQRA) rellena el siguiente <a href=\"https:\/\/docs.google.com\/forms\/d\/e\/1FAIpQLSeWl9JwZEMT6r6XdpWwzOFBAwAI7mzC-goCqJnEkRcEhjTxVA\/viewform\" class=\"ek-link\">formulario<\/a> y pulsa &#8220;Enviar&#8221;.<\/p>\n\n\n\n<p><br><strong>Tus aportaciones nos ayudar\u00e1n a mejorar.<\/strong><\/p>\n\n\n\n<p><br>Tenemos el compromiso de responderte en un plazo inferior a 7 d\u00edas (en periodo lectivo). <\/p>\n\n\n\n<p>Para asegurar la respuesta se recoge la direcci\u00f3n de correo. Es IMPORTANTE escribir correctamente esta direcci\u00f3n de correo, de otro modo, no se recibir\u00e1 respuesta.<\/p>\n","protected":false},"excerpt":{"rendered":"<p>Para presentar tu Sugerencia, Queja, Reclamaci\u00f3n o Agradecimiento (SQRA) rellena el siguiente formulario y pulsa &#8220;Enviar&#8221;. Tus aportaciones nos ayudar\u00e1n a mejorar. Tenemos el compromiso de responderte en un plazo inferior a 7 d\u00edas (en periodo lectivo). Para asegurar la respuesta se recoge la direcci\u00f3n de correo. Es IMPORTANTE escribir correctamente esta direcci\u00f3n de correo, [&hellip;]<\/p>\n","protected":false},"author":1,"featured_media":0,"parent":0,"menu_order":0,"comment_status":"closed","ping_status":"closed","template":"","meta":{"_editorskit_title_hidden":false,"_editorskit_reading_time":0,"_editorskit_is_block_options_detached":false,"_editorskit_block_options_position":"{}","_genesis_hide_title":false,"_genesis_hide_breadcrumbs":false,"_genesis_hide_singular_image":false,"_genesis_hide_footer_widgets":false,"_genesis_custom_body_class":"","_genesis_custom_post_class":"","_genesis_layout":"","ngg_post_thumbnail":0},"_links":{"self":[{"href":"https:\/\/cpsanguesa.educacion.navarra.es\/blogs\/wp-json\/wp\/v2\/pages\/4743"}],"collection":[{"href":"https:\/\/cpsanguesa.educacion.navarra.es\/blogs\/wp-json\/wp\/v2\/pages"}],"about":[{"href":"https:\/\/cpsanguesa.educacion.navarra.es\/blogs\/wp-json\/wp\/v2\/types\/page"}],"author":[{"embeddable":true,"href":"https:\/\/cpsanguesa.educacion.navarra.es\/blogs\/wp-json\/wp\/v2\/users\/1"}],"replies":[{"embeddable":true,"href":"https:\/\/cpsanguesa.educacion.navarra.es\/blogs\/wp-json\/wp\/v2\/comments?post=4743"}],"version-history":[{"count":0,"href":"https:\/\/cpsanguesa.educacion.navarra.es\/blogs\/wp-json\/wp\/v2\/pages\/4743\/revisions"}],"wp:attachment":[{"href":"https:\/\/cpsanguesa.educacion.navarra.es\/blogs\/wp-json\/wp\/v2\/media?parent=4743"}],"curies":[{"name":"wp","href":"https:\/\/api.w.org\/{rel}","templated":true}]}}