{"id":551,"date":"2012-10-06T22:57:29","date_gmt":"2012-10-06T20:57:29","guid":{"rendered":"http:\/\/cpsanguesa.educacion.navarra.es\/blogs\/?page_id=551"},"modified":"2019-01-29T17:23:08","modified_gmt":"2019-01-29T16:23:08","slug":"salud-escolar","status":"publish","type":"page","link":"https:\/\/cpsanguesa.educacion.navarra.es\/blogs\/familias\/salud-escolar\/","title":{"rendered":"Salud Escolar"},"content":{"rendered":"<p><span style=\"color: #800000;\"><strong>En esta p\u00e1gina pretendemos recoger una variada informaci\u00f3n sobre temas de salud en general y, sobre todo, salud infantil. Esperamos que sea de inter\u00e9s y utilidad. Estamos abiertos a vuestras sugerencias e informaciones. Pod\u00e9is enviarnos ideas o informaci\u00f3n que pueda ser interesante para otras familias.<\/strong><\/span><\/p>\n<h5><strong><span style=\"color: #5c7220;\">VIVIR EN SALUD. CLAVES PARA ESTAR BIEN. GU\u00cdA PARA LAS FAMILIAS.<\/span><\/strong><\/h5>\n<p>Los materiales de la campa\u00f1a \u201cVivir en Salud\u201d han sido realizados por la Editorial SM, la Asociaci\u00f3n Madrile\u00f1a de Entrenadores Personales (AMPEP) e ICESalud, cuentan con la colaboraci\u00f3n del Ministerio de Agricultura, Alimentaci\u00f3n y Medio Ambiente, y la Federaci\u00f3n Espa\u00f1ola de Industrias de la Alimentaci\u00f3n y Bebidas (FIAB). Fundaci\u00f3n MAPFRE.<\/p>\n<p>&nbsp;&nbsp;<iframe loading=\"lazy\" src=\"\/\/e.issuu.com\/embed.html#1764269\/12163487\" allowfullscreen=\"allowfullscreen\" width=\"525\" height=\"373\" frameborder=\"0\"><\/iframe><\/p>\n<p>&nbsp;&nbsp;<\/p>\n<p><strong><span style=\"color: #5c7220;\">ENLACES \u00daTILES<\/span><\/strong><\/p>\n<ul>\n<li><a href=\"http:\/\/www.navarra.es\/home_es\/Temas\/Portal+de+la+Salud\/Ciudadania\/Escuela+de+Salud\/Escuela+de+Madres+y+Padres\/\" target=\"_blank\" rel=\"noopener\"><strong>Escuela de Salud de Madres y Padres. Navarra.<\/strong><\/a><\/li>\n<li><strong><a href=\"http:\/\/www.aepnaa.org\/\" target=\"_blank\" rel=\"noopener\">P\u00e1gina Web de la Asociaci\u00f3n Espa\u00f1ola de Al\u00e9rgicos a Alimentos y L\u00e1tex.<\/a><\/strong><\/li>\n<li><strong><a href=\"https:\/\/cpsanguesa.educacion.navarra.es\/blogs\/wp-content\/uploads\/2012\/10\/AEPNAA_2012-09.pdf\" target=\"_blank\" rel=\"noopener\">Recomendaciones a las familias de ni\u00f1os al\u00e9rgicos en el entorno escolar.<\/a><\/strong><\/li>\n<li><strong><a href=\"https:\/\/cpsanguesa.educacion.navarra.es\/blogs\/wp-content\/uploads\/2012\/10\/AEPNAA_Informaci\u00f3n-Material-Escolar.pdf\" target=\"_blank\" rel=\"noopener\">Informaci\u00f3n sobre material escolar, pl\u00e1stico y did\u00e1ctico.<\/a><\/strong><\/li>\n<li><strong><a href=\"https:\/\/cpsanguesa.educacion.navarra.es\/blogs\/wp-content\/uploads\/2012\/10\/AEPNAA_Protocolo-Actuaci\u00f3n-Escuela-02.pdf\" target=\"_blank\" rel=\"noopener\">Protocolo de actuaci\u00f3n ante una reacci\u00f3n al\u00e9rgica en la escuela.<\/a><\/strong><\/li>\n<li><strong><a href=\"https:\/\/cpsanguesa.educacion.navarra.es\/blogs\/wp-content\/uploads\/2012\/10\/AEPNAA_Tr\u00edptico-Alimentos.pdf\" target=\"_blank\" rel=\"noopener\">Tr\u00edptico informativo.<\/a><\/strong><\/li>\n<\/ul>\n\n\n<p><\/p>\n","protected":false},"excerpt":{"rendered":"<p>En esta p\u00e1gina pretendemos recoger una variada informaci\u00f3n sobre temas de salud en general y, sobre todo, salud infantil. Esperamos que sea de inter\u00e9s y utilidad. Estamos abiertos a vuestras sugerencias e informaciones. Pod\u00e9is enviarnos ideas o informaci\u00f3n que pueda ser interesante para otras familias. VIVIR EN SALUD. CLAVES PARA ESTAR BIEN. GU\u00cdA PARA LAS [&hellip;]<\/p>\n","protected":false},"author":1,"featured_media":0,"parent":54,"menu_order":3,"comment_status":"closed","ping_status":"open","template":"","meta":{"_editorskit_title_hidden":false,"_editorskit_reading_time":0,"_editorskit_is_block_options_detached":false,"_editorskit_block_options_position":"{}","_genesis_hide_title":false,"_genesis_hide_breadcrumbs":false,"_genesis_hide_singular_image":false,"_genesis_hide_footer_widgets":false,"_genesis_custom_body_class":"","_genesis_custom_post_class":"","_genesis_layout":"","ngg_post_thumbnail":0},"_links":{"self":[{"href":"https:\/\/cpsanguesa.educacion.navarra.es\/blogs\/wp-json\/wp\/v2\/pages\/551"}],"collection":[{"href":"https:\/\/cpsanguesa.educacion.navarra.es\/blogs\/wp-json\/wp\/v2\/pages"}],"about":[{"href":"https:\/\/cpsanguesa.educacion.navarra.es\/blogs\/wp-json\/wp\/v2\/types\/page"}],"author":[{"embeddable":true,"href":"https:\/\/cpsanguesa.educacion.navarra.es\/blogs\/wp-json\/wp\/v2\/users\/1"}],"replies":[{"embeddable":true,"href":"https:\/\/cpsanguesa.educacion.navarra.es\/blogs\/wp-json\/wp\/v2\/comments?post=551"}],"version-history":[{"count":0,"href":"https:\/\/cpsanguesa.educacion.navarra.es\/blogs\/wp-json\/wp\/v2\/pages\/551\/revisions"}],"up":[{"embeddable":true,"href":"https:\/\/cpsanguesa.educacion.navarra.es\/blogs\/wp-json\/wp\/v2\/pages\/54"}],"wp:attachment":[{"href":"https:\/\/cpsanguesa.educacion.navarra.es\/blogs\/wp-json\/wp\/v2\/media?parent=551"}],"curies":[{"name":"wp","href":"https:\/\/api.w.org\/{rel}","templated":true}]}}