{"id":58,"date":"2011-07-18T01:26:01","date_gmt":"2011-07-17T23:26:01","guid":{"rendered":"http:\/\/cpsanguesa.educacion.navarra.es\/blogs\/?page_id=58"},"modified":"2019-10-20T12:34:04","modified_gmt":"2019-10-20T10:34:04","slug":"tareas-escolares","status":"publish","type":"page","link":"https:\/\/cpsanguesa.educacion.navarra.es\/blogs\/familias\/tareas-escolares\/","title":{"rendered":"Tareas escolares"},"content":{"rendered":"<ul>\n<li><strong><a href=\"http:\/\/ntic.educacion.es\/w3\/\/recursos2\/e_padres\/html\/losestudios.htm\" target=\"_blank\" rel=\"noopener noreferrer\">C\u00f3mo ayudar a nuestros hijos en los estudios.<\/a><img loading=\"lazy\" class=\"alignright size-medium wp-image-2645\" src=\"https:\/\/cpsanguesa.educacion.navarra.es\/blogs\/wp-content\/uploads\/2019\/10\/Tareas-Escolares-07-300x210.jpg\" alt=\"\" width=\"300\" height=\"210\" srcset=\"https:\/\/cpsanguesa.educacion.navarra.es\/blogs\/wp-content\/uploads\/2019\/10\/Tareas-Escolares-07-300x210.jpg 300w, https:\/\/cpsanguesa.educacion.navarra.es\/blogs\/wp-content\/uploads\/2019\/10\/Tareas-Escolares-07-768x536.jpg 768w, https:\/\/cpsanguesa.educacion.navarra.es\/blogs\/wp-content\/uploads\/2019\/10\/Tareas-Escolares-07-1024x715.jpg 1024w, https:\/\/cpsanguesa.educacion.navarra.es\/blogs\/wp-content\/uploads\/2019\/10\/Tareas-Escolares-07.jpg 1788w\" sizes=\"(max-width: 300px) 100vw, 300px\" \/><\/strong><\/li>\n<li><strong><a href=\"http:\/\/ntic.educacion.es\/w3\/\/recursos2\/e_padres\/html\/dif_estudio.htm\" target=\"_blank\" rel=\"noopener noreferrer\">Dificultades m\u00e1s frecuentes en el estudio.<\/a><\/strong><\/li>\n<li><strong><a href=\"http:\/\/ntic.educacion.es\/w3\/\/recursos2\/e_padres\/html\/aprendi_esfuerzo.htm\" target=\"_blank\" rel=\"noopener noreferrer\">Para aprender&#8230;\u00bfhay que esforzarse?<\/a><\/strong><\/li>\n<li><strong><a href=\"http:\/\/ntic.educacion.es\/w3\/eos\/MaterialesEducativos\/mem2006\/aprender_estudiar\/index2.html\" target=\"_blank\" rel=\"noopener noreferrer\">Aprender a estudiar.<\/a><\/strong><\/li>\n<li><strong><a href=\"https:\/\/cpsanguesa.educacion.navarra.es\/blogs\/wp-content\/uploads\/2011\/08\/Tareas-escolares-Informe-CE.pdf\" target=\"_blank\" rel=\"noopener noreferrer\">Informe del Consejo Escolar de Navarra sobre las tareas escolares.<\/a><\/strong><\/li>\n<li><strong><a href=\"https:\/\/cpsanguesa.educacion.navarra.es\/blogs\/wp-content\/uploads\/2011\/08\/C\u00f3mo-estimularle-en-los-estudios.pdf\" target=\"_blank\" rel=\"noopener noreferrer\">C\u00f3mo estimularle en los estudios.<\/a><\/strong><\/li>\n<li><strong><a href=\"https:\/\/cpsanguesa.educacion.navarra.es\/blogs\/wp-content\/uploads\/2011\/08\/Motivar-para-el-estudio-y-ense\u00f1ar-a-estudiar.pdf\" target=\"_blank\" rel=\"noopener noreferrer\">Motivar para el estudio y ense\u00f1ar a estudiar.<\/a><\/strong><\/li>\n<li><a href=\"http:\/\/ntic.educacion.es\/v5\/web\/padres\/orientacion_familiar\/deberes_para_casa\/\" target=\"_blank\" rel=\"noopener noreferrer\"><strong>Orientaci\u00f3n Familiar. Deberes para casa. (Francisco Javier Rodr\u00edguez Lagu\u00eda). Instituto de Tecnolog\u00edas Educativas (ITE). MEC.<\/strong><\/a><\/li>\n<li><a href=\"https:\/\/cpsanguesa.educacion.navarra.es\/blogs\/wp-content\/uploads\/2019\/10\/Factores-Exito-Escolar_Revista-Idea-39.pdf\" target=\"_blank\" rel=\"noopener noreferrer\"><strong>Factores para el \u00e9xito escolar. (Consejo Escolar de Navarra. Revista Idea n\u00ba 39).<\/strong><\/a><\/li>\n<\/ul>\n","protected":false},"excerpt":{"rendered":"<p>C\u00f3mo ayudar a nuestros hijos en los estudios. Dificultades m\u00e1s frecuentes en el estudio. Para aprender&#8230;\u00bfhay que esforzarse? Aprender a estudiar. Informe del Consejo Escolar de Navarra sobre las tareas escolares. C\u00f3mo estimularle en los estudios. Motivar para el estudio y ense\u00f1ar a estudiar. Orientaci\u00f3n Familiar. Deberes para casa. (Francisco Javier Rodr\u00edguez Lagu\u00eda). Instituto de [&hellip;]<\/p>\n","protected":false},"author":1,"featured_media":0,"parent":54,"menu_order":1,"comment_status":"closed","ping_status":"closed","template":"","meta":{"_editorskit_title_hidden":false,"_editorskit_reading_time":0,"_editorskit_is_block_options_detached":false,"_editorskit_block_options_position":"{}","_genesis_hide_title":false,"_genesis_hide_breadcrumbs":false,"_genesis_hide_singular_image":false,"_genesis_hide_footer_widgets":false,"_genesis_custom_body_class":"","_genesis_custom_post_class":"","_genesis_layout":"","ngg_post_thumbnail":0},"_links":{"self":[{"href":"https:\/\/cpsanguesa.educacion.navarra.es\/blogs\/wp-json\/wp\/v2\/pages\/58"}],"collection":[{"href":"https:\/\/cpsanguesa.educacion.navarra.es\/blogs\/wp-json\/wp\/v2\/pages"}],"about":[{"href":"https:\/\/cpsanguesa.educacion.navarra.es\/blogs\/wp-json\/wp\/v2\/types\/page"}],"author":[{"embeddable":true,"href":"https:\/\/cpsanguesa.educacion.navarra.es\/blogs\/wp-json\/wp\/v2\/users\/1"}],"replies":[{"embeddable":true,"href":"https:\/\/cpsanguesa.educacion.navarra.es\/blogs\/wp-json\/wp\/v2\/comments?post=58"}],"version-history":[{"count":0,"href":"https:\/\/cpsanguesa.educacion.navarra.es\/blogs\/wp-json\/wp\/v2\/pages\/58\/revisions"}],"up":[{"embeddable":true,"href":"https:\/\/cpsanguesa.educacion.navarra.es\/blogs\/wp-json\/wp\/v2\/pages\/54"}],"wp:attachment":[{"href":"https:\/\/cpsanguesa.educacion.navarra.es\/blogs\/wp-json\/wp\/v2\/media?parent=58"}],"curies":[{"name":"wp","href":"https:\/\/api.w.org\/{rel}","templated":true}]}}