{"id":59,"date":"2011-07-18T01:27:00","date_gmt":"2011-07-17T23:27:00","guid":{"rendered":"http:\/\/cpsanguesa.educacion.navarra.es\/blogs\/?page_id=59"},"modified":"2021-02-28T14:41:14","modified_gmt":"2021-02-28T13:41:14","slug":"internet-seguro","status":"publish","type":"page","link":"https:\/\/cpsanguesa.educacion.navarra.es\/blogs\/familias\/internet-seguro\/","title":{"rendered":"Internet seguro"},"content":{"rendered":"<ul>\n<li><a href=\"http:\/\/www.protecciondemenores.org\/\" target=\"_blank\" rel=\"noopener noreferrer\"><strong>Protecci\u00f3n de los menores<\/strong><\/a>. Web que tiene como meta elevar la conciencia de los padres acerca de los riesgos potenciales que tienen los menores durante el uso del Internet.&nbsp; Tambi\u00e9n intenta proporcionar los mejores m\u00e9todos para protegerse contra estas amenazas.<\/li>\n<li><a href=\"http:\/\/es.calameo.com\/read\/00027280515d6f60509f1\" target=\"_blank\" rel=\"noopener noreferrer\"><strong>Familia y Nuevas Tecnolog\u00edas<\/strong><\/a>. &#8220;C\u00f3mo ayudar a los y las menores para que hagan un buen uso de la televisi\u00f3n, el tel\u00e9fono m\u00f3vil, los videojuegos e internet&#8221;. Gu\u00eda para padres y madres. Gobierno de Navarra.<\/li>\n<li><strong><a href=\"http:\/\/www.netiquetate.com\/\" target=\"_blank\" rel=\"noopener noreferrer\">Netiqu\u00e9tate<\/a><\/strong>. Es un proyecto para el fomento de la Netiqueta Joven en Redes Sociales. Es un conjunto de indicaciones pensadas para disfrutar de Tuenti, Facebook, etc. teniendo en cuenta una serie de pautas y acuerdos de funcionamiento. Muy recomendable, no s\u00f3lo para j\u00f3venes.<\/li>\n<li><strong><a href=\"http:\/\/www.pantallasamigas.net\/\" target=\"_blank\" rel=\"noopener noreferrer\">Pantallas Amigas<\/a><\/strong>. PantallasAmigas es una iniciativa que tiene como misi\u00f3n la promoci\u00f3n del uso seguro y saludable de las nuevas tecnolog\u00edas y el fomento de la ciudadan\u00eda digital responsable en la infancia y la adolescencia.<\/li>\n<li><strong><a href=\"http:\/\/www.chaval.es\/chavales\/recursos\/7-pasos-utiles-para-navegar-seguros-en-internet\" target=\"_blank\" rel=\"noopener noreferrer\">Chaval.es en la red<\/a><\/strong>.&nbsp;Web de referencia respecto al buen uso de las TIC.<\/li>\n<li><a href=\"http:\/\/www.agpd.es\/portalwebAGPD\/index-ides-idphp.php\" target=\"_blank\" rel=\"noopener noreferrer\"><strong>Agencia Espa\u00f1ola de Protecci\u00f3n de Datos<\/strong><\/a>. La Agencia Espa\u00f1ola de Protecci\u00f3n de Datos, en su compromiso con la protecci\u00f3n de los datos personales de los menores, ha creado esta secci\u00f3n web en la que se ofrecen recursos y materiales informativos destinados tanto a ni\u00f1os como a padres, tutores y miembros de la comunidad acad\u00e9mica interesados en profundizar en el derecho fundamental a la protecci\u00f3n de datos de una forma sencilla y educativa.<\/li>\n<li><strong><a href=\"https:\/\/www.is4k.es\/\" target=\"_blank\" rel=\"noopener noreferrer\">Incibe<\/a><\/strong>. Instituto Nacional de Ciberseguridad.<\/li>\n<\/ul>\n","protected":false},"excerpt":{"rendered":"<p>Protecci\u00f3n de los menores. Web que tiene como meta elevar la conciencia de los padres acerca de los riesgos potenciales que tienen los menores durante el uso del Internet.&nbsp; Tambi\u00e9n intenta proporcionar los mejores m\u00e9todos para protegerse contra estas amenazas. Familia y Nuevas Tecnolog\u00edas. &#8220;C\u00f3mo ayudar a los y las menores para que hagan un [&hellip;]<\/p>\n","protected":false},"author":1,"featured_media":0,"parent":54,"menu_order":2,"comment_status":"closed","ping_status":"closed","template":"","meta":{"_editorskit_title_hidden":false,"_editorskit_reading_time":1,"_editorskit_is_block_options_detached":false,"_editorskit_block_options_position":"{}","_genesis_hide_title":false,"_genesis_hide_breadcrumbs":false,"_genesis_hide_singular_image":false,"_genesis_hide_footer_widgets":false,"_genesis_custom_body_class":"","_genesis_custom_post_class":"","_genesis_layout":"","ngg_post_thumbnail":0},"_links":{"self":[{"href":"https:\/\/cpsanguesa.educacion.navarra.es\/blogs\/wp-json\/wp\/v2\/pages\/59"}],"collection":[{"href":"https:\/\/cpsanguesa.educacion.navarra.es\/blogs\/wp-json\/wp\/v2\/pages"}],"about":[{"href":"https:\/\/cpsanguesa.educacion.navarra.es\/blogs\/wp-json\/wp\/v2\/types\/page"}],"author":[{"embeddable":true,"href":"https:\/\/cpsanguesa.educacion.navarra.es\/blogs\/wp-json\/wp\/v2\/users\/1"}],"replies":[{"embeddable":true,"href":"https:\/\/cpsanguesa.educacion.navarra.es\/blogs\/wp-json\/wp\/v2\/comments?post=59"}],"version-history":[{"count":0,"href":"https:\/\/cpsanguesa.educacion.navarra.es\/blogs\/wp-json\/wp\/v2\/pages\/59\/revisions"}],"up":[{"embeddable":true,"href":"https:\/\/cpsanguesa.educacion.navarra.es\/blogs\/wp-json\/wp\/v2\/pages\/54"}],"wp:attachment":[{"href":"https:\/\/cpsanguesa.educacion.navarra.es\/blogs\/wp-json\/wp\/v2\/media?parent=59"}],"curies":[{"name":"wp","href":"https:\/\/api.w.org\/{rel}","templated":true}]}}