{"id":6,"date":"2011-06-12T00:07:13","date_gmt":"2011-06-11T22:07:13","guid":{"rendered":"http:\/\/cpsanguesa.educacion.navarra.es\/blogs\/?page_id=6"},"modified":"2018-08-22T09:34:11","modified_gmt":"2018-08-22T07:34:11","slug":"portada","status":"publish","type":"page","link":"https:\/\/cpsanguesa.educacion.navarra.es\/blogs\/","title":{"rendered":"Inicio"},"content":{"rendered":"<p style=\"text-align: left;\">&nbsp;<\/p>\n<p style=\"text-align: center;\"><a href=\"https:\/\/cpsanguesa.educacion.navarra.es\/blogs\/wp-content\/uploads\/2018\/08\/Computer-Code_04.jpg\"><img loading=\"lazy\" class=\"aligncenter size-full wp-image-1958\" src=\"https:\/\/cpsanguesa.educacion.navarra.es\/blogs\/wp-content\/uploads\/2018\/08\/Computer-Code_04.jpg\" alt=\"\" width=\"1280\" height=\"296\" srcset=\"https:\/\/cpsanguesa.educacion.navarra.es\/blogs\/wp-content\/uploads\/2018\/08\/Computer-Code_04.jpg 1280w, https:\/\/cpsanguesa.educacion.navarra.es\/blogs\/wp-content\/uploads\/2018\/08\/Computer-Code_04-300x69.jpg 300w, https:\/\/cpsanguesa.educacion.navarra.es\/blogs\/wp-content\/uploads\/2018\/08\/Computer-Code_04-768x178.jpg 768w, https:\/\/cpsanguesa.educacion.navarra.es\/blogs\/wp-content\/uploads\/2018\/08\/Computer-Code_04-1024x237.jpg 1024w\" sizes=\"(max-width: 1280px) 100vw, 1280px\" \/><\/a><\/p>\n<h2 style=\"text-align: center;\"><span style=\"color: #ab2668;\">P\u00e1gina Web en proceso de configuraci\u00f3n y actualizaci\u00f3n<\/span><\/h2>\n<p>&nbsp;<\/p>\n<p style=\"text-align: center;\"><span style=\"color: #1e6078;\"><a href=\"https:\/\/www.educacion.navarra.es\/\" target=\"_blank\" rel=\"noopener\"><img loading=\"lazy\" class=\"aligncenter wp-image-1486\" src=\"https:\/\/cpsanguesa.educacion.navarra.es\/blogs\/wp-content\/uploads\/2011\/06\/EDUC-2c-300x34.jpg\" alt=\"EDUC-2c\" width=\"457\" height=\"52\" srcset=\"https:\/\/cpsanguesa.educacion.navarra.es\/blogs\/wp-content\/uploads\/2011\/06\/EDUC-2c-300x34.jpg 300w, https:\/\/cpsanguesa.educacion.navarra.es\/blogs\/wp-content\/uploads\/2011\/06\/EDUC-2c-768x87.jpg 768w, https:\/\/cpsanguesa.educacion.navarra.es\/blogs\/wp-content\/uploads\/2011\/06\/EDUC-2c-1024x116.jpg 1024w\" sizes=\"(max-width: 457px) 100vw, 457px\" \/><\/a><\/span><span style=\"color: #1e6078;\"><a href=\"https:\/\/cpsanguesa.educacion.navarra.es\/blogs\/wp-content\/uploads\/2011\/06\/Barra-Fucsia.jpg\"><img loading=\"lazy\" class=\"aligncenter size-full wp-image-403\" title=\"Barra Fucsia\" src=\"https:\/\/cpsanguesa.educacion.navarra.es\/blogs\/wp-content\/uploads\/2011\/06\/Barra-Fucsia.jpg\" alt=\"\" width=\"830\" height=\"7\" srcset=\"https:\/\/cpsanguesa.educacion.navarra.es\/blogs\/wp-content\/uploads\/2011\/06\/Barra-Fucsia.jpg 830w, https:\/\/cpsanguesa.educacion.navarra.es\/blogs\/wp-content\/uploads\/2011\/06\/Barra-Fucsia-300x2.jpg 300w\" sizes=\"(max-width: 830px) 100vw, 830px\" \/><\/a><br \/>\n<\/span><\/p>\n","protected":false},"excerpt":{"rendered":"<p>&nbsp; P\u00e1gina Web en proceso de configuraci\u00f3n y actualizaci\u00f3n &nbsp;<\/p>\n","protected":false},"author":1,"featured_media":0,"parent":0,"menu_order":1,"comment_status":"closed","ping_status":"open","template":"","meta":{"_editorskit_title_hidden":false,"_editorskit_reading_time":0,"_editorskit_is_block_options_detached":false,"_editorskit_block_options_position":"{}","_genesis_hide_title":false,"_genesis_hide_breadcrumbs":false,"_genesis_hide_singular_image":false,"_genesis_hide_footer_widgets":false,"_genesis_custom_body_class":"","_genesis_custom_post_class":"","_genesis_layout":"","ngg_post_thumbnail":0},"_links":{"self":[{"href":"https:\/\/cpsanguesa.educacion.navarra.es\/blogs\/wp-json\/wp\/v2\/pages\/6"}],"collection":[{"href":"https:\/\/cpsanguesa.educacion.navarra.es\/blogs\/wp-json\/wp\/v2\/pages"}],"about":[{"href":"https:\/\/cpsanguesa.educacion.navarra.es\/blogs\/wp-json\/wp\/v2\/types\/page"}],"author":[{"embeddable":true,"href":"https:\/\/cpsanguesa.educacion.navarra.es\/blogs\/wp-json\/wp\/v2\/users\/1"}],"replies":[{"embeddable":true,"href":"https:\/\/cpsanguesa.educacion.navarra.es\/blogs\/wp-json\/wp\/v2\/comments?post=6"}],"version-history":[{"count":0,"href":"https:\/\/cpsanguesa.educacion.navarra.es\/blogs\/wp-json\/wp\/v2\/pages\/6\/revisions"}],"wp:attachment":[{"href":"https:\/\/cpsanguesa.educacion.navarra.es\/blogs\/wp-json\/wp\/v2\/media?parent=6"}],"curies":[{"name":"wp","href":"https:\/\/api.w.org\/{rel}","templated":true}]}}