{"id":645,"date":"2013-01-27T09:49:28","date_gmt":"2013-01-27T08:49:28","guid":{"rendered":"http:\/\/cpsanguesa.educacion.navarra.es\/blogs\/?page_id=645"},"modified":"2013-01-27T18:31:01","modified_gmt":"2013-01-27T17:31:01","slug":"carnaval-2012-2013","status":"publish","type":"page","link":"https:\/\/cpsanguesa.educacion.navarra.es\/blogs\/al-dia\/carnaval-2012-2013\/","title":{"rendered":"Carnaval 2012-2013"},"content":{"rendered":"<h6><strong><span style=\"color: #ab2668;\">Tema del Curso 2012-2013 aplicado al Carnaval.<\/span><\/strong><\/h6>\n<p><a href=\"http:\/\/aiq2013.org\/es\/\" target=\"_blank\"><img loading=\"lazy\" class=\"alignleft  wp-image-646\" title=\"Alternativas color quinua\" src=\"https:\/\/cpsanguesa.educacion.navarra.es\/blogs\/wp-content\/uploads\/2013\/01\/Quinua_Logo.jpg\" alt=\"\" width=\"330\" height=\"203\" srcset=\"https:\/\/cpsanguesa.educacion.navarra.es\/blogs\/wp-content\/uploads\/2013\/01\/Quinua_Logo.jpg 472w, https:\/\/cpsanguesa.educacion.navarra.es\/blogs\/wp-content\/uploads\/2013\/01\/Quinua_Logo-300x184.jpg 300w\" sizes=\"(max-width: 330px) 100vw, 330px\" \/><\/a>El tema elegido este curso, y recogido en la Programaci\u00f3n General Anual, como eje vertebrador de las diferentes actividades es <strong>&#8220;Agricultura, alimentaci\u00f3n y desarrollo&#8221;<\/strong>. Este tema est\u00e1 relacionado con uno de los dos propuestos para el A\u00f1o Internacional por la ONU:<br \/>\na.\u00a0\u00a0 \u00a0A\u00f1o Internacional de la Cooperaci\u00f3n en la Esfera del Agua (ya realizado en el centro hace pocos cursos).<br \/>\nb.\u00a0\u00a0 \u00a0<strong>A\u00f1o Internacional de la <a href=\"http:\/\/aiq2013.org\/es\/\" target=\"_blank\">Quinua<\/a> (tema elegido para este curso con el nombre &#8220;Agricultura, alimentaci\u00f3n y desarrollo)<\/strong>.<br \/>\nEn la resoluci\u00f3n (A\/RES\/66\/221) la Asamblea General design\u00f3 el 2013 \u00abA\u00f1o Internacional de la Quinua\u00bb. Invita a la Organizaci\u00f3n de las Naciones Unidas para la Alimentaci\u00f3n y la Agricultura a que facilite la observancia del A\u00f1o Internacional de la Quinua, en colaboraci\u00f3n con los gobiernos, el Programa Mundial de Alimentos, el Programa de las Naciones Unidas para el Desarrollo, los centros del Grupo Consultivo sobre Investigaciones Agr\u00edcolas Internacionales y otras organizaciones competentes del sistema de las Naciones Unidas, as\u00ed como las organizaciones de los pueblos ind\u00edgenas y las organizaciones no gubernamentales.<br \/>\nLa Qu\u00ednoa o quinua es un cultivo que se produce en los Andes de Per\u00fa, Argentina, Bolivia, Chile, Colombia y Ecuador, fundamentalmente. Su utilizaci\u00f3n es similar a la de un cereal.<br \/>\nEste tema en cuesti\u00f3n se est\u00e1 trabajando ya en el centro y se ha decidido que los disfraces sean de los pa\u00edses mencionados.<\/p>\n<p style=\"text-align: center;\"><a href=\"https:\/\/cpsanguesa.educacion.navarra.es\/blogs\/wp-content\/uploads\/2013\/01\/Trajes-T\u00edpicos_Distribuci\u00f3n-02.jpg\"><img loading=\"lazy\" class=\"aligncenter  wp-image-650\" title=\"Trajes T\u00edpicos_Distribuci\u00f3n 02\" src=\"https:\/\/cpsanguesa.educacion.navarra.es\/blogs\/wp-content\/uploads\/2013\/01\/Trajes-T\u00edpicos_Distribuci\u00f3n-02.jpg\" alt=\"\" width=\"1158\" height=\"358\" srcset=\"https:\/\/cpsanguesa.educacion.navarra.es\/blogs\/wp-content\/uploads\/2013\/01\/Trajes-T\u00edpicos_Distribuci\u00f3n-02.jpg 1654w, https:\/\/cpsanguesa.educacion.navarra.es\/blogs\/wp-content\/uploads\/2013\/01\/Trajes-T\u00edpicos_Distribuci\u00f3n-02-300x92.jpg 300w, https:\/\/cpsanguesa.educacion.navarra.es\/blogs\/wp-content\/uploads\/2013\/01\/Trajes-T\u00edpicos_Distribuci\u00f3n-02-1024x316.jpg 1024w\" sizes=\"(max-width: 1158px) 100vw, 1158px\" \/><\/a><\/p>\n<h6><strong><span style=\"color: #ab2668;\">Elaboraci\u00f3n de los disfraces. Reuni\u00f3n organizativa inicial de padres\/madres.<\/span><\/strong><\/h6>\n<p>Para concretar la elaboraci\u00f3n de los disfraces habr\u00e1 una primera reuni\u00f3n de las familias de alumnos\/as con la siguiente organizaci\u00f3n:<br \/>\n1. <span style=\"text-decoration: underline;\">Educaci\u00f3n Infantil<\/span>: lunes d\u00eda 28 de enero, a las 9:15 h. (despu\u00e9s de la entrada al colegio). Traje de Ecuador, zona andina.<br \/>\n2. <span style=\"text-decoration: underline;\">Primer Ciclo de Educaci\u00f3n Primaria<\/span>: lunes d\u00eda 28 de enero, a las 15:05 h. (despu\u00e9s de la entrada al colegio). Traje de Per\u00fa.<br \/>\n3. <span style=\"text-decoration: underline;\">Segundo Ciclo de Educaci\u00f3n Primaria<\/span>: martes d\u00eda 29 de enero, a las 9:15 h. (despu\u00e9s de la entrada al colegio). Traje de Colombia.<br \/>\n4. <span style=\"text-decoration: underline;\">Tercer Ciclo de Educaci\u00f3n Primaria<\/span>: martes d\u00eda 29 de enero, a las 15:05 h. (despu\u00e9s de la entrada al colegio). Traje de Bolivia.<\/p>\n<p>&nbsp;<\/p>\n<h6><strong><span style=\"color: #ab2668;\">Sugerencias, pautas y materiales para la elaboraci\u00f3n de los disfraces.<\/span><\/strong><\/h6>\n<p>&nbsp;<\/p>\n<h6><span style=\"color: #8a9e1b;\">Educaci\u00f3n Infantil.<\/span><\/h6>\n<p><a href=\"https:\/\/cpsanguesa.educacion.navarra.es\/blogs\/wp-content\/uploads\/2013\/01\/00-Traje-T\u00edpico_Ecuador.jpg\"><img loading=\"lazy\" class=\"alignleft  wp-image-651\" title=\"00 Traje T\u00edpico_Ecuador\" src=\"https:\/\/cpsanguesa.educacion.navarra.es\/blogs\/wp-content\/uploads\/2013\/01\/00-Traje-T\u00edpico_Ecuador.jpg\" alt=\"\" width=\"244\" height=\"259\" srcset=\"https:\/\/cpsanguesa.educacion.navarra.es\/blogs\/wp-content\/uploads\/2013\/01\/00-Traje-T\u00edpico_Ecuador.jpg 271w, https:\/\/cpsanguesa.educacion.navarra.es\/blogs\/wp-content\/uploads\/2013\/01\/00-Traje-T\u00edpico_Ecuador-24x24.jpg 24w\" sizes=\"(max-width: 244px) 100vw, 244px\" \/><\/a><strong>DISFRAZ DE CHICO.<\/strong><br \/>\n<span style=\"text-decoration: underline;\">Parte superior<\/span>: poncho rojo ribeteado en los bordes con rayas de color blanco y azul.<br \/>\n<span style=\"text-decoration: underline;\">Parte inferior<\/span>: pantal\u00f3n oscuro. Calzado a elegir seg\u00fan el tiempo que haga ese d\u00eda.<\/p>\n<p><strong>DISFRAZ DE CHICA.<\/strong><br \/>\n<span style=\"text-decoration: underline;\">Parte superior<\/span>: prenda blanca que puede ser un polar blanco o una camisa blanca encima de un polar oscuro. Pa\u00f1uelo grande colocado a modo de toquilla sobre los hombros (cualquier pa\u00f1uelo grande que teng\u00e1is en casa de un color, de varios colores, de flores, etc.).<br \/>\n<span style=\"text-decoration: underline;\">Parte inferior<\/span>: Mallas o leotardos oscuros. Falda de color azul (o azul\u00f3n) con varias rayas de diferentes colores en la parte de abajo (2, 3 \u00f3 4, a elegir). Cinta a modo de cintur\u00f3n, de color diferente a la falda. Calzado a elegir seg\u00fan el tiempo que haga ese d\u00eda.<\/p>\n<p>&nbsp;<\/p>\n<h6><span style=\"color: #8a9e1b;\">1\u00ba y 2\u00ba de Educaci\u00f3n Primaria.<\/span><\/h6>\n<p><a href=\"https:\/\/cpsanguesa.educacion.navarra.es\/blogs\/wp-content\/uploads\/2013\/01\/01-Traje-T\u00edpico_Per\u00fa.jpg\"><img loading=\"lazy\" class=\"alignleft  wp-image-652\" title=\"01 Traje T\u00edpico_Per\u00fa\" src=\"https:\/\/cpsanguesa.educacion.navarra.es\/blogs\/wp-content\/uploads\/2013\/01\/01-Traje-T\u00edpico_Per\u00fa.jpg\" alt=\"\" width=\"244\" height=\"259\" srcset=\"https:\/\/cpsanguesa.educacion.navarra.es\/blogs\/wp-content\/uploads\/2013\/01\/01-Traje-T\u00edpico_Per\u00fa.jpg 271w, https:\/\/cpsanguesa.educacion.navarra.es\/blogs\/wp-content\/uploads\/2013\/01\/01-Traje-T\u00edpico_Per\u00fa-24x24.jpg 24w\" sizes=\"(max-width: 244px) 100vw, 244px\" \/><\/a><strong>DISFRAZ DE CHICO.<\/strong><br \/>\n<span style=\"text-decoration: underline;\">Parte superior<\/span>: camisa blanca. Poncho colorido. Gorro con orejeras (puede adaptarse un gorro de lana colocando orejeras y trenzas).<br \/>\n<span style=\"text-decoration: underline;\">Parte inferior<\/span>: pantalones negros tipo pirata o pantalones largos remangados. Calzado a elegir seg\u00fan el tiempo que haga ese d\u00eda.<\/p>\n<p><strong>DISFRAZ DE CHICA.<\/strong><br \/>\n<span style=\"text-decoration: underline;\">Parte superior<\/span>: chaqueta o jersey rojo. Chal grande de colores. Gorro tipo frutero (<a href=\"http:\/\/www.artelista.com\/obra\/4869301119061311-muecasdeceramicacontrajestipicosperuanos.html\" target=\"_blank\">ver enlace<\/a>).<br \/>\n<span style=\"text-decoration: underline;\">Parte inferior<\/span>: falda negra con vuelo, hasta la rodilla, decorada en la parte de abajo. Calzado a elegir seg\u00fan el tiempo que haga ese d\u00eda.<\/p>\n<p>&nbsp;<\/p>\n<p>&nbsp;<\/p>\n<h6><span style=\"color: #8a9e1b;\">3\u00ba y 4\u00ba de Educaci\u00f3n Primaria.<\/span><\/h6>\n<p><strong><a href=\"https:\/\/cpsanguesa.educacion.navarra.es\/blogs\/wp-content\/uploads\/2013\/01\/02-Traje-T\u00edpico_Colombia.jpg\"><img loading=\"lazy\" class=\"alignleft  wp-image-654\" title=\"02 Traje T\u00edpico_Colombia\" src=\"https:\/\/cpsanguesa.educacion.navarra.es\/blogs\/wp-content\/uploads\/2013\/01\/02-Traje-T\u00edpico_Colombia.jpg\" alt=\"\" width=\"244\" height=\"259\" srcset=\"https:\/\/cpsanguesa.educacion.navarra.es\/blogs\/wp-content\/uploads\/2013\/01\/02-Traje-T\u00edpico_Colombia.jpg 271w, https:\/\/cpsanguesa.educacion.navarra.es\/blogs\/wp-content\/uploads\/2013\/01\/02-Traje-T\u00edpico_Colombia-24x24.jpg 24w\" sizes=\"(max-width: 244px) 100vw, 244px\" \/><\/a>DISFRAZ DE CHICO.<\/strong><br \/>\n<span style=\"text-decoration: underline;\">Parte superior<\/span>: camisa blanca. Peque\u00f1a manta o alforja de rayas al hombro. Gorro de paja. Hoz de cart\u00f3n.<br \/>\n<span style=\"text-decoration: underline;\">Parte inferior<\/span>: pantal\u00f3n oscuro. Calzado a elegir seg\u00fan el tiempo que haga ese d\u00eda.<\/p>\n<p><strong>DISFRAZ DE CHICA.<\/strong><br \/>\n<span style=\"text-decoration: underline;\">Parte superior<\/span>: blusa blanca. Collares de colores. Pa\u00f1uelo en la cabeza, pudi\u00e9ndose recoger el pelo largo en trenzas.<br \/>\n<span style=\"text-decoration: underline;\">Parte inferior<\/span>: falda larga de color oscuro o negro (opcionalmente se pueden colocar tres cintas de color amarillo, azul y rojo en la parte de abajo). Si se desea, se puede complementar debajo de la falda con la saya blanca del traje de caseras. Cesta. Calzado a elegir seg\u00fan el tiempo que haga ese d\u00eda.<\/p>\n<p>&nbsp;<\/p>\n<h6><span style=\"color: #8a9e1b;\">5\u00ba y 6\u00ba de Educaci\u00f3n Primaria.<\/span><\/h6>\n<p><strong><a href=\"https:\/\/cpsanguesa.educacion.navarra.es\/blogs\/wp-content\/uploads\/2013\/01\/03-Traje-T\u00edpico_Bolivia.jpg\"><img loading=\"lazy\" class=\"alignleft  wp-image-655\" title=\"03 Traje T\u00edpico_Bolivia\" src=\"https:\/\/cpsanguesa.educacion.navarra.es\/blogs\/wp-content\/uploads\/2013\/01\/03-Traje-T\u00edpico_Bolivia.jpg\" alt=\"\" width=\"244\" height=\"259\" srcset=\"https:\/\/cpsanguesa.educacion.navarra.es\/blogs\/wp-content\/uploads\/2013\/01\/03-Traje-T\u00edpico_Bolivia.jpg 271w, https:\/\/cpsanguesa.educacion.navarra.es\/blogs\/wp-content\/uploads\/2013\/01\/03-Traje-T\u00edpico_Bolivia-24x24.jpg 24w\" sizes=\"(max-width: 244px) 100vw, 244px\" \/><\/a>DISFRAZ DE CHICO.<\/strong><br \/>\n<span style=\"text-decoration: underline;\">Parte superior<\/span>: camisa blanca. Poncho rojo. Gorro con orejeras y pomp\u00f3n (puede adaptarse un gorro de lana colocando orejeras). Bufanda o estola.<br \/>\n<span style=\"text-decoration: underline;\">Parte inferior<\/span>: pantal\u00f3n negro tipo pirata o pantal\u00f3n largo remangado. Calzado a elegir seg\u00fan el tiempo que haga ese d\u00eda.<\/p>\n<p><strong>DISFRAZ DE CHICA.<\/strong><br \/>\n<span style=\"text-decoration: underline;\">Parte superior<\/span>: Blusa blanca. Poncho o toquilla colorida. Sombrero tipo bomb\u00edn.<br \/>\n<span style=\"text-decoration: underline;\">Parte inferior<\/span>: falda larga colorida. Calzado a elegir seg\u00fan el tiempo que haga ese d\u00eda.<\/p>\n<p>&nbsp;<\/p>\n<p>&nbsp;<\/p>\n<h6><span style=\"color: #8a9e1b;\">Sugerencias complementarias para todos los niveles:<\/span><\/h6>\n<p>&#8211; Se puede escoger indistintamente entre el disfraz de chico o de chica.<br \/>\n&#8211; Los elementos del disfraz de los que no se disponga, se pueden elaborar con tela o bolsas de pl\u00e1stico.<br \/>\n&#8211; Si se van a utilizar bolsas de pl\u00e1stico, se recomienda MURO (en Burlada). Por la experiencia de otros a\u00f1os la calidad del pl\u00e1stico es mejor.<br \/>\n&#8211; Para elaborar los disfraces est\u00e1n disponibles las instalaciones del centro (Sala de Usos M\u00faltiples\/Comedor).<\/p>\n<p>&nbsp;<\/p>\n<h6><strong><span style=\"color: #ab2668;\">Enlaces de inter\u00e9s.<\/span><\/strong><\/h6>\n<ul>\n<li><strong><a href=\"http:\/\/www.un.org\/spanish\/events\/calendario\/years\/doc_y2013.html\" target=\"_blank\">A\u00f1o Internacional 2013. Organizaci\u00f3n de Naciones Unidas (ONU).<\/a><\/strong><\/li>\n<li><a href=\"http:\/\/www.rlc.fao.org\/es\/conozca-fao\/aiq-2013\/\" target=\"_blank\"><strong>Oficina Regional de la FAO para Am\u00e9rica Latina y el Caribe.<\/strong><\/a><\/li>\n<li><a href=\"http:\/\/aiq2013.org\/es\/\" target=\"_blank\"><strong>Secretar\u00eda del A\u00f1o Internacional de la Quinua 2013 (ONU).<\/strong><\/a><\/li>\n<li><a href=\"https:\/\/cpsanguesa.educacion.navarra.es\/blogs\/wp-content\/uploads\/2013\/01\/Informaci\u00f3n-FAO-op.pdf\" target=\"_blank\"><strong>Informaci\u00f3n conceptual (FAO).<\/strong><\/a><\/li>\n<li><a href=\"http:\/\/www.flickr.com\/photos\/87163970@N07\/sets\/72157631843011095\/\" target=\"_blank\"><strong>Im\u00e1genes de la quinua en el altiplano (Flickr de la FAO).<\/strong><\/a><\/li>\n<li><a href=\"http:\/\/www.youtube.com\/playlist?list=PLBB5031096C1F67CF\" target=\"_blank\"><strong>V\u00eddeos y reportajes del A\u00f1o Internacional de la Quinua 2013 (YouTube de la FAO).<\/strong><\/a><\/li>\n<\/ul>\n<p>&nbsp;<\/p>\n<h6><span style=\"color: #ab2668;\"><strong>Os pod\u00e9is comunicar u organizar a trav\u00e9s de los comentarios de esta p\u00e1gina:<\/strong><\/span><\/h6>\n","protected":false},"excerpt":{"rendered":"<p>Tema del Curso 2012-2013 aplicado al Carnaval. El tema elegido este curso, y recogido en la Programaci\u00f3n General Anual, como eje vertebrador de las diferentes actividades es &#8220;Agricultura, alimentaci\u00f3n y desarrollo&#8221;. Este tema est\u00e1 relacionado con uno de los dos propuestos para el A\u00f1o Internacional por la ONU: a.\u00a0\u00a0 \u00a0A\u00f1o Internacional de la Cooperaci\u00f3n en [&hellip;]<\/p>\n","protected":false},"author":1,"featured_media":0,"parent":11,"menu_order":6,"comment_status":"open","ping_status":"open","template":"","meta":{"_editorskit_title_hidden":false,"_editorskit_reading_time":0,"_editorskit_is_block_options_detached":false,"_editorskit_block_options_position":"{}","_genesis_hide_title":false,"_genesis_hide_breadcrumbs":false,"_genesis_hide_singular_image":false,"_genesis_hide_footer_widgets":false,"_genesis_custom_body_class":"","_genesis_custom_post_class":"","_genesis_layout":"","ngg_post_thumbnail":0},"_links":{"self":[{"href":"https:\/\/cpsanguesa.educacion.navarra.es\/blogs\/wp-json\/wp\/v2\/pages\/645"}],"collection":[{"href":"https:\/\/cpsanguesa.educacion.navarra.es\/blogs\/wp-json\/wp\/v2\/pages"}],"about":[{"href":"https:\/\/cpsanguesa.educacion.navarra.es\/blogs\/wp-json\/wp\/v2\/types\/page"}],"author":[{"embeddable":true,"href":"https:\/\/cpsanguesa.educacion.navarra.es\/blogs\/wp-json\/wp\/v2\/users\/1"}],"replies":[{"embeddable":true,"href":"https:\/\/cpsanguesa.educacion.navarra.es\/blogs\/wp-json\/wp\/v2\/comments?post=645"}],"version-history":[{"count":0,"href":"https:\/\/cpsanguesa.educacion.navarra.es\/blogs\/wp-json\/wp\/v2\/pages\/645\/revisions"}],"up":[{"embeddable":true,"href":"https:\/\/cpsanguesa.educacion.navarra.es\/blogs\/wp-json\/wp\/v2\/pages\/11"}],"wp:attachment":[{"href":"https:\/\/cpsanguesa.educacion.navarra.es\/blogs\/wp-json\/wp\/v2\/media?parent=645"}],"curies":[{"name":"wp","href":"https:\/\/api.w.org\/{rel}","templated":true}]}}