{"id":824,"date":"2013-09-30T19:48:36","date_gmt":"2013-09-30T17:48:36","guid":{"rendered":"http:\/\/cpsanguesa.educacion.navarra.es\/blogs\/?page_id=824"},"modified":"2013-10-13T20:09:02","modified_gmt":"2013-10-13T18:09:02","slug":"proyecto-aulaplaneta","status":"publish","type":"page","link":"https:\/\/cpsanguesa.educacion.navarra.es\/blogs\/proyecto-aulaplaneta\/","title":{"rendered":"Proyecto aulaPlaneta"},"content":{"rendered":"<p style=\"text-align: center;\"><img loading=\"lazy\" class=\"aligncenter size-full wp-image-851\" alt=\"aulaPlaneta_CPEIP Luis Gil corr\" src=\"https:\/\/cpsanguesa.educacion.navarra.es\/blogs\/wp-content\/uploads\/2013\/09\/aulaPlaneta_CPEIP-Luis-Gil-corr.jpg\" width=\"1041\" height=\"321\" srcset=\"https:\/\/cpsanguesa.educacion.navarra.es\/blogs\/wp-content\/uploads\/2013\/09\/aulaPlaneta_CPEIP-Luis-Gil-corr.jpg 1041w, https:\/\/cpsanguesa.educacion.navarra.es\/blogs\/wp-content\/uploads\/2013\/09\/aulaPlaneta_CPEIP-Luis-Gil-corr-300x92.jpg 300w, https:\/\/cpsanguesa.educacion.navarra.es\/blogs\/wp-content\/uploads\/2013\/09\/aulaPlaneta_CPEIP-Luis-Gil-corr-1024x315.jpg 1024w\" sizes=\"(max-width: 1041px) 100vw, 1041px\" \/><\/p>\n<h6 style=\"text-align: left;\"><strong><span style=\"color: #ab2668;\">Caracter\u00edsticas de aulaPlaneta:<\/span><\/strong><\/h6>\n<ul>\n<li>Herramienta online y offline para profesorado y alumnado.<\/li>\n<li>Orientada a toda la Comunidad Educativa: profesorado + alumnado + \u00a0familias.<\/li>\n<li>Herramienta expositiva + Cuaderno de Estudio del alumno personalizable.<\/li>\n<li>100% cobertura curricular + \u00a0materiales complementarios + biling\u00fcismo (Science).<\/li>\n<li>Contenidos multidisciplinares para la formaci\u00f3n de profesorado y alumnado: actividades de experimento, de b\u00fasqueda y tipo taller; proyectos colaborativos; webquests; cursos TIC; cuadernos de ejercitaci\u00f3n&#8230;<\/li>\n<li>Ejercitaci\u00f3n: 30 tipos de ejercicios autocorregibles, ejercicios en blanco y proyectos evaluables por el profesorado, editor de ejercicios, incorporaci\u00f3n de ejercicios creados por el profesorado a trav\u00e9s de JClic, Hot Potatoes, etc.<\/li>\n<li>Herramienta flexible y personalizable que se adapta a las necesidades del entorno educativo.<\/li>\n<li>M\u00e1s informaci\u00f3n en la p\u00e1gina web de <a href=\"http:\/\/www.aulaplaneta.com\/que-es-aula-planeta\/\" target=\"_blank\"><strong>aulaPlaneta<\/strong><\/a>.<\/li>\n<\/ul>\n<p><a href=\"https:\/\/cpsanguesa.educacion.navarra.es\/blogs\/wp-content\/uploads\/2013\/09\/aulaPlaneta_Comunidad-Educativa.jpg\"><img loading=\"lazy\" class=\"aligncenter size-full wp-image-831\" alt=\"aulaPlaneta_Comunidad Educativa\" src=\"https:\/\/cpsanguesa.educacion.navarra.es\/blogs\/wp-content\/uploads\/2013\/09\/aulaPlaneta_Comunidad-Educativa.jpg\" width=\"623\" height=\"143\" srcset=\"https:\/\/cpsanguesa.educacion.navarra.es\/blogs\/wp-content\/uploads\/2013\/09\/aulaPlaneta_Comunidad-Educativa.jpg 623w, https:\/\/cpsanguesa.educacion.navarra.es\/blogs\/wp-content\/uploads\/2013\/09\/aulaPlaneta_Comunidad-Educativa-300x68.jpg 300w\" sizes=\"(max-width: 623px) 100vw, 623px\" \/><\/a><\/p>\n<h6><span style=\"color: #ab2668;\">\u00bfQu\u00e9 aporta aulaPlaneta al alumnado?<\/span><\/h6>\n<ul>\n<li>Acceso a los Cuadernos de Estudio digitales personalizados por el profesorado.<\/li>\n<li>Gran cantidad de contenido audiovisual e interactivo.<\/li>\n<li>Posibilidad de a\u00f1adir anotaciones, marcar texto y subrayar los contenidos.<\/li>\n<li>Realizar los trabajos asignados por el profesorado con un seguimiento personalizado.<\/li>\n<li>Acceso al servicio de &#8220;Consulta al Experto&#8221;.<\/li>\n<li>Acceso a los recursos del banco de contenidos de Grupo Planeta.<\/li>\n<li>M\u00e1s informaci\u00f3n sobre el <a href=\"http:\/\/www.aulaplaneta.com\/alumnos\/\" target=\"_blank\"><strong>alumnado<\/strong><\/a>.<\/li>\n<\/ul>\n<h6><span style=\"color: #ab2668;\">\u00bfQu\u00e9 aporta aulaPlaneta al profesorado?<\/span><\/h6>\n<ul>\n<li>aulaPlaneta esta concebida para ayudar al docente a impartir sus clases y hacer un seguimiento de las tareas asignadas a sus alumnos desde el centro o desde cualquier acceso a internet.<\/li>\n<li>Preparar y personalizar las clases y los Cuadernos de Estudio del alumnado.<\/li>\n<li>A\u00f1adir recursos propios o del banco de contenidos.<\/li>\n<li>Exponer temas a trav\u00e9s de diferentes medios audiovisuales e interactivos.<\/li>\n<li>Editar y crear sus propios ejercicios y secuencias did\u00e1cticas.<\/li>\n<li>Asignar trabajos al alumnado y realizar un seguimiento personalizado.<\/li>\n<li>Atenci\u00f3n a la diversidad en el aula.<\/li>\n<li>Acceso al banco de contenidos del Grupo Planeta.<\/li>\n<li>M\u00e1s informaci\u00f3n sobre el <a href=\"http:\/\/www.aulaplaneta.com\/profesores\/\" target=\"_blank\"><strong>profesorado<\/strong><\/a>.<\/li>\n<\/ul>\n<h6><span style=\"color: #ab2668;\">\u00bfQu\u00e9 aporta aulaPlaneta a las familias?<\/span><\/h6>\n<ul>\n<li>Realizar un seguimiento de las tareas de sus hijos.<\/li>\n<li>Acceder a los recursos y a los contenidos que sus hijos tienen disponibles en la plataforma en todo momento.<\/li>\n<li>Ayudar en la formaci\u00f3n de sus hijos gracias a un entorno abierto y seguro, que les permite desarrollar su capacidad para aprender.<\/li>\n<li>Mejorar sus competencias digitales: responder mejor ante la transformaci\u00f3n de la sociedad y ante las nuevas exigencias educativas.<\/li>\n<li>Involucrarse en la educaci\u00f3n de sus hijos y participar activamente en su desarrollo.<\/li>\n<li>M\u00e1s informaci\u00f3n sobre las <strong><a href=\"http:\/\/www.aulaplaneta.com\/padres\/\" target=\"_blank\">familias<\/a><\/strong>.<\/li>\n<\/ul>\n<p>&nbsp;<\/p>\n<p><strong><a href=\"https:\/\/cpsanguesa.educacion.navarra.es\/blogs\/wp-content\/uploads\/2013\/09\/aulaPlaneta_Inicio.jpg\"><img loading=\"lazy\" class=\"alignright  wp-image-838\" alt=\"aulaPlaneta_Inicio\" src=\"https:\/\/cpsanguesa.educacion.navarra.es\/blogs\/wp-content\/uploads\/2013\/09\/aulaPlaneta_Inicio-1024x884.jpg\" width=\"262\" height=\"226\" srcset=\"https:\/\/cpsanguesa.educacion.navarra.es\/blogs\/wp-content\/uploads\/2013\/09\/aulaPlaneta_Inicio-1024x884.jpg 1024w, https:\/\/cpsanguesa.educacion.navarra.es\/blogs\/wp-content\/uploads\/2013\/09\/aulaPlaneta_Inicio-300x259.jpg 300w, https:\/\/cpsanguesa.educacion.navarra.es\/blogs\/wp-content\/uploads\/2013\/09\/aulaPlaneta_Inicio.jpg 1198w\" sizes=\"(max-width: 262px) 100vw, 262px\" \/><\/a><\/strong><\/p>\n<h6><span style=\"color: #8a9e1b;\"><strong>\u00a0aulaPlaneta en la Web<\/strong><\/span><\/h6>\n<ul>\n<li><strong><a href=\"http:\/\/www.aulaplaneta.com\/blog\/\" target=\"_blank\">BLOG de aula Planeta.<\/a><\/strong><\/li>\n<li><a href=\"https:\/\/www.facebook.com\/aulaPlaneta\" target=\"_blank\"><strong>aulaPlaneta en Facebook.<\/strong><\/a><\/li>\n<li><strong><a href=\"https:\/\/twitter.com\/aulaPlaneta\" target=\"_blank\">aulaPlaneta en Twitter.<\/a><\/strong><\/li>\n<li><a href=\"https:\/\/plus.google.com\/+aulaplaneta\/posts\" target=\"_blank\"><strong>aulaPlaneta en Google+<\/strong><\/a><\/li>\n<li><a href=\"http:\/\/www.youtube.com\/user\/aulaPlaneta\" target=\"_blank\"><strong>Canal de Youtube de aulaPlaneta.<\/strong><\/a><\/li>\n<\/ul>\n<ul>\n<li><a href=\"http:\/\/www.noticiasdenavarra.com\/2013\/09\/17\/sociedad\/navarra\/los-libros-digitales-llegan-a-las-aulas-navarras-y-benefician-a-mas-de-600-escolares-de-primaria\" target=\"_blank\"><strong>aulaPlaneta en Diario de Noticias.<\/strong><\/a><\/li>\n<li><a href=\"http:\/\/www.diariodenavarra.es\/noticias\/navarra\/mas_navarra\/2013\/09\/16\/educacion_comienza_implantacion_gradual_del_libro_electronico_130353_2061.html\" target=\"_blank\"><strong>aulaPlaneta en Diario de Navarra.<\/strong><\/a><\/li>\n<li><a href=\"http:\/\/villaves56.blogspot.com.es\/2013\/05\/aula-planeta-libros-digitales-para-las.html\" target=\"_blank\"><strong>aulaPlaneta en Educaci\u00f3n Tecnol\u00f3gica.<\/strong><\/a><\/li>\n<\/ul>\n<p>&nbsp;<\/p>\n<h6 style=\"text-align: center;\"><span style=\"color: #1e6078;\">Capturas de pantalla de la aplicaci\u00f3n.<\/span><\/h6>\n<p><center><object width=\"623\" height=\"350\" classid=\"clsid:d27cdb6e-ae6d-11cf-96b8-444553540000\" codebase=\"http:\/\/download.macromedia.com\/pub\/shockwave\/cabs\/flash\/swflash.cab#version=6,0,40,0\"><param name=\"flashvars\" value=\"offsite=true&amp;lang=es-us&amp;page_show_url=%2Fphotos%2F76027493%40N06%2Fsets%2F72157636098683615%2Fshow%2Fwith%2F10044699465%2F&amp;page_show_back_url=%2Fphotos%2F76027493%40N06%2Fsets%2F72157636098683615%2Fwith%2F10044699465%2F&amp;set_id=72157636098683615&amp;jump_to=10044699465\" \/><param name=\"allowFullScreen\" value=\"true\" \/><param name=\"src\" value=\"http:\/\/www.flickr.com\/apps\/slideshow\/show.swf?v=124984\" \/><param name=\"allowfullscreen\" value=\"true\" \/><embed width=\"623\" height=\"350\" type=\"application\/x-shockwave-flash\" src=\"http:\/\/www.flickr.com\/apps\/slideshow\/show.swf?v=124984\" flashvars=\"offsite=true&amp;lang=es-us&amp;page_show_url=%2Fphotos%2F76027493%40N06%2Fsets%2F72157636098683615%2Fshow%2Fwith%2F10044699465%2F&amp;page_show_back_url=%2Fphotos%2F76027493%40N06%2Fsets%2F72157636098683615%2Fwith%2F10044699465%2F&amp;set_id=72157636098683615&amp;jump_to=10044699465\" allowFullScreen=\"true\" allowfullscreen=\"true\" \/><\/object><\/center><br \/>\n&nbsp;<\/p>\n<h6 style=\"text-align: center;\"><span style=\"color: #1e6078;\"><strong>V\u00eddeo promocional de aulaPlaneta<\/strong><\/span><\/h6>\n<p><center><iframe loading=\"lazy\" width=\"410\" height=\"231\" src=\"\/\/www.youtube.com\/embed\/YgPIkONYgg0?rel=0\" frameborder=\"0\" allowfullscreen><\/iframe><\/center><br \/>\n&nbsp;<\/p>\n<h6 style=\"text-align: center;\"><span style=\"color: #1e6078;\">Presentaci\u00f3n de aulaPlaneta en TV.<\/span><\/h6>\n<div style=\"width: 410px; height: 267px; margin: 10px auto;\">\n<h6><object width=\"410\" height=\"267\" classid=\"clsid:d27cdb6e-ae6d-11cf-96b8-444553540000\" codebase=\"http:\/\/download.macromedia.com\/pub\/shockwave\/cabs\/flash\/swflash.cab#version=6,0,40,0\" align=\"middle\"><param name=\"allowScriptAccess\" value=\"always\" \/><param name=\"quality\" value=\"high\" \/><param name=\"scale\" value=\"noscale\" \/><param name=\"allowFullScreen\" value=\"true\" \/><param name=\"FlashVars\" value=\"xml=http:\/\/www.antena3.com\/videoxml\/4\/13\/2013\/04\/30\/00141.xml\" \/><param name=\"src\" value=\"http:\/\/www.antena3.com\/static\/swf\/A3Player.swf\" \/><param name=\"allowscriptaccess\" value=\"always\" \/><param name=\"allowfullscreen\" value=\"true\" \/><param name=\"pluginspage\" value=\"http:\/\/www.macromedia.com\/go\/getflashplayer\" \/><param name=\"flashvars\" value=\"xml=http:\/\/www.antena3.com\/videoxml\/4\/13\/2013\/04\/30\/00141.xml\" \/><embed width=\"410\" height=\"267\" type=\"application\/x-shockwave-flash\" src=\"http:\/\/www.antena3.com\/static\/swf\/A3Player.swf\" allowScriptAccess=\"always\" quality=\"high\" scale=\"noscale\" allowFullScreen=\"true\" FlashVars=\"xml=http:\/\/www.antena3.com\/videoxml\/4\/13\/2013\/04\/30\/00141.xml\" allowscriptaccess=\"always\" allowfullscreen=\"true\" pluginspage=\"http:\/\/www.macromedia.com\/go\/getflashplayer\" flashvars=\"xml=http:\/\/www.antena3.com\/videoxml\/4\/13\/2013\/04\/30\/00141.xml\" align=\"middle\" \/><\/object><\/h6>\n<h6 style=\"font: 12px Arial, Helvetica, sans-serif; color: #f60; margin-top: 0; padding-top: 3px;\">M\u00e1s v\u00eddeos en <a style=\"color: #f60;\" title=\"V\u00eddeos Antena 3\" href=\"http:\/\/www.antena3.com\/videos-online\" target=\"_blank\">Antena3<\/a><\/h6>\n<\/div>\n","protected":false},"excerpt":{"rendered":"<p>Caracter\u00edsticas de aulaPlaneta: Herramienta online y offline para profesorado y alumnado. Orientada a toda la Comunidad Educativa: profesorado + alumnado + \u00a0familias. Herramienta expositiva + Cuaderno de Estudio del alumno personalizable. 100% cobertura curricular + \u00a0materiales complementarios + biling\u00fcismo (Science). Contenidos multidisciplinares para la formaci\u00f3n de profesorado y alumnado: actividades de experimento, de b\u00fasqueda y [&hellip;]<\/p>\n","protected":false},"author":1,"featured_media":0,"parent":0,"menu_order":0,"comment_status":"closed","ping_status":"open","template":"","meta":{"_editorskit_title_hidden":false,"_editorskit_reading_time":0,"_editorskit_is_block_options_detached":false,"_editorskit_block_options_position":"{}","_genesis_hide_title":false,"_genesis_hide_breadcrumbs":false,"_genesis_hide_singular_image":false,"_genesis_hide_footer_widgets":false,"_genesis_custom_body_class":"","_genesis_custom_post_class":"","_genesis_layout":"","ngg_post_thumbnail":0},"_links":{"self":[{"href":"https:\/\/cpsanguesa.educacion.navarra.es\/blogs\/wp-json\/wp\/v2\/pages\/824"}],"collection":[{"href":"https:\/\/cpsanguesa.educacion.navarra.es\/blogs\/wp-json\/wp\/v2\/pages"}],"about":[{"href":"https:\/\/cpsanguesa.educacion.navarra.es\/blogs\/wp-json\/wp\/v2\/types\/page"}],"author":[{"embeddable":true,"href":"https:\/\/cpsanguesa.educacion.navarra.es\/blogs\/wp-json\/wp\/v2\/users\/1"}],"replies":[{"embeddable":true,"href":"https:\/\/cpsanguesa.educacion.navarra.es\/blogs\/wp-json\/wp\/v2\/comments?post=824"}],"version-history":[{"count":0,"href":"https:\/\/cpsanguesa.educacion.navarra.es\/blogs\/wp-json\/wp\/v2\/pages\/824\/revisions"}],"wp:attachment":[{"href":"https:\/\/cpsanguesa.educacion.navarra.es\/blogs\/wp-json\/wp\/v2\/media?parent=824"}],"curies":[{"name":"wp","href":"https:\/\/api.w.org\/{rel}","templated":true}]}}