{"id":946,"date":"2014-02-03T22:11:00","date_gmt":"2014-02-03T21:11:00","guid":{"rendered":"http:\/\/cpsanguesa.educacion.navarra.es\/blogs\/?page_id=946"},"modified":"2015-02-08T20:15:14","modified_gmt":"2015-02-08T19:15:14","slug":"galeria-de-fotos-2013-2014","status":"publish","type":"page","link":"https:\/\/cpsanguesa.educacion.navarra.es\/blogs\/galeria\/galeria-de-fotos-2013-2014\/","title":{"rendered":"Galer\u00eda de fotos 2013-2014"},"content":{"rendered":"<p style=\"text-align: left;\"><span style=\"color: #ab2668;\"><strong>Fotograf\u00edas realizadas por <span style=\"text-decoration: underline;\"><em>Roberto Elizalde<\/em><\/span>. Licencia Creative Commons <span style=\"color: #ab2668;\"><img loading=\"lazy\" class=\"alignnone  wp-image-950\" src=\"https:\/\/cpsanguesa.educacion.navarra.es\/blogs\/wp-content\/uploads\/2012\/02\/Creative-Commons_Licencia-Reconocimiento-NoComercial-SinObraDerivada.png\" alt=\"Creative Commons_Licencia Reconocimiento-NoComercial-SinObraDerivada\" width=\"83\" height=\"29\" \/><\/span><\/strong><\/span><\/p>\n<ul>\n<li><strong><span style=\"text-decoration: underline; color: #3366ff;\"><a href=\"https:\/\/cpsanguesa.educacion.navarra.es\/blogs\/wp-content\/uploads\/2014\/02\/Flickr_Descarga-de-fotos.pdf\" target=\"_blank\"><span style=\"color: #3366ff; text-decoration: underline;\">Instrucciones para descargar las fotograf\u00edas.<\/span><\/a><\/span><\/strong><\/li>\n<\/ul>\n<p style=\"text-align: left;\"><strong>Para ver las presentaciones de fotos recomendamos el siguiente procedimiento:<\/strong><\/p>\n<ol>\n<li>Hacer clic en el icono de reproducci\u00f3n <img loading=\"lazy\" class=\"alignnone  wp-image-662\" title=\"Flickr_Icono Reproducir\" src=\"https:\/\/cpsanguesa.educacion.navarra.es\/blogs\/wp-content\/uploads\/2012\/02\/Flickr_Icono-Reproducir.jpg\" alt=\"\" width=\"36\" height=\"22\" srcset=\"https:\/\/cpsanguesa.educacion.navarra.es\/blogs\/wp-content\/uploads\/2012\/02\/Flickr_Icono-Reproducir.jpg 151w, https:\/\/cpsanguesa.educacion.navarra.es\/blogs\/wp-content\/uploads\/2012\/02\/Flickr_Icono-Reproducir-150x91.jpg 150w\" sizes=\"(max-width: 36px) 100vw, 36px\" \/> en el centro de la imagen.<\/li>\n<li>Hacer clic en el icono de pantalla completa <img loading=\"lazy\" class=\"alignnone  wp-image-664\" title=\"Flickr_Icono Pantalla Grande\" src=\"https:\/\/cpsanguesa.educacion.navarra.es\/blogs\/wp-content\/uploads\/2012\/02\/Flickr_Icono-Pantalla-Grande1.jpg\" alt=\"\" width=\"39\" height=\"21\" \/><\/li>\n<li>Para que pasen las diapositivas autom\u00e1ticamente, no mover el rat\u00f3n.<\/li>\n<li>Si se quiere acceder a alguna diapositiva en concreto o pasar las fotos manualmente, seleccionar con el rat\u00f3n.<\/li>\n<li>Tambi\u00e9n se pueden pasar las fotos manualmente con las flechas del teclado.<\/li>\n<li>Para deshacer la funci\u00f3n de pantalla completa presionar la tecla &#8220;Esc&#8221; del teclado del ordenador.<\/li>\n<\/ol>\n<p>Nota: Para ver las presentaciones de fotos se necesita tener instalado el plugin de <span style=\"text-decoration: underline;\">Flash Player<\/span> en el navegador.<\/p>\n<p style=\"text-align: left;\"><strong><span style=\"color: #800000;\">IMPORTANTE: Si alguien no desea aparecer en determinada foto, nos lo puede comunicar a trav\u00e9s del Buz\u00f3n de Sugerencias de este sitio web indicando el n\u00famero de foto (para saber el n\u00famero de foto hay que hacer clic en &#8220;Mostrar informaci\u00f3n&#8221; en la parte superior derecha del modo de pantalla completa).<\/span><\/strong><\/p>\n<p style=\"text-align: center;\"><a href=\"https:\/\/cpsanguesa.educacion.navarra.es\/blogs\/wp-content\/uploads\/2014\/02\/Blog-Principal_Titles_Galer\u00eda_13-14-Carnaval.jpg\"><img loading=\"lazy\" class=\"aligncenter  wp-image-998\" src=\"https:\/\/cpsanguesa.educacion.navarra.es\/blogs\/wp-content\/uploads\/2014\/02\/Blog-Principal_Titles_Galer\u00eda_13-14-Carnaval.jpg\" alt=\"Blog Principal_Titles_Galer\u00eda_13-14 Carnaval\" width=\"831\" height=\"63\" srcset=\"https:\/\/cpsanguesa.educacion.navarra.es\/blogs\/wp-content\/uploads\/2014\/02\/Blog-Principal_Titles_Galer\u00eda_13-14-Carnaval.jpg 1713w, https:\/\/cpsanguesa.educacion.navarra.es\/blogs\/wp-content\/uploads\/2014\/02\/Blog-Principal_Titles_Galer\u00eda_13-14-Carnaval-300x22.jpg 300w, https:\/\/cpsanguesa.educacion.navarra.es\/blogs\/wp-content\/uploads\/2014\/02\/Blog-Principal_Titles_Galer\u00eda_13-14-Carnaval-1024x77.jpg 1024w\" sizes=\"(max-width: 831px) 100vw, 831px\" \/><\/a><\/p>\n<p><center><object width=\"525\" height=\"350\"><param name=\"flashvars\" value=\"offsite=true&amp;lang=es-us&amp;page_show_url=%2Fphotos%2F76027493%40N06%2Fsets%2F72157641874067893%2Fshow%2Fwith%2F12936063703%2F&amp;page_show_back_url=%2Fphotos%2F76027493%40N06%2Fsets%2F72157641874067893%2Fwith%2F12936063703%2F&amp;set_id=72157641874067893&amp;jump_to=12936063703\" \/><param name=\"movie\" value=\"http:\/\/www.flickr.com\/apps\/slideshow\/show.swf?v=140556\" \/><param name=\"allowFullScreen\" value=\"true\" \/><embed type=\"application\/x-shockwave-flash\" src=\"http:\/\/www.flickr.com\/apps\/slideshow\/show.swf?v=140556\" allowfullscreen=\"allowfullscreen\" flashvars=\"offsite=true&amp;lang=es-us&amp;page_show_url=%2Fphotos%2F76027493%40N06%2Fsets%2F72157641874067893%2Fshow%2Fwith%2F12936063703%2F&amp;page_show_back_url=%2Fphotos%2F76027493%40N06%2Fsets%2F72157641874067893%2Fwith%2F12936063703%2F&amp;set_id=72157641874067893&amp;jump_to=12936063703\" width=\"525\" height=\"350\" \/><\/object><\/center><\/p>\n<p style=\"text-align: left;\"><a href=\"https:\/\/cpsanguesa.educacion.navarra.es\/blogs\/wp-content\/uploads\/2014\/02\/Blog-Principal_Titles_Galer\u00eda_13-14-Santa-\u00c1gueda.jpg\"><img loading=\"lazy\" class=\"aligncenter size-large wp-image-958\" src=\"https:\/\/cpsanguesa.educacion.navarra.es\/blogs\/wp-content\/uploads\/2014\/02\/Blog-Principal_Titles_Galer\u00eda_13-14-Santa-\u00c1gueda-1024x89.jpg\" alt=\"Blog Principal_Titles_Galer\u00eda_13-14 Santa \u00c1gueda\" width=\"695\" height=\"60\" srcset=\"https:\/\/cpsanguesa.educacion.navarra.es\/blogs\/wp-content\/uploads\/2014\/02\/Blog-Principal_Titles_Galer\u00eda_13-14-Santa-\u00c1gueda-1024x89.jpg 1024w, https:\/\/cpsanguesa.educacion.navarra.es\/blogs\/wp-content\/uploads\/2014\/02\/Blog-Principal_Titles_Galer\u00eda_13-14-Santa-\u00c1gueda-300x26.jpg 300w, https:\/\/cpsanguesa.educacion.navarra.es\/blogs\/wp-content\/uploads\/2014\/02\/Blog-Principal_Titles_Galer\u00eda_13-14-Santa-\u00c1gueda.jpg 1476w\" sizes=\"(max-width: 695px) 100vw, 695px\" \/><\/a><\/p>\n<p><center><object width=\"525\" height=\"350\" classid=\"clsid:d27cdb6e-ae6d-11cf-96b8-444553540000\" codebase=\"http:\/\/download.macromedia.com\/pub\/shockwave\/cabs\/flash\/swflash.cab#version=6,0,40,0\"><param name=\"flashvars\" value=\"offsite=true&amp;lang=es-us&amp;page_show_url=%2Fphotos%2F76027493%40N06%2Fsets%2F72157640691622685%2Fshow%2Fwith%2F12393448424%2F&amp;page_show_back_url=%2Fphotos%2F76027493%40N06%2Fsets%2F72157640691622685%2Fwith%2F12393448424%2F&amp;set_id=72157640691622685&amp;jump_to=12393448424\" \/><param name=\"allowFullScreen\" value=\"true\" \/><param name=\"src\" value=\"http:\/\/www.flickr.com\/apps\/slideshow\/show.swf?v=140556\" \/><param name=\"allowfullscreen\" value=\"true\" \/><embed width=\"525\" height=\"350\" type=\"application\/x-shockwave-flash\" src=\"http:\/\/www.flickr.com\/apps\/slideshow\/show.swf?v=140556\" flashvars=\"offsite=true&amp;lang=es-us&amp;page_show_url=%2Fphotos%2F76027493%40N06%2Fsets%2F72157640691622685%2Fshow%2Fwith%2F12393448424%2F&amp;page_show_back_url=%2Fphotos%2F76027493%40N06%2Fsets%2F72157640691622685%2Fwith%2F12393448424%2F&amp;set_id=72157640691622685&amp;jump_to=12393448424\" allowfullscreen=\"allowfullscreen\" allowfullscreen=\"allowfullscreen\" \/><\/object><\/center><\/p>\n<p style=\"text-align: left;\"><a href=\"https:\/\/cpsanguesa.educacion.navarra.es\/blogs\/wp-content\/uploads\/2014\/02\/Blog-Principal_Titles_Galer\u00eda_13-14-D\u00eda-de-la-Paz.jpg\"><img loading=\"lazy\" class=\"aligncenter size-large wp-image-957\" src=\"https:\/\/cpsanguesa.educacion.navarra.es\/blogs\/wp-content\/uploads\/2014\/02\/Blog-Principal_Titles_Galer\u00eda_13-14-D\u00eda-de-la-Paz-1024x89.jpg\" alt=\"Blog Principal_Titles_Galer\u00eda_13-14 D\u00eda de la Paz\" width=\"695\" height=\"60\" srcset=\"https:\/\/cpsanguesa.educacion.navarra.es\/blogs\/wp-content\/uploads\/2014\/02\/Blog-Principal_Titles_Galer\u00eda_13-14-D\u00eda-de-la-Paz-1024x89.jpg 1024w, https:\/\/cpsanguesa.educacion.navarra.es\/blogs\/wp-content\/uploads\/2014\/02\/Blog-Principal_Titles_Galer\u00eda_13-14-D\u00eda-de-la-Paz-300x26.jpg 300w, https:\/\/cpsanguesa.educacion.navarra.es\/blogs\/wp-content\/uploads\/2014\/02\/Blog-Principal_Titles_Galer\u00eda_13-14-D\u00eda-de-la-Paz.jpg 1476w\" sizes=\"(max-width: 695px) 100vw, 695px\" \/><\/a><\/p>\n<p><center><object width=\"525\" height=\"350\" classid=\"clsid:d27cdb6e-ae6d-11cf-96b8-444553540000\" codebase=\"http:\/\/download.macromedia.com\/pub\/shockwave\/cabs\/flash\/swflash.cab#version=6,0,40,0\"><param name=\"flashvars\" value=\"offsite=true&amp;lang=es-us&amp;page_show_url=%2Fphotos%2F76027493%40N06%2Fsets%2F72157640688859934%2Fshow%2Fwith%2F12390573744%2F&amp;page_show_back_url=%2Fphotos%2F76027493%40N06%2Fsets%2F72157640688859934%2Fwith%2F12390573744%2F&amp;set_id=72157640688859934&amp;jump_to=12390573744\" \/><param name=\"allowFullScreen\" value=\"true\" \/><param name=\"src\" value=\"http:\/\/www.flickr.com\/apps\/slideshow\/show.swf?v=140556\" \/><param name=\"allowfullscreen\" value=\"true\" \/><embed width=\"525\" height=\"350\" type=\"application\/x-shockwave-flash\" src=\"http:\/\/www.flickr.com\/apps\/slideshow\/show.swf?v=140556\" flashvars=\"offsite=true&amp;lang=es-us&amp;page_show_url=%2Fphotos%2F76027493%40N06%2Fsets%2F72157640688859934%2Fshow%2Fwith%2F12390573744%2F&amp;page_show_back_url=%2Fphotos%2F76027493%40N06%2Fsets%2F72157640688859934%2Fwith%2F12390573744%2F&amp;set_id=72157640688859934&amp;jump_to=12390573744\" allowfullscreen=\"allowfullscreen\" allowfullscreen=\"allowfullscreen\" \/><\/object><\/center><img loading=\"lazy\" class=\"size-large wp-image-948 aligncenter\" src=\"https:\/\/cpsanguesa.educacion.navarra.es\/blogs\/wp-content\/uploads\/2014\/02\/Blog-Principal_Titles_Galer\u00eda_13-14-Taller-del-Agua-1024x69.jpg\" alt=\"Blog Principal_Titles_Galer\u00eda_13-14 Taller del Agua\" width=\"695\" height=\"46\" srcset=\"https:\/\/cpsanguesa.educacion.navarra.es\/blogs\/wp-content\/uploads\/2014\/02\/Blog-Principal_Titles_Galer\u00eda_13-14-Taller-del-Agua-1024x69.jpg 1024w, https:\/\/cpsanguesa.educacion.navarra.es\/blogs\/wp-content\/uploads\/2014\/02\/Blog-Principal_Titles_Galer\u00eda_13-14-Taller-del-Agua-300x20.jpg 300w, https:\/\/cpsanguesa.educacion.navarra.es\/blogs\/wp-content\/uploads\/2014\/02\/Blog-Principal_Titles_Galer\u00eda_13-14-Taller-del-Agua.jpg 1890w\" sizes=\"(max-width: 695px) 100vw, 695px\" \/><\/p>\n<p><center><object width=\"525\" height=\"350\" classid=\"clsid:d27cdb6e-ae6d-11cf-96b8-444553540000\" codebase=\"http:\/\/download.macromedia.com\/pub\/shockwave\/cabs\/flash\/swflash.cab#version=6,0,40,0\"><param name=\"flashvars\" value=\"offsite=true&amp;lang=es-us&amp;page_show_url=%2Fphotos%2F76027493%40N06%2Fsets%2F72157640476368873%2Fshow%2Fwith%2F12294793474%2F&amp;page_show_back_url=%2Fphotos%2F76027493%40N06%2Fsets%2F72157640476368873%2Fwith%2F12294793474%2F&amp;set_id=72157640476368873&amp;jump_to=12294793474\" \/><param name=\"allowFullScreen\" value=\"true\" \/><param name=\"src\" value=\"http:\/\/www.flickr.com\/apps\/slideshow\/show.swf?v=138195\" \/><param name=\"allowfullscreen\" value=\"true\" \/><embed width=\"525\" height=\"350\" type=\"application\/x-shockwave-flash\" src=\"http:\/\/www.flickr.com\/apps\/slideshow\/show.swf?v=138195\" flashvars=\"offsite=true&amp;lang=es-us&amp;page_show_url=%2Fphotos%2F76027493%40N06%2Fsets%2F72157640476368873%2Fshow%2Fwith%2F12294793474%2F&amp;page_show_back_url=%2Fphotos%2F76027493%40N06%2Fsets%2F72157640476368873%2Fwith%2F12294793474%2F&amp;set_id=72157640476368873&amp;jump_to=12294793474\" allowfullscreen=\"allowfullscreen\" allowfullscreen=\"allowfullscreen\" \/><\/object><\/center><br \/>\n<a href=\"https:\/\/cpsanguesa.educacion.navarra.es\/blogs\/wp-content\/uploads\/2014\/02\/Blog-Principal_Titles_Galer\u00eda_13-14-Fiesta-de-Navidad.jpg\"><img loading=\"lazy\" class=\"aligncenter size-large wp-image-956\" src=\"https:\/\/cpsanguesa.educacion.navarra.es\/blogs\/wp-content\/uploads\/2014\/02\/Blog-Principal_Titles_Galer\u00eda_13-14-Fiesta-de-Navidad-1024x74.jpg\" alt=\"Blog Principal_Titles_Galer\u00eda_13-14 Fiesta de Navidad\" width=\"695\" height=\"50\" srcset=\"https:\/\/cpsanguesa.educacion.navarra.es\/blogs\/wp-content\/uploads\/2014\/02\/Blog-Principal_Titles_Galer\u00eda_13-14-Fiesta-de-Navidad-1024x74.jpg 1024w, https:\/\/cpsanguesa.educacion.navarra.es\/blogs\/wp-content\/uploads\/2014\/02\/Blog-Principal_Titles_Galer\u00eda_13-14-Fiesta-de-Navidad-300x21.jpg 300w, https:\/\/cpsanguesa.educacion.navarra.es\/blogs\/wp-content\/uploads\/2014\/02\/Blog-Principal_Titles_Galer\u00eda_13-14-Fiesta-de-Navidad.jpg 1772w\" sizes=\"(max-width: 695px) 100vw, 695px\" \/><\/a><\/p>\n<p><center><object width=\"525\" height=\"350\" classid=\"clsid:d27cdb6e-ae6d-11cf-96b8-444553540000\" codebase=\"http:\/\/download.macromedia.com\/pub\/shockwave\/cabs\/flash\/swflash.cab#version=6,0,40,0\"><param name=\"flashvars\" value=\"offsite=true&amp;lang=es-us&amp;page_show_url=%2Fphotos%2F76027493%40N06%2Fsets%2F72157640670943473%2Fshow%2Fwith%2F12382149613%2F&amp;page_show_back_url=%2Fphotos%2F76027493%40N06%2Fsets%2F72157640670943473%2Fwith%2F12382149613%2F&amp;set_id=72157640670943473&amp;jump_to=12382149613\" \/><param name=\"allowFullScreen\" value=\"true\" \/><param name=\"src\" value=\"http:\/\/www.flickr.com\/apps\/slideshow\/show.swf?v=140556\" \/><param name=\"allowfullscreen\" value=\"true\" \/><embed width=\"525\" height=\"350\" type=\"application\/x-shockwave-flash\" src=\"http:\/\/www.flickr.com\/apps\/slideshow\/show.swf?v=140556\" flashvars=\"offsite=true&amp;lang=es-us&amp;page_show_url=%2Fphotos%2F76027493%40N06%2Fsets%2F72157640670943473%2Fshow%2Fwith%2F12382149613%2F&amp;page_show_back_url=%2Fphotos%2F76027493%40N06%2Fsets%2F72157640670943473%2Fwith%2F12382149613%2F&amp;set_id=72157640670943473&amp;jump_to=12382149613\" allowfullscreen=\"allowfullscreen\" allowfullscreen=\"allowfullscreen\" \/><\/object><\/center><\/p>\n","protected":false},"excerpt":{"rendered":"<p>Fotograf\u00edas realizadas por Roberto Elizalde. Licencia Creative Commons Instrucciones para descargar las fotograf\u00edas. Para ver las presentaciones de fotos recomendamos el siguiente procedimiento: Hacer clic en el icono de reproducci\u00f3n en el centro de la imagen. Hacer clic en el icono de pantalla completa Para que pasen las diapositivas autom\u00e1ticamente, no mover el rat\u00f3n. Si [&hellip;]<\/p>\n","protected":false},"author":1,"featured_media":0,"parent":13,"menu_order":3,"comment_status":"open","ping_status":"closed","template":"","meta":{"_editorskit_title_hidden":false,"_editorskit_reading_time":0,"_editorskit_is_block_options_detached":false,"_editorskit_block_options_position":"{}","_genesis_hide_title":false,"_genesis_hide_breadcrumbs":false,"_genesis_hide_singular_image":false,"_genesis_hide_footer_widgets":false,"_genesis_custom_body_class":"","_genesis_custom_post_class":"","_genesis_layout":"","ngg_post_thumbnail":0},"_links":{"self":[{"href":"https:\/\/cpsanguesa.educacion.navarra.es\/blogs\/wp-json\/wp\/v2\/pages\/946"}],"collection":[{"href":"https:\/\/cpsanguesa.educacion.navarra.es\/blogs\/wp-json\/wp\/v2\/pages"}],"about":[{"href":"https:\/\/cpsanguesa.educacion.navarra.es\/blogs\/wp-json\/wp\/v2\/types\/page"}],"author":[{"embeddable":true,"href":"https:\/\/cpsanguesa.educacion.navarra.es\/blogs\/wp-json\/wp\/v2\/users\/1"}],"replies":[{"embeddable":true,"href":"https:\/\/cpsanguesa.educacion.navarra.es\/blogs\/wp-json\/wp\/v2\/comments?post=946"}],"version-history":[{"count":0,"href":"https:\/\/cpsanguesa.educacion.navarra.es\/blogs\/wp-json\/wp\/v2\/pages\/946\/revisions"}],"up":[{"embeddable":true,"href":"https:\/\/cpsanguesa.educacion.navarra.es\/blogs\/wp-json\/wp\/v2\/pages\/13"}],"wp:attachment":[{"href":"https:\/\/cpsanguesa.educacion.navarra.es\/blogs\/wp-json\/wp\/v2\/media?parent=946"}],"curies":[{"name":"wp","href":"https:\/\/api.w.org\/{rel}","templated":true}]}}